{"id":6992,"date":"2024-08-28T19:16:48","date_gmt":"2024-08-28T19:16:48","guid":{"rendered":"https:\/\/www.intiworld.com\/?post_type=product&#038;p=6992"},"modified":"2024-09-17T23:17:00","modified_gmt":"2024-09-17T23:17:00","slug":"pebetero-de-piedra-obsidiana-negra","status":"publish","type":"product","link":"https:\/\/www.intiworld.com\/?product=pebetero-de-piedra-obsidiana-negra","title":{"rendered":"Pebetero de piedra obsidiana negra"},"content":{"rendered":"","protected":false},"excerpt":{"rendered":"<p><strong>Mineral:\u00a0<\/strong>Obsidiana.<br \/>\n<strong>Composici\u00f3n:\u00a0<\/strong>70\u201375\u00a0% SiO<sub>2<\/sub>, plus MgO, Fe<sub>3<\/sub>O<sub>4.<br \/>\n<\/sub><strong>Grupo:<\/strong>\u00a0roca \u00edgnea\u2014volc\u00e1nica (vidrio volc\u00e1nico).<br \/>\n<strong>Dureza:\u00a0<\/strong>5 \u2013 6 Escala Mhos.<strong><br \/>\nPropiedades Espirituales<\/strong>: La\u00a0<strong>obsidiana<\/strong>\u00a0se considera una potente piedra de crecimiento personal y transformaci\u00f3n. Como piedra negra es usada para la protecci\u00f3n, la limpieza y la purificaci\u00f3n. Est\u00e1 relacionada con el 1\u00ba chakra, con la madre tierra, y representa la integraci\u00f3n de la luz en el mundo terrenal, de manera consciente y din\u00e1mica.<\/p>\n<p><strong>Tipo<\/strong>: <strong>Pebetero<\/strong> \u200b,\u200b es un objeto similar al incensario\u200b o al timiaterio con funciones de recipiente y de hornillo o l\u00e1mpara, usado para quemar sustancias arom\u00e1ticas, como el incienso, en los sahumerios ceremoniales.\u200b Tambi\u00e9n se denominan as\u00ed los recipientes para uso ceremonial religioso, simb\u00f3lico o deportivo.\u200b\u200b<br \/>\n<strong>Forma de venta<\/strong>: Por Pieza.<br \/>\n<strong>Forma de entrega<\/strong>: En tienda o Envio por paqueter\u00eda.<\/p>\n<p><strong>Nota<\/strong>: Este art\u00edculo esta elaborado en nuestro taller y las medidas entre las piezas puede variar un poco, para cualquier duda favor de mandar mensaje de whats app o por correo electr\u00f3nico.<\/p>\n","protected":false},"featured_media":6995,"comment_status":"open","ping_status":"closed","template":"","meta":[],"product_brand":[],"product_cat":[241],"product_tag":[],"class_list":{"0":"post-6992","1":"product","2":"type-product","3":"status-publish","4":"has-post-thumbnail","6":"product_cat-pebeteros-de-piedra","8":"first","9":"instock","10":"taxable","11":"shipping-taxable","12":"product-type-simple"},"_links":{"self":[{"href":"https:\/\/www.intiworld.com\/index.php?rest_route=\/wp\/v2\/product\/6992","targetHints":{"allow":["GET"]}}],"collection":[{"href":"https:\/\/www.intiworld.com\/index.php?rest_route=\/wp\/v2\/product"}],"about":[{"href":"https:\/\/www.intiworld.com\/index.php?rest_route=\/wp\/v2\/types\/product"}],"replies":[{"embeddable":true,"href":"https:\/\/www.intiworld.com\/index.php?rest_route=%2Fwp%2Fv2%2Fcomments&post=6992"}],"version-history":[{"count":2,"href":"https:\/\/www.intiworld.com\/index.php?rest_route=\/wp\/v2\/product\/6992\/revisions"}],"predecessor-version":[{"id":7729,"href":"https:\/\/www.intiworld.com\/index.php?rest_route=\/wp\/v2\/product\/6992\/revisions\/7729"}],"wp:featuredmedia":[{"embeddable":true,"href":"https:\/\/www.intiworld.com\/index.php?rest_route=\/wp\/v2\/media\/6995"}],"wp:attachment":[{"href":"https:\/\/www.intiworld.com\/index.php?rest_route=%2Fwp%2Fv2%2Fmedia&parent=6992"}],"wp:term":[{"taxonomy":"product_brand","embeddable":true,"href":"https:\/\/www.intiworld.com\/index.php?rest_route=%2Fwp%2Fv2%2Fproduct_brand&post=6992"},{"taxonomy":"product_cat","embeddable":true,"href":"https:\/\/www.intiworld.com\/index.php?rest_route=%2Fwp%2Fv2%2Fproduct_cat&post=6992"},{"taxonomy":"product_tag","embeddable":true,"href":"https:\/\/www.intiworld.com\/index.php?rest_route=%2Fwp%2Fv2%2Fproduct_tag&post=6992"}],"curies":[{"name":"wp","href":"https:\/\/api.w.org\/{rel}","templated":true}]}}