{"id":6983,"date":"2024-08-28T18:43:19","date_gmt":"2024-08-28T18:43:19","guid":{"rendered":"https:\/\/www.intiworld.com\/?post_type=product&#038;p=6983"},"modified":"2024-09-18T18:16:51","modified_gmt":"2024-09-18T18:16:51","slug":"gua-sha-de-piedra-sodalita","status":"publish","type":"product","link":"https:\/\/www.intiworld.com\/?product=gua-sha-de-piedra-sodalita","title":{"rendered":"Gua Sha de piedra sodalita"},"content":{"rendered":"","protected":false},"excerpt":{"rendered":"<p><strong>Mineral:\u00a0<\/strong>Sodalita.<br \/>\n<strong>Composici\u00f3n:<\/strong>Na<sub>4<\/sub>Al<sub>3<\/sub>Si<sub>3<\/sub>O<sub>12<\/sub>Cl.<sub><br \/>\n<\/sub><strong>Grupo:\u00a0<\/strong>Silicatos \u2013 tectosilicatos.<br \/>\n<strong>Dureza:\u00a0<\/strong>5.5 \u2013 6 Escala Mhos.<strong><br \/>\nPropiedades Espirituales<\/strong>: La\u00a0<strong>sodalita<\/strong>\u00a0aporta claridad mental y ayuda a la comprensi\u00f3n y liberaci\u00f3n de antiguos patrones mentales. Potencia el autoestima y la confianza en uno mismo. Est\u00e1 indicada para tratar la zona de la garganta, para potenciar el sistema inmunol\u00f3gico y tambi\u00e9n para limpiar la poluci\u00f3n electromagn\u00e9tica.<\/p>\n<p><strong>Tipo<\/strong>: Gua Sha.<br \/>\n<strong>Beneficio<\/strong>: Su funci\u00f3n es la de favorecer el\u00a0<strong>drenaje linf\u00e1tico<\/strong>, y estimular la circulaci\u00f3n del m\u00fasculo. Bien utilizadas, estas herramientas\u00a0<strong>movilizan la linfa\u00a0<\/strong>y, por lo tanto,\u00a0<strong>disminuyen los vol\u00famenes e inflamaciones<\/strong>, ayudan a\u00a0<strong>eliminar toxinas acumuladas<\/strong>, mejorar la\u00a0<strong>microcirculaci\u00f3n\u00a0<\/strong>y, en general, el aspecto de la piel.<br \/>\n<strong>Forma de venta<\/strong>: Por Pieza.<br \/>\n<strong>Forma de entrega<\/strong>: En tienda o Envio por paqueter\u00eda.<\/p>\n<p><strong>Nota<\/strong>: Este art\u00edculo esta elaborado en nuestro taller y las medidas entre las piezas puede variar un poco, para cualquier duda favor de mandar mensaje de whats app o por correo electr\u00f3nico.<\/p>\n","protected":false},"featured_media":6969,"comment_status":"open","ping_status":"closed","template":"","meta":[],"product_brand":[],"product_cat":[240],"product_tag":[],"class_list":{"0":"post-6983","1":"product","2":"type-product","3":"status-publish","4":"has-post-thumbnail","6":"product_cat-gua-sha-facial-de-piedra","8":"first","9":"instock","10":"taxable","11":"shipping-taxable","12":"product-type-simple"},"_links":{"self":[{"href":"https:\/\/www.intiworld.com\/index.php?rest_route=\/wp\/v2\/product\/6983","targetHints":{"allow":["GET"]}}],"collection":[{"href":"https:\/\/www.intiworld.com\/index.php?rest_route=\/wp\/v2\/product"}],"about":[{"href":"https:\/\/www.intiworld.com\/index.php?rest_route=\/wp\/v2\/types\/product"}],"replies":[{"embeddable":true,"href":"https:\/\/www.intiworld.com\/index.php?rest_route=%2Fwp%2Fv2%2Fcomments&post=6983"}],"version-history":[{"count":2,"href":"https:\/\/www.intiworld.com\/index.php?rest_route=\/wp\/v2\/product\/6983\/revisions"}],"predecessor-version":[{"id":7734,"href":"https:\/\/www.intiworld.com\/index.php?rest_route=\/wp\/v2\/product\/6983\/revisions\/7734"}],"wp:featuredmedia":[{"embeddable":true,"href":"https:\/\/www.intiworld.com\/index.php?rest_route=\/wp\/v2\/media\/6969"}],"wp:attachment":[{"href":"https:\/\/www.intiworld.com\/index.php?rest_route=%2Fwp%2Fv2%2Fmedia&parent=6983"}],"wp:term":[{"taxonomy":"product_brand","embeddable":true,"href":"https:\/\/www.intiworld.com\/index.php?rest_route=%2Fwp%2Fv2%2Fproduct_brand&post=6983"},{"taxonomy":"product_cat","embeddable":true,"href":"https:\/\/www.intiworld.com\/index.php?rest_route=%2Fwp%2Fv2%2Fproduct_cat&post=6983"},{"taxonomy":"product_tag","embeddable":true,"href":"https:\/\/www.intiworld.com\/index.php?rest_route=%2Fwp%2Fv2%2Fproduct_tag&post=6983"}],"curies":[{"name":"wp","href":"https:\/\/api.w.org\/{rel}","templated":true}]}}