{"id":6981,"date":"2024-08-28T18:35:31","date_gmt":"2024-08-28T18:35:31","guid":{"rendered":"https:\/\/www.intiworld.com\/?post_type=product&#038;p=6981"},"modified":"2024-09-18T18:21:15","modified_gmt":"2024-09-18T18:21:15","slug":"gua-sha-de-piedra-calcita-naranja","status":"publish","type":"product","link":"https:\/\/www.intiworld.com\/?product=gua-sha-de-piedra-calcita-naranja","title":{"rendered":"Gua Sha de piedra calcita naranja"},"content":{"rendered":"","protected":false},"excerpt":{"rendered":"<p><strong>Mineral:\u00a0<\/strong>Calcita Naranja.<br \/>\n<strong>Composici\u00f3n:<\/strong>CaCO<sub>3.<\/sub><strong><br \/>\nGrupo:\u00a0<\/strong>Carbonatos.<strong><br \/>\nDureza:\u00a0<\/strong>3 Escala Mhos.<strong><br \/>\nPropiedades Espirituales<\/strong>: La\u00a0<strong>calcita<\/strong>\u00a0se considera un mineral dinamizante y limpiador de las energ\u00edas. Se dice que abre la percepci\u00f3n y la intuici\u00f3n, facilitando la apertura de la conciencia y de las capacidades ps\u00edquicas. Relaja la mente y favorece la confianza en uno mismo. A nivel curativo se dice que fortalece el sistema inmunitario, los huesos y articulaciones, y ayuda a curar las heridas y afecciones de la piel. La\u00a0<strong>calcita<\/strong>\u00a0se presenta en m\u00faltiples colores, cada color suele utilizarse en el chakra que le corresponde.<\/p>\n<p><strong>Tipo<\/strong>: Gua Sha.<br \/>\n<strong>Beneficio<\/strong>: Su funci\u00f3n es la de favorecer el\u00a0<strong>drenaje linf\u00e1tico<\/strong>, y estimular la circulaci\u00f3n del m\u00fasculo. Bien utilizadas, estas herramientas\u00a0<strong>movilizan la linfa\u00a0<\/strong>y, por lo tanto,\u00a0<strong>disminuyen los vol\u00famenes e inflamaciones<\/strong>, ayudan a\u00a0<strong>eliminar toxinas acumuladas<\/strong>, mejorar la\u00a0<strong>microcirculaci\u00f3n\u00a0<\/strong>y, en general, el aspecto de la piel.<br \/>\n<strong>Forma de venta<\/strong>: Por Pieza.<br \/>\n<strong>Forma de entrega<\/strong>: En tienda o Envio por paqueter\u00eda.<\/p>\n<p><strong>Nota<\/strong>: Este art\u00edculo esta elaborado en nuestro taller y las medidas entre las piezas puede variar un poco, para cualquier duda favor de mandar mensaje de whats app o por correo electr\u00f3nico.<\/p>\n","protected":false},"featured_media":6955,"comment_status":"open","ping_status":"closed","template":"","meta":[],"product_brand":[],"product_cat":[240],"product_tag":[],"class_list":{"0":"post-6981","1":"product","2":"type-product","3":"status-publish","4":"has-post-thumbnail","6":"product_cat-gua-sha-facial-de-piedra","8":"first","9":"instock","10":"taxable","11":"shipping-taxable","12":"product-type-simple"},"_links":{"self":[{"href":"https:\/\/www.intiworld.com\/index.php?rest_route=\/wp\/v2\/product\/6981","targetHints":{"allow":["GET"]}}],"collection":[{"href":"https:\/\/www.intiworld.com\/index.php?rest_route=\/wp\/v2\/product"}],"about":[{"href":"https:\/\/www.intiworld.com\/index.php?rest_route=\/wp\/v2\/types\/product"}],"replies":[{"embeddable":true,"href":"https:\/\/www.intiworld.com\/index.php?rest_route=%2Fwp%2Fv2%2Fcomments&post=6981"}],"version-history":[{"count":2,"href":"https:\/\/www.intiworld.com\/index.php?rest_route=\/wp\/v2\/product\/6981\/revisions"}],"predecessor-version":[{"id":7735,"href":"https:\/\/www.intiworld.com\/index.php?rest_route=\/wp\/v2\/product\/6981\/revisions\/7735"}],"wp:featuredmedia":[{"embeddable":true,"href":"https:\/\/www.intiworld.com\/index.php?rest_route=\/wp\/v2\/media\/6955"}],"wp:attachment":[{"href":"https:\/\/www.intiworld.com\/index.php?rest_route=%2Fwp%2Fv2%2Fmedia&parent=6981"}],"wp:term":[{"taxonomy":"product_brand","embeddable":true,"href":"https:\/\/www.intiworld.com\/index.php?rest_route=%2Fwp%2Fv2%2Fproduct_brand&post=6981"},{"taxonomy":"product_cat","embeddable":true,"href":"https:\/\/www.intiworld.com\/index.php?rest_route=%2Fwp%2Fv2%2Fproduct_cat&post=6981"},{"taxonomy":"product_tag","embeddable":true,"href":"https:\/\/www.intiworld.com\/index.php?rest_route=%2Fwp%2Fv2%2Fproduct_tag&post=6981"}],"curies":[{"name":"wp","href":"https:\/\/api.w.org\/{rel}","templated":true}]}}