{"id":6951,"date":"2024-08-26T23:55:29","date_gmt":"2024-08-26T23:55:29","guid":{"rendered":"https:\/\/www.intiworld.com\/?post_type=product&#038;p=6951"},"modified":"2024-09-18T18:36:27","modified_gmt":"2024-09-18T18:36:27","slug":"gua-sha-de-piedra-obsidiana-negra","status":"publish","type":"product","link":"https:\/\/www.intiworld.com\/?product=gua-sha-de-piedra-obsidiana-negra","title":{"rendered":"Gua Sha de piedra obsidiana negra"},"content":{"rendered":"","protected":false},"excerpt":{"rendered":"<p><strong>Mineral:\u00a0<\/strong>Obsidiana.<br \/>\n<strong>Composici\u00f3n:\u00a0<\/strong>70\u201375\u00a0% SiO<sub>2<\/sub>, plus MgO, Fe<sub>3<\/sub>O<sub>4.<br \/>\n<\/sub><strong>Grupo:<\/strong>\u00a0roca \u00edgnea\u2014volc\u00e1nica (vidrio volc\u00e1nico).<br \/>\n<strong>Dureza:\u00a0<\/strong>5 \u2013 6 Escala Mhos.<strong><br \/>\nPropiedades Espirituales<\/strong>: La\u00a0<strong>obsidiana<\/strong>\u00a0se considera una potente piedra de crecimiento personal y transformaci\u00f3n. Como piedra negra es usada para la protecci\u00f3n, la limpieza y la purificaci\u00f3n. Est\u00e1 relacionada con el 1\u00ba chakra, con la madre tierra, y representa la integraci\u00f3n de la luz en el mundo terrenal, de manera consciente y din\u00e1mica.<\/p>\n<p><strong>Tipo<\/strong>: Gua Sha.<br \/>\n<strong>Beneficio<\/strong>: Su funci\u00f3n es la de favorecer el\u00a0<strong>drenaje linf\u00e1tico<\/strong>, y estimular la circulaci\u00f3n del m\u00fasculo. Bien utilizadas, estas herramientas\u00a0<strong>movilizan la linfa\u00a0<\/strong>y, por lo tanto,\u00a0<strong>disminuyen los vol\u00famenes e inflamaciones<\/strong>, ayudan a\u00a0<strong>eliminar toxinas acumuladas<\/strong>, mejorar la\u00a0<strong>microcirculaci\u00f3n\u00a0<\/strong>y, en general, el aspecto de la piel.<br \/>\n<strong>Forma de venta<\/strong>: Por Pieza.<br \/>\n<strong>Forma de entrega<\/strong>: En tienda o Envio por paqueter\u00eda.<\/p>\n<p><strong>Nota<\/strong>: Este art\u00edculo esta elaborado en nuestro taller y las medidas entre las piezas puede variar un poco, para cualquier duda favor de mandar mensaje de whats app o por correo electr\u00f3nico.<\/p>\n","protected":false},"featured_media":6960,"comment_status":"open","ping_status":"closed","template":"","meta":[],"product_brand":[],"product_cat":[240],"product_tag":[],"class_list":{"0":"post-6951","1":"product","2":"type-product","3":"status-publish","4":"has-post-thumbnail","6":"product_cat-gua-sha-facial-de-piedra","8":"first","9":"instock","10":"taxable","11":"shipping-taxable","12":"product-type-simple"},"_links":{"self":[{"href":"https:\/\/www.intiworld.com\/index.php?rest_route=\/wp\/v2\/product\/6951","targetHints":{"allow":["GET"]}}],"collection":[{"href":"https:\/\/www.intiworld.com\/index.php?rest_route=\/wp\/v2\/product"}],"about":[{"href":"https:\/\/www.intiworld.com\/index.php?rest_route=\/wp\/v2\/types\/product"}],"replies":[{"embeddable":true,"href":"https:\/\/www.intiworld.com\/index.php?rest_route=%2Fwp%2Fv2%2Fcomments&post=6951"}],"version-history":[{"count":3,"href":"https:\/\/www.intiworld.com\/index.php?rest_route=\/wp\/v2\/product\/6951\/revisions"}],"predecessor-version":[{"id":7740,"href":"https:\/\/www.intiworld.com\/index.php?rest_route=\/wp\/v2\/product\/6951\/revisions\/7740"}],"wp:featuredmedia":[{"embeddable":true,"href":"https:\/\/www.intiworld.com\/index.php?rest_route=\/wp\/v2\/media\/6960"}],"wp:attachment":[{"href":"https:\/\/www.intiworld.com\/index.php?rest_route=%2Fwp%2Fv2%2Fmedia&parent=6951"}],"wp:term":[{"taxonomy":"product_brand","embeddable":true,"href":"https:\/\/www.intiworld.com\/index.php?rest_route=%2Fwp%2Fv2%2Fproduct_brand&post=6951"},{"taxonomy":"product_cat","embeddable":true,"href":"https:\/\/www.intiworld.com\/index.php?rest_route=%2Fwp%2Fv2%2Fproduct_cat&post=6951"},{"taxonomy":"product_tag","embeddable":true,"href":"https:\/\/www.intiworld.com\/index.php?rest_route=%2Fwp%2Fv2%2Fproduct_tag&post=6951"}],"curies":[{"name":"wp","href":"https:\/\/api.w.org\/{rel}","templated":true}]}}