{"id":6890,"date":"2024-08-22T20:46:46","date_gmt":"2024-08-22T20:46:46","guid":{"rendered":"https:\/\/www.intiworld.com\/?post_type=product&#038;p=6890"},"modified":"2024-09-20T22:51:02","modified_gmt":"2024-09-20T22:51:02","slug":"cuarzo-rutilado-calidad-premium-2-1cm-a-2cm","status":"publish","type":"product","link":"https:\/\/www.intiworld.com\/?product=cuarzo-rutilado-calidad-premium-2-1cm-a-2cm","title":{"rendered":"Cuarzo rutilado calidad premium #2 | 1.5cm a 2.5cm"},"content":{"rendered":"","protected":false},"excerpt":{"rendered":"<p><strong>Mineral:\u00a0<\/strong>Cuarzo Rutilado.<br \/>\n<strong>Composici\u00f3n:\u00a0<\/strong>SiO<sub>2.<\/sub><strong><br \/>\nGrupo:\u00a0<\/strong>Silicatos \u2013 tectosilicatos.<strong><br \/>\nDureza: 7<\/strong>\u00a0Escala Mhos.<strong><br \/>\nPropiedades Espirituales<\/strong>: El\u00a0<strong>cuarzo rutilado<\/strong>\u00a0es una piedra asociada a la vitalidad y a la luz. Simboliza la energ\u00eda nutridora del sol. Se recomienda en las meditaciones y para limpiar y energizar el aura. Favorece la concentraci\u00f3n, el enfoque y la creatividad. Potencia la canalizaci\u00f3n y la conexi\u00f3n con los gu\u00edas personales y la sabidur\u00eda interior.<\/p>\n<p><strong>Tipo<\/strong>: Rolado.<br \/>\n<strong>Calidades<\/strong>: Premium.<br \/>\n<strong>Tama\u00f1o<\/strong>: 1.5 cm \u2013 2.5 cm. Aproximadamente.<br \/>\n<strong>Forma de venta<\/strong>: Por Kilo o por Gramo.<br \/>\n<strong>Forma de entrega<\/strong>: En tienda o Envio por paqueter\u00eda.<\/p>\n<p>Cualquier duda sobre este material favor de mandar whats app o por correo.<\/p>\n","protected":false},"featured_media":6893,"comment_status":"open","ping_status":"closed","template":"","meta":[],"product_brand":[],"product_cat":[237],"product_tag":[213,215,214],"class_list":{"0":"post-6890","1":"product","2":"type-product","3":"status-publish","4":"has-post-thumbnail","6":"product_cat-piedra-rolada-calidad-premium","7":"product_tag-cuarzo-rolado","8":"product_tag-piedra-pulida","9":"product_tag-piedra-rolada","11":"first","12":"instock","13":"taxable","14":"shipping-taxable","15":"product-type-simple"},"_links":{"self":[{"href":"https:\/\/www.intiworld.com\/index.php?rest_route=\/wp\/v2\/product\/6890","targetHints":{"allow":["GET"]}}],"collection":[{"href":"https:\/\/www.intiworld.com\/index.php?rest_route=\/wp\/v2\/product"}],"about":[{"href":"https:\/\/www.intiworld.com\/index.php?rest_route=\/wp\/v2\/types\/product"}],"replies":[{"embeddable":true,"href":"https:\/\/www.intiworld.com\/index.php?rest_route=%2Fwp%2Fv2%2Fcomments&post=6890"}],"version-history":[{"count":4,"href":"https:\/\/www.intiworld.com\/index.php?rest_route=\/wp\/v2\/product\/6890\/revisions"}],"predecessor-version":[{"id":7968,"href":"https:\/\/www.intiworld.com\/index.php?rest_route=\/wp\/v2\/product\/6890\/revisions\/7968"}],"wp:featuredmedia":[{"embeddable":true,"href":"https:\/\/www.intiworld.com\/index.php?rest_route=\/wp\/v2\/media\/6893"}],"wp:attachment":[{"href":"https:\/\/www.intiworld.com\/index.php?rest_route=%2Fwp%2Fv2%2Fmedia&parent=6890"}],"wp:term":[{"taxonomy":"product_brand","embeddable":true,"href":"https:\/\/www.intiworld.com\/index.php?rest_route=%2Fwp%2Fv2%2Fproduct_brand&post=6890"},{"taxonomy":"product_cat","embeddable":true,"href":"https:\/\/www.intiworld.com\/index.php?rest_route=%2Fwp%2Fv2%2Fproduct_cat&post=6890"},{"taxonomy":"product_tag","embeddable":true,"href":"https:\/\/www.intiworld.com\/index.php?rest_route=%2Fwp%2Fv2%2Fproduct_tag&post=6890"}],"curies":[{"name":"wp","href":"https:\/\/api.w.org\/{rel}","templated":true}]}}