{"id":6870,"date":"2024-08-21T20:58:29","date_gmt":"2024-08-21T20:58:29","guid":{"rendered":"https:\/\/www.intiworld.com\/?post_type=product&#038;p=6870"},"modified":"2024-09-18T19:31:51","modified_gmt":"2024-09-18T19:31:51","slug":"mini-geoda-de-agata","status":"publish","type":"product","link":"https:\/\/www.intiworld.com\/?product=mini-geoda-de-agata","title":{"rendered":"Mini geoda de \u00e1gata"},"content":{"rendered":"","protected":false},"excerpt":{"rendered":"<p><strong>Mineral:\u00a0<\/strong>\u00c1gata.<br \/>\n<strong>Composici\u00f3n:\u00a0<\/strong>SiO2.<strong><br \/>\nGrupo:\u00a0<\/strong>Calcedonias.<strong><br \/>\nDureza:\u00a0<\/strong>7 Escala Mhos.<strong><br \/>\nPropiedades Espirituales<\/strong>: El\u00a0<strong>\u00e1gata<\/strong> se considera una piedra de energ\u00eda suave, conocida por aportar armon\u00eda y equilibrio. Fomenta la autoconfianza y la concentraci\u00f3n y favorece el crecimiento espiritual, el amor y el coraje. El\u00a0<strong>\u00e1gata<\/strong>\u00a0es ligeramente protectora cuando es oscura.<\/p>\n<p><strong>Tipo<\/strong>: En Bruto | Mini Geoda.<br \/>\n<strong>Tama\u00f1o<\/strong>: 1.5 cm &#8211; 3.5 cm.<br \/>\n<strong>Peso<\/strong>: 9 Gr a 20 Gr Aproximadamente por Pieza.<br \/>\n<strong>Forma de venta<\/strong>: Por Pieza | Kilo o Gramo.<br \/>\n<strong>Forma de entrega<\/strong>: En tienda o Envio por paqueter\u00eda.<\/p>\n<p><strong>Nota<\/strong>: Este art\u00edculo esta elaborado en nuestro taller y las medidas entre las piezas puede variar un poco, para cualquier duda favor de mandar mensaje de whats app o por correo electr\u00f3nico.<\/p>\n","protected":false},"featured_media":6871,"comment_status":"open","ping_status":"closed","template":"","meta":[],"product_brand":[],"product_cat":[235],"product_tag":[230,229],"class_list":{"0":"post-6870","1":"product","2":"type-product","3":"status-publish","4":"has-post-thumbnail","6":"product_cat-mini-geodas-de-agatas","7":"product_tag-bruto","8":"product_tag-piedra","10":"first","11":"instock","12":"taxable","13":"shipping-taxable","14":"product-type-simple"},"_links":{"self":[{"href":"https:\/\/www.intiworld.com\/index.php?rest_route=\/wp\/v2\/product\/6870","targetHints":{"allow":["GET"]}}],"collection":[{"href":"https:\/\/www.intiworld.com\/index.php?rest_route=\/wp\/v2\/product"}],"about":[{"href":"https:\/\/www.intiworld.com\/index.php?rest_route=\/wp\/v2\/types\/product"}],"replies":[{"embeddable":true,"href":"https:\/\/www.intiworld.com\/index.php?rest_route=%2Fwp%2Fv2%2Fcomments&post=6870"}],"version-history":[{"count":2,"href":"https:\/\/www.intiworld.com\/index.php?rest_route=\/wp\/v2\/product\/6870\/revisions"}],"predecessor-version":[{"id":7750,"href":"https:\/\/www.intiworld.com\/index.php?rest_route=\/wp\/v2\/product\/6870\/revisions\/7750"}],"wp:featuredmedia":[{"embeddable":true,"href":"https:\/\/www.intiworld.com\/index.php?rest_route=\/wp\/v2\/media\/6871"}],"wp:attachment":[{"href":"https:\/\/www.intiworld.com\/index.php?rest_route=%2Fwp%2Fv2%2Fmedia&parent=6870"}],"wp:term":[{"taxonomy":"product_brand","embeddable":true,"href":"https:\/\/www.intiworld.com\/index.php?rest_route=%2Fwp%2Fv2%2Fproduct_brand&post=6870"},{"taxonomy":"product_cat","embeddable":true,"href":"https:\/\/www.intiworld.com\/index.php?rest_route=%2Fwp%2Fv2%2Fproduct_cat&post=6870"},{"taxonomy":"product_tag","embeddable":true,"href":"https:\/\/www.intiworld.com\/index.php?rest_route=%2Fwp%2Fv2%2Fproduct_tag&post=6870"}],"curies":[{"name":"wp","href":"https:\/\/api.w.org\/{rel}","templated":true}]}}