{"id":6763,"date":"2024-08-20T17:58:05","date_gmt":"2024-08-20T17:58:05","guid":{"rendered":"https:\/\/www.intiworld.com\/?post_type=product&#038;p=6763"},"modified":"2024-09-18T20:06:15","modified_gmt":"2024-09-18T20:06:15","slug":"citrino-en-bruto-tipo-grava","status":"publish","type":"product","link":"https:\/\/www.intiworld.com\/?product=citrino-en-bruto-tipo-grava","title":{"rendered":"Citrino en bruto tipo grava"},"content":{"rendered":"","protected":false},"excerpt":{"rendered":"<p><strong>Mineral:<\/strong> Citrino.<br \/>\n<strong>Composici\u00f3n:\u00a0<\/strong>SiO<sub>2<\/sub><strong><br \/>\nGrupo:\u00a0<\/strong>Silicatos \u2013 tectosilicatos<strong><br \/>\nDureza: 7<\/strong>\u00a0Escala Mhos.<strong><br \/>\nPropiedades Espirituales<\/strong>: Las principales caracter\u00edsticas de la\u00a0<strong>piedra citrino<\/strong>\u00a0en\u00a0litoterapia\u00a0son la alegr\u00eda de vivir y la abundancia. Esta piedra de riqueza favorece el equilibrio de las energ\u00edas as\u00ed como la concentraci\u00f3n. Es energizante y desarrolla fuertemente la creatividad. Como tal, es una de las piedras con poca o ninguna necesidad de limpieza y recarga porque absorbe y elimina la energ\u00eda negativa. Protege su entorno y purifica a la persona que est\u00e1 en contacto con \u00e9l, ya sea a trav\u00e9s de una pulsera citrino u otra.<\/p>\n<p><strong>Tipo<\/strong>: En Bruto.<br \/>\n<strong>Tama\u00f1o<\/strong>: 1 cm &#8211; 4.5 cm.<br \/>\n<strong>Peso<\/strong>: Mixto.<br \/>\n<strong>Forma de venta<\/strong>: Por Kilo o Gramo.<br \/>\n<strong>Forma de entrega<\/strong>: En tienda o Envio por paqueter\u00eda.<\/p>\n<p>Cualquier duda sobre este material favor de mandar whats app o por correo.<\/p>\n","protected":false},"featured_media":6764,"comment_status":"open","ping_status":"closed","template":"","meta":[],"product_brand":[],"product_cat":[227],"product_tag":[230,229],"class_list":{"0":"post-6763","1":"product","2":"type-product","3":"status-publish","4":"has-post-thumbnail","6":"product_cat-piedras-en-bruto-tipo-grava","7":"product_tag-bruto","8":"product_tag-piedra","10":"first","11":"instock","12":"taxable","13":"shipping-taxable","14":"product-type-simple"},"_links":{"self":[{"href":"https:\/\/www.intiworld.com\/index.php?rest_route=\/wp\/v2\/product\/6763","targetHints":{"allow":["GET"]}}],"collection":[{"href":"https:\/\/www.intiworld.com\/index.php?rest_route=\/wp\/v2\/product"}],"about":[{"href":"https:\/\/www.intiworld.com\/index.php?rest_route=\/wp\/v2\/types\/product"}],"replies":[{"embeddable":true,"href":"https:\/\/www.intiworld.com\/index.php?rest_route=%2Fwp%2Fv2%2Fcomments&post=6763"}],"version-history":[{"count":2,"href":"https:\/\/www.intiworld.com\/index.php?rest_route=\/wp\/v2\/product\/6763\/revisions"}],"predecessor-version":[{"id":7760,"href":"https:\/\/www.intiworld.com\/index.php?rest_route=\/wp\/v2\/product\/6763\/revisions\/7760"}],"wp:featuredmedia":[{"embeddable":true,"href":"https:\/\/www.intiworld.com\/index.php?rest_route=\/wp\/v2\/media\/6764"}],"wp:attachment":[{"href":"https:\/\/www.intiworld.com\/index.php?rest_route=%2Fwp%2Fv2%2Fmedia&parent=6763"}],"wp:term":[{"taxonomy":"product_brand","embeddable":true,"href":"https:\/\/www.intiworld.com\/index.php?rest_route=%2Fwp%2Fv2%2Fproduct_brand&post=6763"},{"taxonomy":"product_cat","embeddable":true,"href":"https:\/\/www.intiworld.com\/index.php?rest_route=%2Fwp%2Fv2%2Fproduct_cat&post=6763"},{"taxonomy":"product_tag","embeddable":true,"href":"https:\/\/www.intiworld.com\/index.php?rest_route=%2Fwp%2Fv2%2Fproduct_tag&post=6763"}],"curies":[{"name":"wp","href":"https:\/\/api.w.org\/{rel}","templated":true}]}}