{"id":6743,"date":"2024-08-19T22:16:59","date_gmt":"2024-08-19T22:16:59","guid":{"rendered":"https:\/\/www.intiworld.com\/?post_type=product&#038;p=6743"},"modified":"2024-09-18T20:43:10","modified_gmt":"2024-09-18T20:43:10","slug":"mini-geoda-de-amatista-pulida-3","status":"publish","type":"product","link":"https:\/\/www.intiworld.com\/?product=mini-geoda-de-amatista-pulida-3","title":{"rendered":"Mini geoda de amatista pulida"},"content":{"rendered":"","protected":false},"excerpt":{"rendered":"<p><strong>Mineral:<\/strong>\u00a0Amatista.<br \/>\n<strong>Composici\u00f3n:\u00a0<\/strong>SiO<sub>2<\/sub><strong><br \/>\nGrupo:\u00a0<\/strong>Silicatos \u2013 tectosilicatos<strong><br \/>\nDureza: 7<\/strong>\u00a0Escala Mhos.<strong><br \/>\nPropiedades Espirituales<\/strong>: La\u00a0<strong>amatista<\/strong>\u00a0es conocida como la piedra de la armon\u00eda, la transmutaci\u00f3n y la espiritualidad. Corresponde al 6\u00ba chakra, situado en el entrecejo. Ayuda a calmar la mente y a relajarnos, propiciando de esta manera la conexi\u00f3n con nuestra intuici\u00f3n. Es por este motivo que la\u00a0<strong>amatista<\/strong>\u00a0suele ser un buen complemento para la pr\u00e1ctica de la meditaci\u00f3n, ya sea sosteniendo el mineral entre las manos, coloc\u00e1ndolo encima del entrecejo o coraz\u00f3n, o situando un cristal de amatista enfrente de nosotros.<\/p>\n<p><strong>Tipo<\/strong>: Geoda Extremos Pulidos.<br \/>\n<strong>Forma<\/strong>: Mini geoda.<br \/>\n<strong>Peso<\/strong>: .600 Kg<br \/>\n<strong>Tama\u00f1o<\/strong>: 8.5 cm ancho x 8 cm alto x 5.5 cm base.<br \/>\n<strong>Forma de venta<\/strong>: Por Kilo o por Gramo.<br \/>\n<strong>Forma de entrega<\/strong>: En tienda o Envio por paqueter\u00eda.<\/p>\n<p>Cualquier duda sobre este material favor de mandar whats app o por correo.<\/p>\n","protected":false},"featured_media":6733,"comment_status":"open","ping_status":"closed","template":"","meta":[],"product_brand":[],"product_cat":[224],"product_tag":[226,225],"class_list":{"0":"post-6743","1":"product","2":"type-product","3":"status-publish","4":"has-post-thumbnail","6":"product_cat-mini-geoda-de-amatista-pulida","7":"product_tag-amatista","8":"product_tag-esfera","10":"first","11":"instock","12":"taxable","13":"shipping-taxable","14":"product-type-simple"},"_links":{"self":[{"href":"https:\/\/www.intiworld.com\/index.php?rest_route=\/wp\/v2\/product\/6743","targetHints":{"allow":["GET"]}}],"collection":[{"href":"https:\/\/www.intiworld.com\/index.php?rest_route=\/wp\/v2\/product"}],"about":[{"href":"https:\/\/www.intiworld.com\/index.php?rest_route=\/wp\/v2\/types\/product"}],"replies":[{"embeddable":true,"href":"https:\/\/www.intiworld.com\/index.php?rest_route=%2Fwp%2Fv2%2Fcomments&post=6743"}],"version-history":[{"count":2,"href":"https:\/\/www.intiworld.com\/index.php?rest_route=\/wp\/v2\/product\/6743\/revisions"}],"predecessor-version":[{"id":7765,"href":"https:\/\/www.intiworld.com\/index.php?rest_route=\/wp\/v2\/product\/6743\/revisions\/7765"}],"wp:featuredmedia":[{"embeddable":true,"href":"https:\/\/www.intiworld.com\/index.php?rest_route=\/wp\/v2\/media\/6733"}],"wp:attachment":[{"href":"https:\/\/www.intiworld.com\/index.php?rest_route=%2Fwp%2Fv2%2Fmedia&parent=6743"}],"wp:term":[{"taxonomy":"product_brand","embeddable":true,"href":"https:\/\/www.intiworld.com\/index.php?rest_route=%2Fwp%2Fv2%2Fproduct_brand&post=6743"},{"taxonomy":"product_cat","embeddable":true,"href":"https:\/\/www.intiworld.com\/index.php?rest_route=%2Fwp%2Fv2%2Fproduct_cat&post=6743"},{"taxonomy":"product_tag","embeddable":true,"href":"https:\/\/www.intiworld.com\/index.php?rest_route=%2Fwp%2Fv2%2Fproduct_tag&post=6743"}],"curies":[{"name":"wp","href":"https:\/\/api.w.org\/{rel}","templated":true}]}}