{"id":6691,"date":"2024-08-16T21:20:47","date_gmt":"2024-08-16T21:20:47","guid":{"rendered":"https:\/\/www.intiworld.com\/?post_type=product&#038;p=6691"},"modified":"2024-09-18T21:04:37","modified_gmt":"2024-09-18T21:04:37","slug":"piedra-sangre-en-bruto-chips-de-30gr-a-50gr","status":"publish","type":"product","link":"https:\/\/www.intiworld.com\/?product=piedra-sangre-en-bruto-chips-de-30gr-a-50gr","title":{"rendered":"Piedra sangre en bruto | Chips de 30gr a 50gr"},"content":{"rendered":"","protected":false},"excerpt":{"rendered":"<p><strong>Mineral:<\/strong> Piedra Sangre.<br \/>\n<strong>Composici\u00f3n:\u00a0<\/strong>SiO<sub>2.<\/sub><strong><br \/>\nGrupo: <\/strong>Microcristalino.<strong><br \/>\nDureza: <\/strong>6.5 &#8211;<strong> 7<\/strong>\u00a0Escala Mhos.<strong><br \/>\nPropiedades Espirituales<\/strong>: Atrae la buena fortuna y la abundancia al mismo tiempo que equilibra y alinea las energ\u00edas. Purifica y revitaliza cuerpo y esp\u00edritu y es beneficioso para el desarrollo de la intuici\u00f3n y la creatividad as\u00ed como para la toma de buenas decisiones cuando estas son complicadas en los momentos de conflictos o de peligro.<\/p>\n<p><strong>Tipo<\/strong>: En bruto.<br \/>\n<strong>Tama\u00f1o<\/strong>: 2.5 cm a 4 cm.<br \/>\n<strong>Peso<\/strong>: 30 gr a 50 gr<br \/>\n<strong>Forma de venta<\/strong>: Por Kilo o Por Gramo.<br \/>\n<strong>Forma de entrega<\/strong>: En tienda o Paqueter\u00eda.<\/p>\n<p>Cualquier duda sobre este material favor de mandar whats app o por correo.<\/p>\n","protected":false},"featured_media":6650,"comment_status":"open","ping_status":"closed","template":"","meta":[],"product_brand":[],"product_cat":[216],"product_tag":[],"class_list":{"0":"post-6691","1":"product","2":"type-product","3":"status-publish","4":"has-post-thumbnail","6":"product_cat-chips-de-piedras-en-bruto","8":"first","9":"instock","10":"taxable","11":"shipping-taxable","12":"product-type-simple"},"_links":{"self":[{"href":"https:\/\/www.intiworld.com\/index.php?rest_route=\/wp\/v2\/product\/6691","targetHints":{"allow":["GET"]}}],"collection":[{"href":"https:\/\/www.intiworld.com\/index.php?rest_route=\/wp\/v2\/product"}],"about":[{"href":"https:\/\/www.intiworld.com\/index.php?rest_route=\/wp\/v2\/types\/product"}],"replies":[{"embeddable":true,"href":"https:\/\/www.intiworld.com\/index.php?rest_route=%2Fwp%2Fv2%2Fcomments&post=6691"}],"version-history":[{"count":2,"href":"https:\/\/www.intiworld.com\/index.php?rest_route=\/wp\/v2\/product\/6691\/revisions"}],"predecessor-version":[{"id":7771,"href":"https:\/\/www.intiworld.com\/index.php?rest_route=\/wp\/v2\/product\/6691\/revisions\/7771"}],"wp:featuredmedia":[{"embeddable":true,"href":"https:\/\/www.intiworld.com\/index.php?rest_route=\/wp\/v2\/media\/6650"}],"wp:attachment":[{"href":"https:\/\/www.intiworld.com\/index.php?rest_route=%2Fwp%2Fv2%2Fmedia&parent=6691"}],"wp:term":[{"taxonomy":"product_brand","embeddable":true,"href":"https:\/\/www.intiworld.com\/index.php?rest_route=%2Fwp%2Fv2%2Fproduct_brand&post=6691"},{"taxonomy":"product_cat","embeddable":true,"href":"https:\/\/www.intiworld.com\/index.php?rest_route=%2Fwp%2Fv2%2Fproduct_cat&post=6691"},{"taxonomy":"product_tag","embeddable":true,"href":"https:\/\/www.intiworld.com\/index.php?rest_route=%2Fwp%2Fv2%2Fproduct_tag&post=6691"}],"curies":[{"name":"wp","href":"https:\/\/api.w.org\/{rel}","templated":true}]}}