{"id":6687,"date":"2024-08-16T21:16:34","date_gmt":"2024-08-16T21:16:34","guid":{"rendered":"https:\/\/www.intiworld.com\/?post_type=product&#038;p=6687"},"modified":"2024-09-18T22:31:02","modified_gmt":"2024-09-18T22:31:02","slug":"rodonita-en-bruto-chips-de-30gr-a-50gr","status":"publish","type":"product","link":"https:\/\/www.intiworld.com\/?product=rodonita-en-bruto-chips-de-30gr-a-50gr","title":{"rendered":"Rodonita en bruto | Chips de 30gr a 50gr"},"content":{"rendered":"","protected":false},"excerpt":{"rendered":"<p><strong>Mineral:\u00a0<\/strong>Rodonita.<br \/>\n<strong>Composici\u00f3n:<\/strong> (Mn,Ca)<sub>5<\/sub>(Si<sub>5<\/sub>O<sub>15<\/sub>)<sub><br \/>\n<\/sub><strong>Grupo: <\/strong>Silicatos &#8211; inosilicatos.<br \/>\n<strong>Dureza: <\/strong>6 Escala Mhos.<strong><br \/>\nPropiedades Espirituales<\/strong>: La\u00a0<strong>rodonita<\/strong>\u00a0simboliza la amistad. Se utiliza para equilibrar el chakra del coraz\u00f3n y para asentar la energ\u00eda. Es una piedra que fomenta el perd\u00f3n y la reconciliaci\u00f3n. Favorece la resoluci\u00f3n de conflictos y estados de codependencia y ayuda a limpiar \u00abheridas\u00bb del pasado. En casos de shock o trauma emocional puede ser usada como piedra de primeros auxilios.<\/p>\n<p><strong>Tipo<\/strong>: En bruto.<br \/>\n<strong>Tama\u00f1o<\/strong>: 2.5 cm a 4 cm.<br \/>\n<strong>Peso<\/strong>: 30 gr a 50 gr<br \/>\n<strong>Forma de venta<\/strong>: Por Kilo o Por Gramo.<br \/>\n<strong>Forma de entrega<\/strong>: En tienda o Paqueter\u00eda.<\/p>\n<p>Cualquier duda sobre este material favor de mandar whats app o por correo.<\/p>\n","protected":false},"featured_media":6654,"comment_status":"open","ping_status":"closed","template":"","meta":[],"product_brand":[],"product_cat":[216],"product_tag":[],"class_list":{"0":"post-6687","1":"product","2":"type-product","3":"status-publish","4":"has-post-thumbnail","6":"product_cat-chips-de-piedras-en-bruto","8":"first","9":"instock","10":"taxable","11":"shipping-taxable","12":"product-type-simple"},"_links":{"self":[{"href":"https:\/\/www.intiworld.com\/index.php?rest_route=\/wp\/v2\/product\/6687","targetHints":{"allow":["GET"]}}],"collection":[{"href":"https:\/\/www.intiworld.com\/index.php?rest_route=\/wp\/v2\/product"}],"about":[{"href":"https:\/\/www.intiworld.com\/index.php?rest_route=\/wp\/v2\/types\/product"}],"replies":[{"embeddable":true,"href":"https:\/\/www.intiworld.com\/index.php?rest_route=%2Fwp%2Fv2%2Fcomments&post=6687"}],"version-history":[{"count":2,"href":"https:\/\/www.intiworld.com\/index.php?rest_route=\/wp\/v2\/product\/6687\/revisions"}],"predecessor-version":[{"id":7773,"href":"https:\/\/www.intiworld.com\/index.php?rest_route=\/wp\/v2\/product\/6687\/revisions\/7773"}],"wp:featuredmedia":[{"embeddable":true,"href":"https:\/\/www.intiworld.com\/index.php?rest_route=\/wp\/v2\/media\/6654"}],"wp:attachment":[{"href":"https:\/\/www.intiworld.com\/index.php?rest_route=%2Fwp%2Fv2%2Fmedia&parent=6687"}],"wp:term":[{"taxonomy":"product_brand","embeddable":true,"href":"https:\/\/www.intiworld.com\/index.php?rest_route=%2Fwp%2Fv2%2Fproduct_brand&post=6687"},{"taxonomy":"product_cat","embeddable":true,"href":"https:\/\/www.intiworld.com\/index.php?rest_route=%2Fwp%2Fv2%2Fproduct_cat&post=6687"},{"taxonomy":"product_tag","embeddable":true,"href":"https:\/\/www.intiworld.com\/index.php?rest_route=%2Fwp%2Fv2%2Fproduct_tag&post=6687"}],"curies":[{"name":"wp","href":"https:\/\/api.w.org\/{rel}","templated":true}]}}