{"id":6685,"date":"2024-08-16T21:14:27","date_gmt":"2024-08-16T21:14:27","guid":{"rendered":"https:\/\/www.intiworld.com\/?post_type=product&#038;p=6685"},"modified":"2024-09-18T22:35:26","modified_gmt":"2024-09-18T22:35:26","slug":"riolita-en-bruto-chips-de-30gr-a-50gr","status":"publish","type":"product","link":"https:\/\/www.intiworld.com\/?product=riolita-en-bruto-chips-de-30gr-a-50gr","title":{"rendered":"Riolita en bruto | Chips de 30gr a 50gr"},"content":{"rendered":"","protected":false},"excerpt":{"rendered":"<p><strong>Mineral: <\/strong>Riolita.<br \/>\n<strong>Composici\u00f3n:<\/strong>SiO2 + (Ca, K, Na)[AlSi3O8].<sub><br \/>\n<\/sub><strong>Grupo: \u00cdgnea\u2014Volc\u00e1nica<br \/>\n<\/strong><strong>Dureza:\u00a0<\/strong>5.5 \u2013 7 Escala Mhos.<strong><br \/>\nPropiedades Espirituales<\/strong>: Se dice que la riolita\u00a0<b>refuerza el autoestima, fortalece alma, cuerpo y mente<\/b>, y es intensamente \u00fatil en la exploraci\u00f3n de la plena extensi\u00f3n del \u201cyo\u201d, \u00fatil para la sanaci\u00f3n de vidas pasadas, equilibradora emocional, y activa el potencial y la creatividad del alma.<\/p>\n<p><strong>Tipo<\/strong>: En bruto.<br \/>\n<strong>Tama\u00f1o<\/strong>: 2.5 cm a 4 cm.<br \/>\n<strong>Peso<\/strong>: 30 gr a 50 gr<br \/>\n<strong>Forma de venta<\/strong>: Por Kilo o Por Gramo.<br \/>\n<strong>Forma de entrega<\/strong>: En tienda o Paqueter\u00eda.<\/p>\n<p>Cualquier duda sobre este material favor de mandar whats app o por correo.<\/p>\n","protected":false},"featured_media":6652,"comment_status":"open","ping_status":"closed","template":"","meta":[],"product_brand":[],"product_cat":[216],"product_tag":[],"class_list":{"0":"post-6685","1":"product","2":"type-product","3":"status-publish","4":"has-post-thumbnail","6":"product_cat-chips-de-piedras-en-bruto","8":"first","9":"instock","10":"taxable","11":"shipping-taxable","12":"product-type-simple"},"_links":{"self":[{"href":"https:\/\/www.intiworld.com\/index.php?rest_route=\/wp\/v2\/product\/6685","targetHints":{"allow":["GET"]}}],"collection":[{"href":"https:\/\/www.intiworld.com\/index.php?rest_route=\/wp\/v2\/product"}],"about":[{"href":"https:\/\/www.intiworld.com\/index.php?rest_route=\/wp\/v2\/types\/product"}],"replies":[{"embeddable":true,"href":"https:\/\/www.intiworld.com\/index.php?rest_route=%2Fwp%2Fv2%2Fcomments&post=6685"}],"version-history":[{"count":2,"href":"https:\/\/www.intiworld.com\/index.php?rest_route=\/wp\/v2\/product\/6685\/revisions"}],"predecessor-version":[{"id":7774,"href":"https:\/\/www.intiworld.com\/index.php?rest_route=\/wp\/v2\/product\/6685\/revisions\/7774"}],"wp:featuredmedia":[{"embeddable":true,"href":"https:\/\/www.intiworld.com\/index.php?rest_route=\/wp\/v2\/media\/6652"}],"wp:attachment":[{"href":"https:\/\/www.intiworld.com\/index.php?rest_route=%2Fwp%2Fv2%2Fmedia&parent=6685"}],"wp:term":[{"taxonomy":"product_brand","embeddable":true,"href":"https:\/\/www.intiworld.com\/index.php?rest_route=%2Fwp%2Fv2%2Fproduct_brand&post=6685"},{"taxonomy":"product_cat","embeddable":true,"href":"https:\/\/www.intiworld.com\/index.php?rest_route=%2Fwp%2Fv2%2Fproduct_cat&post=6685"},{"taxonomy":"product_tag","embeddable":true,"href":"https:\/\/www.intiworld.com\/index.php?rest_route=%2Fwp%2Fv2%2Fproduct_tag&post=6685"}],"curies":[{"name":"wp","href":"https:\/\/api.w.org\/{rel}","templated":true}]}}