{"id":6683,"date":"2024-08-16T21:12:34","date_gmt":"2024-08-16T21:12:34","guid":{"rendered":"https:\/\/www.intiworld.com\/?post_type=product&#038;p=6683"},"modified":"2024-09-18T22:39:32","modified_gmt":"2024-09-18T22:39:32","slug":"opalo-rosa-en-bruto-chips-de-30gr-a-50gr","status":"publish","type":"product","link":"https:\/\/www.intiworld.com\/?product=opalo-rosa-en-bruto-chips-de-30gr-a-50gr","title":{"rendered":"\u00d3palo rosa en bruto | Chips de 30gr a 50gr"},"content":{"rendered":"","protected":false},"excerpt":{"rendered":"<p><strong>Mineral: <\/strong>\u00d3palo Rosa.<br \/>\n<strong>Composici\u00f3n: <\/strong>SiO2\u2022nH2O.<sub><br \/>\n<\/sub><strong>Grupo:<\/strong> \u00d3xidos.<br \/>\n<strong>Dureza:\u00a0<\/strong>5 \u2013 6.5 Escala Mhos.<strong><br \/>\nPropiedades Espirituales<\/strong>: Es una\u00a0<b>piedra de paz y tranquilidad<\/b>. La piedra de la esperanza y de los grandes logros que seg\u00fan algunas culturas ayuda a curar las emociones, especialmente las relacionadas con el dolor inconsciente. Se dice que el \u00f3palo rosa tambi\u00e9n protege durante las horas de sue\u00f1o y permite a su portador dormir en paz.<\/p>\n<p><strong>Tipo<\/strong>: En bruto.<br \/>\n<strong>Tama\u00f1o<\/strong>: 2.5 cm a 4 cm.<br \/>\n<strong>Peso<\/strong>: 30 gr a 50 gr<br \/>\n<strong>Forma de venta<\/strong>: Por Kilo o Por Gramo.<br \/>\n<strong>Forma de entrega<\/strong>: En tienda o Paqueter\u00eda.<\/p>\n<p>Cualquier duda sobre este material favor de mandar whats app o por correo.<\/p>\n","protected":false},"featured_media":6647,"comment_status":"open","ping_status":"closed","template":"","meta":[],"product_brand":[],"product_cat":[216],"product_tag":[],"class_list":{"0":"post-6683","1":"product","2":"type-product","3":"status-publish","4":"has-post-thumbnail","6":"product_cat-chips-de-piedras-en-bruto","8":"first","9":"instock","10":"taxable","11":"shipping-taxable","12":"product-type-simple"},"_links":{"self":[{"href":"https:\/\/www.intiworld.com\/index.php?rest_route=\/wp\/v2\/product\/6683","targetHints":{"allow":["GET"]}}],"collection":[{"href":"https:\/\/www.intiworld.com\/index.php?rest_route=\/wp\/v2\/product"}],"about":[{"href":"https:\/\/www.intiworld.com\/index.php?rest_route=\/wp\/v2\/types\/product"}],"replies":[{"embeddable":true,"href":"https:\/\/www.intiworld.com\/index.php?rest_route=%2Fwp%2Fv2%2Fcomments&post=6683"}],"version-history":[{"count":2,"href":"https:\/\/www.intiworld.com\/index.php?rest_route=\/wp\/v2\/product\/6683\/revisions"}],"predecessor-version":[{"id":7775,"href":"https:\/\/www.intiworld.com\/index.php?rest_route=\/wp\/v2\/product\/6683\/revisions\/7775"}],"wp:featuredmedia":[{"embeddable":true,"href":"https:\/\/www.intiworld.com\/index.php?rest_route=\/wp\/v2\/media\/6647"}],"wp:attachment":[{"href":"https:\/\/www.intiworld.com\/index.php?rest_route=%2Fwp%2Fv2%2Fmedia&parent=6683"}],"wp:term":[{"taxonomy":"product_brand","embeddable":true,"href":"https:\/\/www.intiworld.com\/index.php?rest_route=%2Fwp%2Fv2%2Fproduct_brand&post=6683"},{"taxonomy":"product_cat","embeddable":true,"href":"https:\/\/www.intiworld.com\/index.php?rest_route=%2Fwp%2Fv2%2Fproduct_cat&post=6683"},{"taxonomy":"product_tag","embeddable":true,"href":"https:\/\/www.intiworld.com\/index.php?rest_route=%2Fwp%2Fv2%2Fproduct_tag&post=6683"}],"curies":[{"name":"wp","href":"https:\/\/api.w.org\/{rel}","templated":true}]}}