{"id":6679,"date":"2024-08-16T21:07:20","date_gmt":"2024-08-16T21:07:20","guid":{"rendered":"https:\/\/www.intiworld.com\/?post_type=product&#038;p=6679"},"modified":"2024-09-18T22:45:37","modified_gmt":"2024-09-18T22:45:37","slug":"ojo-de-tigre-en-bruto-chips-de-30gr-a-50gr","status":"publish","type":"product","link":"https:\/\/www.intiworld.com\/?product=ojo-de-tigre-en-bruto-chips-de-30gr-a-50gr","title":{"rendered":"Ojo de tigre en bruto | Chips de 30gr a 50gr"},"content":{"rendered":"","protected":false},"excerpt":{"rendered":"<p><strong>Mineral:\u00a0<\/strong>Ojo de Tigre.<br \/>\n<strong>Composici\u00f3n:\u00a0<\/strong>SiO<sub>2.<\/sub><sub><br \/>\n<\/sub><strong>Grupo:<\/strong>\u00a0Silicatos \u2013 tectosilicatos.<br \/>\n<strong>Dureza:<\/strong>\u00a07\u00a0Escala Mhos.<strong><br \/>\nPropiedades Espirituales<\/strong>: El\u00a0<strong>ojo de tigre<\/strong>\u00a0se considera una piedra de creatividad, fuerza y equilibrio. Se dice que representa la uni\u00f3n entre la energ\u00eda del Sol y la de la Tierra.<\/p>\n<p>Tradicionalmente el\u00a0<strong>ojo de tigre<\/strong> se ha considerado una piedra protectora. Favorece el enraizamiento y la manifestaci\u00f3n de la voluntad. Ayuda a elevar la autoestima y el estado de \u00e1nimo. Tambi\u00e9n suele asociarse a la prosperidad.<\/p>\n<p><strong>Tipo<\/strong>: En bruto.<br \/>\n<strong>Tama\u00f1o<\/strong>: 2.5 cm a 4 cm.<br \/>\n<strong>Peso<\/strong>: 30 gr a 50 gr<br \/>\n<strong>Forma de venta<\/strong>: Por Kilo o Por Gramo.<br \/>\n<strong>Forma de entrega<\/strong>: En tienda o Paqueter\u00eda.<\/p>\n<p>Cualquier duda sobre este material favor de mandar whats app o por correo.<\/p>\n","protected":false},"featured_media":6667,"comment_status":"open","ping_status":"closed","template":"","meta":[],"product_brand":[],"product_cat":[216],"product_tag":[],"class_list":{"0":"post-6679","1":"product","2":"type-product","3":"status-publish","4":"has-post-thumbnail","6":"product_cat-chips-de-piedras-en-bruto","8":"first","9":"instock","10":"taxable","11":"shipping-taxable","12":"product-type-simple"},"_links":{"self":[{"href":"https:\/\/www.intiworld.com\/index.php?rest_route=\/wp\/v2\/product\/6679","targetHints":{"allow":["GET"]}}],"collection":[{"href":"https:\/\/www.intiworld.com\/index.php?rest_route=\/wp\/v2\/product"}],"about":[{"href":"https:\/\/www.intiworld.com\/index.php?rest_route=\/wp\/v2\/types\/product"}],"replies":[{"embeddable":true,"href":"https:\/\/www.intiworld.com\/index.php?rest_route=%2Fwp%2Fv2%2Fcomments&post=6679"}],"version-history":[{"count":3,"href":"https:\/\/www.intiworld.com\/index.php?rest_route=\/wp\/v2\/product\/6679\/revisions"}],"predecessor-version":[{"id":7778,"href":"https:\/\/www.intiworld.com\/index.php?rest_route=\/wp\/v2\/product\/6679\/revisions\/7778"}],"wp:featuredmedia":[{"embeddable":true,"href":"https:\/\/www.intiworld.com\/index.php?rest_route=\/wp\/v2\/media\/6667"}],"wp:attachment":[{"href":"https:\/\/www.intiworld.com\/index.php?rest_route=%2Fwp%2Fv2%2Fmedia&parent=6679"}],"wp:term":[{"taxonomy":"product_brand","embeddable":true,"href":"https:\/\/www.intiworld.com\/index.php?rest_route=%2Fwp%2Fv2%2Fproduct_brand&post=6679"},{"taxonomy":"product_cat","embeddable":true,"href":"https:\/\/www.intiworld.com\/index.php?rest_route=%2Fwp%2Fv2%2Fproduct_cat&post=6679"},{"taxonomy":"product_tag","embeddable":true,"href":"https:\/\/www.intiworld.com\/index.php?rest_route=%2Fwp%2Fv2%2Fproduct_tag&post=6679"}],"curies":[{"name":"wp","href":"https:\/\/api.w.org\/{rel}","templated":true}]}}