{"id":6634,"date":"2024-08-15T23:12:32","date_gmt":"2024-08-15T23:12:32","guid":{"rendered":"https:\/\/www.intiworld.com\/?post_type=product&#038;p=6634"},"modified":"2024-09-18T23:10:17","modified_gmt":"2024-09-18T23:10:17","slug":"angelita-en-bruto-chips-de-30gr-a-50gr","status":"publish","type":"product","link":"https:\/\/www.intiworld.com\/?product=angelita-en-bruto-chips-de-30gr-a-50gr","title":{"rendered":"Angelita en bruto | Chips de 30gr a 50gr"},"content":{"rendered":"","protected":false},"excerpt":{"rendered":"<p class=\"css-1nd4gv7 emevuu60\" data-journey-content=\"true\" data-node-id=\"11\"><strong>Mineral:\u00a0<\/strong>Angelita.<br \/>\n<strong>Composici\u00f3n: <\/strong>CaSO<sub>4.<\/sub><strong><br \/>\nGrupo: <\/strong>Sulfatos.<strong><br \/>\nDureza: <\/strong>3.5\u00a0Escala Mhos.<strong><br \/>\nPropiedades Espirituales<\/strong>: Esta piedra preciosa se distingue por su singular\u00a0<strong>color azul\u00a0<\/strong>celeste, que puede variar del\u00a0<strong>azul p\u00e1lido<\/strong>\u00a0al<strong>\u00a0azul lavanda<\/strong>, pasando por el\u00a0<strong>azul<\/strong>\u00a0profundo.<br \/>\nCon su caracter\u00edstico tono azul celeste, a veces se confunde con otras piedras de color similar, como\u00a0<strong>el larimar<\/strong>\u00a0o la\u00a0<strong>calcita azul<\/strong>. En litoterapia, esta piedra natural se considera una piedra de comunicaci\u00f3n. Se cree que favorece la comunicaci\u00f3n y la autoexpresi\u00f3n.<br \/>\nSeg\u00fan algunas creencias, aporta paz interior y serenidad, ayudando a reducir el estr\u00e9s y la ansiedad.<\/p>\n<p><strong>Tipo<\/strong>: En bruto.<br \/>\n<strong>Tama\u00f1o<\/strong>: 2.5 cm a 4 cm.<br \/>\n<strong>Peso<\/strong>: 30 gr a 50 gr<br \/>\n<strong>Forma de venta<\/strong>: Por Kilo o Por Gramo.<br \/>\n<strong>Forma de entrega<\/strong>: En tienda o Paqueter\u00eda.<\/p>\n<p>Cualquier duda sobre este material favor de mandar whats app o por correo.<\/p>\n","protected":false},"featured_media":6619,"comment_status":"open","ping_status":"closed","template":"","meta":[],"product_brand":[],"product_cat":[216],"product_tag":[],"class_list":{"0":"post-6634","1":"product","2":"type-product","3":"status-publish","4":"has-post-thumbnail","6":"product_cat-chips-de-piedras-en-bruto","8":"first","9":"instock","10":"taxable","11":"shipping-taxable","12":"product-type-simple"},"_links":{"self":[{"href":"https:\/\/www.intiworld.com\/index.php?rest_route=\/wp\/v2\/product\/6634","targetHints":{"allow":["GET"]}}],"collection":[{"href":"https:\/\/www.intiworld.com\/index.php?rest_route=\/wp\/v2\/product"}],"about":[{"href":"https:\/\/www.intiworld.com\/index.php?rest_route=\/wp\/v2\/types\/product"}],"replies":[{"embeddable":true,"href":"https:\/\/www.intiworld.com\/index.php?rest_route=%2Fwp%2Fv2%2Fcomments&post=6634"}],"version-history":[{"count":2,"href":"https:\/\/www.intiworld.com\/index.php?rest_route=\/wp\/v2\/product\/6634\/revisions"}],"predecessor-version":[{"id":7790,"href":"https:\/\/www.intiworld.com\/index.php?rest_route=\/wp\/v2\/product\/6634\/revisions\/7790"}],"wp:featuredmedia":[{"embeddable":true,"href":"https:\/\/www.intiworld.com\/index.php?rest_route=\/wp\/v2\/media\/6619"}],"wp:attachment":[{"href":"https:\/\/www.intiworld.com\/index.php?rest_route=%2Fwp%2Fv2%2Fmedia&parent=6634"}],"wp:term":[{"taxonomy":"product_brand","embeddable":true,"href":"https:\/\/www.intiworld.com\/index.php?rest_route=%2Fwp%2Fv2%2Fproduct_brand&post=6634"},{"taxonomy":"product_cat","embeddable":true,"href":"https:\/\/www.intiworld.com\/index.php?rest_route=%2Fwp%2Fv2%2Fproduct_cat&post=6634"},{"taxonomy":"product_tag","embeddable":true,"href":"https:\/\/www.intiworld.com\/index.php?rest_route=%2Fwp%2Fv2%2Fproduct_tag&post=6634"}],"curies":[{"name":"wp","href":"https:\/\/api.w.org\/{rel}","templated":true}]}}