{"id":6608,"date":"2024-08-15T22:23:33","date_gmt":"2024-08-15T22:23:33","guid":{"rendered":"https:\/\/www.intiworld.com\/?post_type=product&#038;p=6608"},"modified":"2024-09-18T23:34:33","modified_gmt":"2024-09-18T23:34:33","slug":"rubi-zoisita-en-bruto-chips-de-30gr-a-50gr","status":"publish","type":"product","link":"https:\/\/www.intiworld.com\/?product=rubi-zoisita-en-bruto-chips-de-30gr-a-50gr","title":{"rendered":"Rub\u00ed zoisita en bruto | Chips de 30gr a 50gr"},"content":{"rendered":"","protected":false},"excerpt":{"rendered":"<p class=\"css-1nd4gv7 emevuu60\" data-journey-content=\"true\" data-node-id=\"11\"><strong>Mineral:<\/strong> Rub\u00ed Zoisita.<br \/>\n<strong>Composici\u00f3n: <\/strong>Ca2Al3(O(OH)SiO4)SiO7).<strong><br \/>\nGrupo:\u00a0<\/strong>Silicatos.<strong><br \/>\nDureza: <\/strong>6 &#8211; 6.5\u00a0Escala Mhos.<strong><br \/>\nPropiedades Espirituales<\/strong>: Se considera una piedra positiva que <b>estimula la energ\u00eda vital, el esp\u00edritu de lucha y la determinaci\u00f3n<\/b>. Tambi\u00e9n se dice que es una piedra suave y calmante, fuente de calma, inteligencia y creatividad, y que calma el nerviosismo.<\/p>\n<p><strong>Tipo<\/strong>: En bruto.<br \/>\n<strong>Tama\u00f1o<\/strong>: 2.5 cm a 4 cm.<br \/>\n<strong>Peso<\/strong>: 30 gr a 50 gr<br \/>\n<strong>Forma de venta<\/strong>: Por Kilo o Por Gramo.<br \/>\n<strong>Forma de entrega<\/strong>: En tienda o Paqueter\u00eda.<\/p>\n<p>Cualquier duda sobre este material favor de mandar whats app o por correo.<\/p>\n","protected":false},"featured_media":6615,"comment_status":"open","ping_status":"closed","template":"","meta":[],"product_brand":[],"product_cat":[216],"product_tag":[],"class_list":{"0":"post-6608","1":"product","2":"type-product","3":"status-publish","4":"has-post-thumbnail","6":"product_cat-chips-de-piedras-en-bruto","8":"first","9":"instock","10":"taxable","11":"shipping-taxable","12":"product-type-simple"},"_links":{"self":[{"href":"https:\/\/www.intiworld.com\/index.php?rest_route=\/wp\/v2\/product\/6608","targetHints":{"allow":["GET"]}}],"collection":[{"href":"https:\/\/www.intiworld.com\/index.php?rest_route=\/wp\/v2\/product"}],"about":[{"href":"https:\/\/www.intiworld.com\/index.php?rest_route=\/wp\/v2\/types\/product"}],"replies":[{"embeddable":true,"href":"https:\/\/www.intiworld.com\/index.php?rest_route=%2Fwp%2Fv2%2Fcomments&post=6608"}],"version-history":[{"count":2,"href":"https:\/\/www.intiworld.com\/index.php?rest_route=\/wp\/v2\/product\/6608\/revisions"}],"predecessor-version":[{"id":7794,"href":"https:\/\/www.intiworld.com\/index.php?rest_route=\/wp\/v2\/product\/6608\/revisions\/7794"}],"wp:featuredmedia":[{"embeddable":true,"href":"https:\/\/www.intiworld.com\/index.php?rest_route=\/wp\/v2\/media\/6615"}],"wp:attachment":[{"href":"https:\/\/www.intiworld.com\/index.php?rest_route=%2Fwp%2Fv2%2Fmedia&parent=6608"}],"wp:term":[{"taxonomy":"product_brand","embeddable":true,"href":"https:\/\/www.intiworld.com\/index.php?rest_route=%2Fwp%2Fv2%2Fproduct_brand&post=6608"},{"taxonomy":"product_cat","embeddable":true,"href":"https:\/\/www.intiworld.com\/index.php?rest_route=%2Fwp%2Fv2%2Fproduct_cat&post=6608"},{"taxonomy":"product_tag","embeddable":true,"href":"https:\/\/www.intiworld.com\/index.php?rest_route=%2Fwp%2Fv2%2Fproduct_tag&post=6608"}],"curies":[{"name":"wp","href":"https:\/\/api.w.org\/{rel}","templated":true}]}}