{"id":6606,"date":"2024-08-14T20:42:30","date_gmt":"2024-08-14T20:42:30","guid":{"rendered":"https:\/\/www.intiworld.com\/?post_type=product&#038;p=6606"},"modified":"2024-09-18T23:37:39","modified_gmt":"2024-09-18T23:37:39","slug":"cuarzo-rosa-en-bruto-chips-de-30gr-a-50gr","status":"publish","type":"product","link":"https:\/\/www.intiworld.com\/?product=cuarzo-rosa-en-bruto-chips-de-30gr-a-50gr","title":{"rendered":"Cuarzo Rosa en bruto | Chips de 30gr a 50gr"},"content":{"rendered":"","protected":false},"excerpt":{"rendered":"<p class=\"css-1nd4gv7 emevuu60\" data-journey-content=\"true\" data-node-id=\"11\"><strong>Mineral:<\/strong>\u00a0Cuarzo Rosa.<br \/>\n<strong>Composici\u00f3n:\u00a0<\/strong>SiO<sub>2<\/sub><strong><br \/>\nGrupo:\u00a0<\/strong>Silicatos \u2013 tectosilicatos<strong><br \/>\nDureza: 7<\/strong>\u00a0Escala Mhos.<strong><br \/>\nPropiedades Espirituales<\/strong>: El\u00a0<strong>cuarzo rosa<\/strong> se considera la piedra del coraz\u00f3n. Abre y fortalece el 4\u00ba chakra, conectando con el amor a uno mismo y el amor universal. Conecta con la paz interior y fomenta la realizaci\u00f3n personal. Es una piedra de sanaci\u00f3n muy \u00fatil que permite liberar las emociones reprimidas en el coraz\u00f3n. Propicia la amistad, el amor y la armon\u00eda. Es muy adecuada para los ni\u00f1os por su suavidad y dulzura.<\/p>\n<p><strong>Tipo<\/strong>: En bruto.<br \/>\n<strong>Tama\u00f1o<\/strong>: 2.5 cm a 4 cm.<br \/>\n<strong>Peso<\/strong>: 30 gr a 50 gr<br \/>\n<strong>Forma de venta<\/strong>: Por Kilo o Por Gramo.<br \/>\n<strong>Forma de entrega<\/strong>: En tienda o Paqueter\u00eda.<\/p>\n<p>Cualquier duda sobre este material favor de mandar whats app o por correo.<\/p>\n","protected":false},"featured_media":6576,"comment_status":"open","ping_status":"closed","template":"","meta":[],"product_brand":[],"product_cat":[216],"product_tag":[],"class_list":{"0":"post-6606","1":"product","2":"type-product","3":"status-publish","4":"has-post-thumbnail","6":"product_cat-chips-de-piedras-en-bruto","8":"first","9":"instock","10":"taxable","11":"shipping-taxable","12":"product-type-simple"},"_links":{"self":[{"href":"https:\/\/www.intiworld.com\/index.php?rest_route=\/wp\/v2\/product\/6606","targetHints":{"allow":["GET"]}}],"collection":[{"href":"https:\/\/www.intiworld.com\/index.php?rest_route=\/wp\/v2\/product"}],"about":[{"href":"https:\/\/www.intiworld.com\/index.php?rest_route=\/wp\/v2\/types\/product"}],"replies":[{"embeddable":true,"href":"https:\/\/www.intiworld.com\/index.php?rest_route=%2Fwp%2Fv2%2Fcomments&post=6606"}],"version-history":[{"count":2,"href":"https:\/\/www.intiworld.com\/index.php?rest_route=\/wp\/v2\/product\/6606\/revisions"}],"predecessor-version":[{"id":7795,"href":"https:\/\/www.intiworld.com\/index.php?rest_route=\/wp\/v2\/product\/6606\/revisions\/7795"}],"wp:featuredmedia":[{"embeddable":true,"href":"https:\/\/www.intiworld.com\/index.php?rest_route=\/wp\/v2\/media\/6576"}],"wp:attachment":[{"href":"https:\/\/www.intiworld.com\/index.php?rest_route=%2Fwp%2Fv2%2Fmedia&parent=6606"}],"wp:term":[{"taxonomy":"product_brand","embeddable":true,"href":"https:\/\/www.intiworld.com\/index.php?rest_route=%2Fwp%2Fv2%2Fproduct_brand&post=6606"},{"taxonomy":"product_cat","embeddable":true,"href":"https:\/\/www.intiworld.com\/index.php?rest_route=%2Fwp%2Fv2%2Fproduct_cat&post=6606"},{"taxonomy":"product_tag","embeddable":true,"href":"https:\/\/www.intiworld.com\/index.php?rest_route=%2Fwp%2Fv2%2Fproduct_tag&post=6606"}],"curies":[{"name":"wp","href":"https:\/\/api.w.org\/{rel}","templated":true}]}}