{"id":6595,"date":"2024-08-14T20:06:15","date_gmt":"2024-08-14T20:06:15","guid":{"rendered":"https:\/\/www.intiworld.com\/?post_type=product&#038;p=6595"},"modified":"2024-09-19T18:05:31","modified_gmt":"2024-09-19T18:05:31","slug":"aragonita-en-bruto-chips-de-30gr-a-50gr","status":"publish","type":"product","link":"https:\/\/www.intiworld.com\/?product=aragonita-en-bruto-chips-de-30gr-a-50gr","title":{"rendered":"Aragonita en bruto | Chips de 30gr a 50gr"},"content":{"rendered":"","protected":false},"excerpt":{"rendered":"<p><strong>Mineral<\/strong>: Aragonita o Aragonito.<br \/>\n<strong>Composici\u00f3n: <\/strong>CaCO<sub>3.<\/sub><strong><br \/>\nGrupo: <\/strong>Carbonatos.<strong><br \/>\nDureza: <\/strong>3.5 &#8211; 4\u00a0Escala Mhos.<strong><br \/>\nPropiedades Espirituales<\/strong>: El\u00a0<strong>aragonito<\/strong>\u00a0o\u00a0<strong>aragonita<\/strong>\u00a0es un carbonato de calcio con la misma composici\u00f3n qu\u00edmica que la\u00a0<span class=\"own-inside-link\">calcita<\/span>\u00a0pero diferentes en su estructura cristalina.<br \/>\nEl\u00a0<strong>aragonito<\/strong> se considera una piedra sanadora y estabilizante. Favorece la conexi\u00f3n con la madre tierra y simboliza la conservaci\u00f3n y la vitalidad. Ayuda a centrar y asentar la energ\u00eda para un funcionamiento m\u00e1s tranquilo, pragm\u00e1tico y equilibrado.<\/p>\n<p><strong>Tipo<\/strong>: En bruto.<br \/>\n<strong>Tama\u00f1o<\/strong>: 3 cm a 5cm.<br \/>\n<strong>Peso<\/strong>: 30 gr a 50 gr<br \/>\n<strong>Forma de venta<\/strong>: Por Kilo o Por Gramo.<br \/>\n<strong>Forma de entrega<\/strong>: En tienda o Paqueter\u00eda.<\/p>\n<p>Cualquier duda sobre este material favor de mandar whats app o por correo.<\/p>\n","protected":false},"featured_media":6583,"comment_status":"open","ping_status":"closed","template":"","meta":[],"product_brand":[],"product_cat":[216],"product_tag":[],"class_list":{"0":"post-6595","1":"product","2":"type-product","3":"status-publish","4":"has-post-thumbnail","6":"product_cat-chips-de-piedras-en-bruto","8":"first","9":"instock","10":"taxable","11":"shipping-taxable","12":"product-type-simple"},"_links":{"self":[{"href":"https:\/\/www.intiworld.com\/index.php?rest_route=\/wp\/v2\/product\/6595","targetHints":{"allow":["GET"]}}],"collection":[{"href":"https:\/\/www.intiworld.com\/index.php?rest_route=\/wp\/v2\/product"}],"about":[{"href":"https:\/\/www.intiworld.com\/index.php?rest_route=\/wp\/v2\/types\/product"}],"replies":[{"embeddable":true,"href":"https:\/\/www.intiworld.com\/index.php?rest_route=%2Fwp%2Fv2%2Fcomments&post=6595"}],"version-history":[{"count":2,"href":"https:\/\/www.intiworld.com\/index.php?rest_route=\/wp\/v2\/product\/6595\/revisions"}],"predecessor-version":[{"id":7803,"href":"https:\/\/www.intiworld.com\/index.php?rest_route=\/wp\/v2\/product\/6595\/revisions\/7803"}],"wp:featuredmedia":[{"embeddable":true,"href":"https:\/\/www.intiworld.com\/index.php?rest_route=\/wp\/v2\/media\/6583"}],"wp:attachment":[{"href":"https:\/\/www.intiworld.com\/index.php?rest_route=%2Fwp%2Fv2%2Fmedia&parent=6595"}],"wp:term":[{"taxonomy":"product_brand","embeddable":true,"href":"https:\/\/www.intiworld.com\/index.php?rest_route=%2Fwp%2Fv2%2Fproduct_brand&post=6595"},{"taxonomy":"product_cat","embeddable":true,"href":"https:\/\/www.intiworld.com\/index.php?rest_route=%2Fwp%2Fv2%2Fproduct_cat&post=6595"},{"taxonomy":"product_tag","embeddable":true,"href":"https:\/\/www.intiworld.com\/index.php?rest_route=%2Fwp%2Fv2%2Fproduct_tag&post=6595"}],"curies":[{"name":"wp","href":"https:\/\/api.w.org\/{rel}","templated":true}]}}