{"id":6573,"date":"2024-08-14T19:23:21","date_gmt":"2024-08-14T19:23:21","guid":{"rendered":"https:\/\/www.intiworld.com\/?post_type=product&#038;p=6573"},"modified":"2024-09-19T18:11:41","modified_gmt":"2024-09-19T18:11:41","slug":"cuarzo-rosa-de-rio-3cm-a-4-5cm","status":"publish","type":"product","link":"https:\/\/www.intiworld.com\/?product=cuarzo-rosa-de-rio-3cm-a-4-5cm","title":{"rendered":"Cuarzo rosa de r\u00edo | 3cm a 4.5cm"},"content":{"rendered":"","protected":false},"excerpt":{"rendered":"<p class=\"css-1nd4gv7 emevuu60\" data-journey-content=\"true\" data-node-id=\"11\"><strong>Mineral:<\/strong>\u00a0Cuarzo Rosa.<br \/>\n<strong>Composici\u00f3n:\u00a0<\/strong>SiO<sub>2<\/sub><strong><br \/>\nGrupo:\u00a0<\/strong>Silicatos \u2013 tectosilicatos<strong><br \/>\nDureza: 7<\/strong>\u00a0Escala Mhos.<strong><br \/>\nPropiedades Espirituales<\/strong>:Las propiedades de esta piedra espiritual hacen que sus beneficios vayan de la mano de las relaciones, tanto amorosas como familiares y entre amigos, consiguiendo\u00a0<strong>fortalecer los v\u00ednculos entre las personas.<\/strong>\u00a0Es perfecta para potenciar la comprensi\u00f3n y el respeto, aspectos claves en toda relaci\u00f3n.<\/p>\n<p class=\"css-1nd4gv7 emevuu60\" data-journey-content=\"true\" data-node-id=\"12\">Pero sus beneficios van m\u00e1s all\u00e1 de las relaciones que tenemos con los dem\u00e1s, porque contribuye al\u00a0<strong>amor propio y la\u00a0autoestima<\/strong>.<\/p>\n<p><strong>Tipo de Mineral<\/strong>: Rolado en r\u00edo. El <strong>cuarzo de r\u00edo<\/strong> se le llama as\u00ed, porque son piedras que han sufrido un proceso natural de rolado en los r\u00edos que pasan por minas de <strong>cuarzo<\/strong>.<br \/>\n<strong>Tama\u00f1o<\/strong>: 3 cm a 4.5 cm.<br \/>\n<strong>Forma de venta<\/strong>: Por Kilo o Por Gramaje.<br \/>\n<strong>Forma de entrega<\/strong>: En tienda o Paqueter\u00eda.<\/p>\n<p>Para mas detalles o forma de venta, manda mensaje por whats app o por correo.<\/p>\n","protected":false},"featured_media":6571,"comment_status":"open","ping_status":"closed","template":"","meta":[],"product_brand":[],"product_cat":[218],"product_tag":[213,222],"class_list":{"0":"post-6573","1":"product","2":"type-product","3":"status-publish","4":"has-post-thumbnail","6":"product_cat-piedras-de-rio","7":"product_tag-cuarzo-rolado","8":"product_tag-piedra-de-rio","10":"first","11":"instock","12":"taxable","13":"shipping-taxable","14":"product-type-simple"},"_links":{"self":[{"href":"https:\/\/www.intiworld.com\/index.php?rest_route=\/wp\/v2\/product\/6573","targetHints":{"allow":["GET"]}}],"collection":[{"href":"https:\/\/www.intiworld.com\/index.php?rest_route=\/wp\/v2\/product"}],"about":[{"href":"https:\/\/www.intiworld.com\/index.php?rest_route=\/wp\/v2\/types\/product"}],"replies":[{"embeddable":true,"href":"https:\/\/www.intiworld.com\/index.php?rest_route=%2Fwp%2Fv2%2Fcomments&post=6573"}],"version-history":[{"count":2,"href":"https:\/\/www.intiworld.com\/index.php?rest_route=\/wp\/v2\/product\/6573\/revisions"}],"predecessor-version":[{"id":7805,"href":"https:\/\/www.intiworld.com\/index.php?rest_route=\/wp\/v2\/product\/6573\/revisions\/7805"}],"wp:featuredmedia":[{"embeddable":true,"href":"https:\/\/www.intiworld.com\/index.php?rest_route=\/wp\/v2\/media\/6571"}],"wp:attachment":[{"href":"https:\/\/www.intiworld.com\/index.php?rest_route=%2Fwp%2Fv2%2Fmedia&parent=6573"}],"wp:term":[{"taxonomy":"product_brand","embeddable":true,"href":"https:\/\/www.intiworld.com\/index.php?rest_route=%2Fwp%2Fv2%2Fproduct_brand&post=6573"},{"taxonomy":"product_cat","embeddable":true,"href":"https:\/\/www.intiworld.com\/index.php?rest_route=%2Fwp%2Fv2%2Fproduct_cat&post=6573"},{"taxonomy":"product_tag","embeddable":true,"href":"https:\/\/www.intiworld.com\/index.php?rest_route=%2Fwp%2Fv2%2Fproduct_tag&post=6573"}],"curies":[{"name":"wp","href":"https:\/\/api.w.org\/{rel}","templated":true}]}}