{"id":6431,"date":"2024-08-09T19:52:27","date_gmt":"2024-08-09T19:52:27","guid":{"rendered":"https:\/\/www.intiworld.com\/?post_type=product&#038;p=6431"},"modified":"2024-09-19T21:20:05","modified_gmt":"2024-09-19T21:20:05","slug":"cuarzo-mixto-calidad-b-00-de-3cm-a-5cm-2","status":"publish","type":"product","link":"https:\/\/www.intiworld.com\/?product=cuarzo-mixto-calidad-b-00-de-3cm-a-5cm-2","title":{"rendered":"Cuarzo mixto calidad \u00abB\u00bb #00 de .3cm a .5cm"},"content":{"rendered":"","protected":false},"excerpt":{"rendered":"<p><strong>Mineral:\u00a0<\/strong>Cuarzo Mixto.<strong><br \/>\nComposici\u00f3n:\u00a0<\/strong>SiO<sub>2.<\/sub><strong><br \/>\nGrupo:\u00a0<\/strong>Silicatos \u2013 tectosilicatos.<strong><br \/>\nDureza: <\/strong>7\u00a0Escala Mhos.<strong><br \/>\nPropiedades Espirituales: <\/strong>Se dice que los cuarzos tienen propiedades que pueden ayudar a purificar la energ\u00eda interna, combatir el estr\u00e9s, aumentar la autoestima, atraer \u00e9xito, atraer la buena suerte, el amor, relajar la mente, entre otras cosas. El conservar o traer cuarzos diversos ayuda a que cada propiedad se active de acuerdo al cuarzo.<strong><\/p>\n<p>Tipo<\/strong>: Rolada.<br \/>\n<strong>Calidad:<\/strong>\u00a0B.<br \/>\n<strong>Tama\u00f1o:<\/strong> De .3 cm a .5 cm Aproximadamente.<br \/>\n<strong>Forma de venta<\/strong>: Por Kilo o por Gramo.<br \/>\n<strong>Forma de entrega<\/strong>: En tienda o Envio por paqueter\u00eda.<\/p>\n<p>La piedra rolada es amorfa y por ende puede variar el tama\u00f1o, Cualquier duda sobre este material favor de mandar whats app o por correo.<\/p>\n","protected":false},"featured_media":6445,"comment_status":"open","ping_status":"closed","template":"","meta":[],"product_brand":[],"product_cat":[212],"product_tag":[213,215,214],"class_list":{"0":"post-6431","1":"product","2":"type-product","3":"status-publish","4":"has-post-thumbnail","6":"product_cat-piedra-rolada-calidad-b","7":"product_tag-cuarzo-rolado","8":"product_tag-piedra-pulida","9":"product_tag-piedra-rolada","11":"first","12":"instock","13":"taxable","14":"shipping-taxable","15":"product-type-simple"},"_links":{"self":[{"href":"https:\/\/www.intiworld.com\/index.php?rest_route=\/wp\/v2\/product\/6431","targetHints":{"allow":["GET"]}}],"collection":[{"href":"https:\/\/www.intiworld.com\/index.php?rest_route=\/wp\/v2\/product"}],"about":[{"href":"https:\/\/www.intiworld.com\/index.php?rest_route=\/wp\/v2\/types\/product"}],"replies":[{"embeddable":true,"href":"https:\/\/www.intiworld.com\/index.php?rest_route=%2Fwp%2Fv2%2Fcomments&post=6431"}],"version-history":[{"count":2,"href":"https:\/\/www.intiworld.com\/index.php?rest_route=\/wp\/v2\/product\/6431\/revisions"}],"predecessor-version":[{"id":7852,"href":"https:\/\/www.intiworld.com\/index.php?rest_route=\/wp\/v2\/product\/6431\/revisions\/7852"}],"wp:featuredmedia":[{"embeddable":true,"href":"https:\/\/www.intiworld.com\/index.php?rest_route=\/wp\/v2\/media\/6445"}],"wp:attachment":[{"href":"https:\/\/www.intiworld.com\/index.php?rest_route=%2Fwp%2Fv2%2Fmedia&parent=6431"}],"wp:term":[{"taxonomy":"product_brand","embeddable":true,"href":"https:\/\/www.intiworld.com\/index.php?rest_route=%2Fwp%2Fv2%2Fproduct_brand&post=6431"},{"taxonomy":"product_cat","embeddable":true,"href":"https:\/\/www.intiworld.com\/index.php?rest_route=%2Fwp%2Fv2%2Fproduct_cat&post=6431"},{"taxonomy":"product_tag","embeddable":true,"href":"https:\/\/www.intiworld.com\/index.php?rest_route=%2Fwp%2Fv2%2Fproduct_tag&post=6431"}],"curies":[{"name":"wp","href":"https:\/\/api.w.org\/{rel}","templated":true}]}}