{"id":6388,"date":"2024-08-08T20:15:48","date_gmt":"2024-08-08T20:15:48","guid":{"rendered":"https:\/\/www.intiworld.com\/?post_type=product&#038;p=6388"},"modified":"2024-09-19T22:25:46","modified_gmt":"2024-09-19T22:25:46","slug":"jaspe-cebra-calidad-b-0-de-1cm-a-1-2cm","status":"publish","type":"product","link":"https:\/\/www.intiworld.com\/?product=jaspe-cebra-calidad-b-0-de-1cm-a-1-2cm","title":{"rendered":"Jaspe cebra calidad \u00abB\u00bb #0 de 1cm a 1.2cm"},"content":{"rendered":"","protected":false},"excerpt":{"rendered":"<p><strong>Mineral:<\/strong> Jaspe Cebra.<br \/>\n<strong>Composici\u00f3n: <\/strong>SiO2 + Fe, O ,OH, Si.<strong><br \/>\nGrupo: <\/strong>\u00d3xidos.<strong><br \/>\nDureza:<\/strong> 6.5 &#8211; 7\u00a0Escala Mhos.<strong><br \/>\nPropiedades Espirituales<\/strong>: Se dice que el jaspe cebra que\u00a0<strong>estimula la comunicaci\u00f3n y creatividad<\/strong>. Tambi\u00e9n potencia el poder de concentraci\u00f3n. Recomendado en todo tipo de fobias y miedos irracionales. Es una piedra de fuertes vibraciones energ\u00e9ticas, imparte determinaci\u00f3n a todos los prop\u00f3sitos adem\u00e1s nos ayuda a ser honestos con nosotros mismos.<\/p>\n<p><strong>Tipo<\/strong>: Rolada.<br \/>\n<strong>Calidad:<\/strong>\u00a0B.<br \/>\n<strong>Tama\u00f1o:<\/strong> De 1 cm a 1.2 cm Aproximadamente.<br \/>\n<strong>Forma de venta<\/strong>: Por Kilo o por Gramo.<br \/>\n<strong>Forma de entrega<\/strong>: En tienda o Envio por paqueter\u00eda.<\/p>\n<p>La piedra rolada es amorfa y por ende puede variar el tama\u00f1o, Cualquier duda sobre este material favor de mandar whats app o por correo.<\/p>\n","protected":false},"featured_media":6391,"comment_status":"open","ping_status":"closed","template":"","meta":[],"product_brand":[],"product_cat":[212],"product_tag":[213,215,214],"class_list":{"0":"post-6388","1":"product","2":"type-product","3":"status-publish","4":"has-post-thumbnail","6":"product_cat-piedra-rolada-calidad-b","7":"product_tag-cuarzo-rolado","8":"product_tag-piedra-pulida","9":"product_tag-piedra-rolada","11":"first","12":"instock","13":"taxable","14":"shipping-taxable","15":"product-type-simple"},"_links":{"self":[{"href":"https:\/\/www.intiworld.com\/index.php?rest_route=\/wp\/v2\/product\/6388","targetHints":{"allow":["GET"]}}],"collection":[{"href":"https:\/\/www.intiworld.com\/index.php?rest_route=\/wp\/v2\/product"}],"about":[{"href":"https:\/\/www.intiworld.com\/index.php?rest_route=\/wp\/v2\/types\/product"}],"replies":[{"embeddable":true,"href":"https:\/\/www.intiworld.com\/index.php?rest_route=%2Fwp%2Fv2%2Fcomments&post=6388"}],"version-history":[{"count":2,"href":"https:\/\/www.intiworld.com\/index.php?rest_route=\/wp\/v2\/product\/6388\/revisions"}],"predecessor-version":[{"id":7863,"href":"https:\/\/www.intiworld.com\/index.php?rest_route=\/wp\/v2\/product\/6388\/revisions\/7863"}],"wp:featuredmedia":[{"embeddable":true,"href":"https:\/\/www.intiworld.com\/index.php?rest_route=\/wp\/v2\/media\/6391"}],"wp:attachment":[{"href":"https:\/\/www.intiworld.com\/index.php?rest_route=%2Fwp%2Fv2%2Fmedia&parent=6388"}],"wp:term":[{"taxonomy":"product_brand","embeddable":true,"href":"https:\/\/www.intiworld.com\/index.php?rest_route=%2Fwp%2Fv2%2Fproduct_brand&post=6388"},{"taxonomy":"product_cat","embeddable":true,"href":"https:\/\/www.intiworld.com\/index.php?rest_route=%2Fwp%2Fv2%2Fproduct_cat&post=6388"},{"taxonomy":"product_tag","embeddable":true,"href":"https:\/\/www.intiworld.com\/index.php?rest_route=%2Fwp%2Fv2%2Fproduct_tag&post=6388"}],"curies":[{"name":"wp","href":"https:\/\/api.w.org\/{rel}","templated":true}]}}