{"id":6334,"date":"2024-08-07T20:17:30","date_gmt":"2024-08-07T20:17:30","guid":{"rendered":"https:\/\/www.intiworld.com\/?post_type=product&#038;p=6334"},"modified":"2024-09-19T23:39:05","modified_gmt":"2024-09-19T23:39:05","slug":"cuarzo-rosa-calidad-b-1-de-1-5cm-a-2cm","status":"publish","type":"product","link":"https:\/\/www.intiworld.com\/?product=cuarzo-rosa-calidad-b-1-de-1-5cm-a-2cm","title":{"rendered":"Cuarzo rosa calidad \u00abB\u00bb #1 de 1.5cm a 2cm"},"content":{"rendered":"","protected":false},"excerpt":{"rendered":"<p><strong>Mineral:<\/strong>\u00a0Cuarzo Rosa.<br \/>\n<strong>Composici\u00f3n:\u00a0<\/strong>SiO<sub>2<\/sub><strong><br \/>\nGrupo:\u00a0<\/strong>Silicatos \u2013 tectosilicatos<strong><br \/>\nDureza: 7<\/strong>\u00a0Escala Mhos.<strong><br \/>\nPropiedades Espirituales<\/strong>: El\u00a0<strong>cuarzo rosa<\/strong>\u00a0se considera la piedra del coraz\u00f3n. Abre y fortalece el 4\u00ba chakra, conectando con el amor a uno mismo y el amor universal. Conecta con la paz interior y fomenta la realizaci\u00f3n personal. Es una piedra de sanaci\u00f3n muy \u00fatil que permite liberar las emociones reprimidas en el coraz\u00f3n. Propicia la amistad, el amor y la armon\u00eda. Es muy adecuada para los ni\u00f1os por su suavidad y dulzura.<\/p>\n<p><strong>Tipo<\/strong>: Rolada.<br \/>\n<strong>Calidad:<\/strong>\u00a0B.<br \/>\n<strong>Tama\u00f1o:<\/strong> De 1.5 cm a 2 cm Aproximadamente.<br \/>\n<strong>Forma de venta<\/strong>: Por Kilo o por Gramo.<br \/>\n<strong>Forma de entrega<\/strong>: En tienda o Envio por paqueter\u00eda.<\/p>\n<p>La piedra rolada es amorfa y por ende puede variar el tama\u00f1o, Cualquier duda sobre este material favor de mandar whats app o por correo.<\/p>\n","protected":false},"featured_media":6335,"comment_status":"open","ping_status":"closed","template":"","meta":[],"product_brand":[],"product_cat":[212],"product_tag":[213,215,214],"class_list":{"0":"post-6334","1":"product","2":"type-product","3":"status-publish","4":"has-post-thumbnail","6":"product_cat-piedra-rolada-calidad-b","7":"product_tag-cuarzo-rolado","8":"product_tag-piedra-pulida","9":"product_tag-piedra-rolada","11":"first","12":"instock","13":"taxable","14":"shipping-taxable","15":"product-type-simple"},"_links":{"self":[{"href":"https:\/\/www.intiworld.com\/index.php?rest_route=\/wp\/v2\/product\/6334","targetHints":{"allow":["GET"]}}],"collection":[{"href":"https:\/\/www.intiworld.com\/index.php?rest_route=\/wp\/v2\/product"}],"about":[{"href":"https:\/\/www.intiworld.com\/index.php?rest_route=\/wp\/v2\/types\/product"}],"replies":[{"embeddable":true,"href":"https:\/\/www.intiworld.com\/index.php?rest_route=%2Fwp%2Fv2%2Fcomments&post=6334"}],"version-history":[{"count":2,"href":"https:\/\/www.intiworld.com\/index.php?rest_route=\/wp\/v2\/product\/6334\/revisions"}],"predecessor-version":[{"id":7879,"href":"https:\/\/www.intiworld.com\/index.php?rest_route=\/wp\/v2\/product\/6334\/revisions\/7879"}],"wp:featuredmedia":[{"embeddable":true,"href":"https:\/\/www.intiworld.com\/index.php?rest_route=\/wp\/v2\/media\/6335"}],"wp:attachment":[{"href":"https:\/\/www.intiworld.com\/index.php?rest_route=%2Fwp%2Fv2%2Fmedia&parent=6334"}],"wp:term":[{"taxonomy":"product_brand","embeddable":true,"href":"https:\/\/www.intiworld.com\/index.php?rest_route=%2Fwp%2Fv2%2Fproduct_brand&post=6334"},{"taxonomy":"product_cat","embeddable":true,"href":"https:\/\/www.intiworld.com\/index.php?rest_route=%2Fwp%2Fv2%2Fproduct_cat&post=6334"},{"taxonomy":"product_tag","embeddable":true,"href":"https:\/\/www.intiworld.com\/index.php?rest_route=%2Fwp%2Fv2%2Fproduct_tag&post=6334"}],"curies":[{"name":"wp","href":"https:\/\/api.w.org\/{rel}","templated":true}]}}