{"id":6314,"date":"2024-08-06T22:38:25","date_gmt":"2024-08-06T22:38:25","guid":{"rendered":"https:\/\/www.intiworld.com\/?post_type=product&#038;p=6314"},"modified":"2024-09-19T23:52:48","modified_gmt":"2024-09-19T23:52:48","slug":"obsidiana-negra-calidad-b-1-de-1-5cm-a-2cm","status":"publish","type":"product","link":"https:\/\/www.intiworld.com\/?product=obsidiana-negra-calidad-b-1-de-1-5cm-a-2cm","title":{"rendered":"Obsidiana negra calidad \u00abB\u00bb #1 de 1.5cm a 2cm"},"content":{"rendered":"","protected":false},"excerpt":{"rendered":"<p><strong>Mineral:\u00a0<\/strong>Obsidiana.<br \/>\n<strong>Composici\u00f3n:\u00a0<\/strong>70\u201375\u00a0% SiO<sub>2<\/sub>, plus MgO, Fe<sub>3<\/sub>O<sub>4.<br \/>\n<\/sub><strong>Grupo:<\/strong>\u00a0roca \u00edgnea\u2014volc\u00e1nica (vidrio volc\u00e1nico).<br \/>\n<strong>Dureza:\u00a0<\/strong>5 \u2013 6 Escala Mhos.<strong><br \/>\nPropiedades Espirituales<\/strong>: La\u00a0<strong>obsidiana<\/strong>\u00a0se considera una potente piedra de crecimiento personal y transformaci\u00f3n. Como piedra negra es usada para la protecci\u00f3n, la limpieza y la purificaci\u00f3n. Est\u00e1 relacionada con el 1\u00ba chakra, con la madre tierra, y representa la integraci\u00f3n de la luz en el mundo terrenal, de manera consciente y din\u00e1mica.<\/p>\n<p><strong>Tipo<\/strong>: Rolada.<br \/>\n<strong>Calidad:<\/strong>\u00a0B.<br \/>\n<strong>Tama\u00f1o:<\/strong> De 1.5 cm a 2 cm Aproximadamente.<br \/>\n<strong>Forma de venta<\/strong>: Por Kilo o por Gramo.<br \/>\n<strong>Forma de entrega<\/strong>: En tienda o Envio por paqueter\u00eda.<\/p>\n<p>La piedra rolada es amorfa y por ende puede variar el tama\u00f1o, Cualquier duda sobre este material favor de mandar whats app o por correo.<\/p>\n","protected":false},"featured_media":6315,"comment_status":"open","ping_status":"closed","template":"","meta":[],"product_brand":[],"product_cat":[212],"product_tag":[213,215,214],"class_list":{"0":"post-6314","1":"product","2":"type-product","3":"status-publish","4":"has-post-thumbnail","6":"product_cat-piedra-rolada-calidad-b","7":"product_tag-cuarzo-rolado","8":"product_tag-piedra-pulida","9":"product_tag-piedra-rolada","11":"first","12":"instock","13":"taxable","14":"shipping-taxable","15":"product-type-simple"},"_links":{"self":[{"href":"https:\/\/www.intiworld.com\/index.php?rest_route=\/wp\/v2\/product\/6314","targetHints":{"allow":["GET"]}}],"collection":[{"href":"https:\/\/www.intiworld.com\/index.php?rest_route=\/wp\/v2\/product"}],"about":[{"href":"https:\/\/www.intiworld.com\/index.php?rest_route=\/wp\/v2\/types\/product"}],"replies":[{"embeddable":true,"href":"https:\/\/www.intiworld.com\/index.php?rest_route=%2Fwp%2Fv2%2Fcomments&post=6314"}],"version-history":[{"count":2,"href":"https:\/\/www.intiworld.com\/index.php?rest_route=\/wp\/v2\/product\/6314\/revisions"}],"predecessor-version":[{"id":7884,"href":"https:\/\/www.intiworld.com\/index.php?rest_route=\/wp\/v2\/product\/6314\/revisions\/7884"}],"wp:featuredmedia":[{"embeddable":true,"href":"https:\/\/www.intiworld.com\/index.php?rest_route=\/wp\/v2\/media\/6315"}],"wp:attachment":[{"href":"https:\/\/www.intiworld.com\/index.php?rest_route=%2Fwp%2Fv2%2Fmedia&parent=6314"}],"wp:term":[{"taxonomy":"product_brand","embeddable":true,"href":"https:\/\/www.intiworld.com\/index.php?rest_route=%2Fwp%2Fv2%2Fproduct_brand&post=6314"},{"taxonomy":"product_cat","embeddable":true,"href":"https:\/\/www.intiworld.com\/index.php?rest_route=%2Fwp%2Fv2%2Fproduct_cat&post=6314"},{"taxonomy":"product_tag","embeddable":true,"href":"https:\/\/www.intiworld.com\/index.php?rest_route=%2Fwp%2Fv2%2Fproduct_tag&post=6314"}],"curies":[{"name":"wp","href":"https:\/\/api.w.org\/{rel}","templated":true}]}}