{"id":6306,"date":"2024-08-06T22:35:42","date_gmt":"2024-08-06T22:35:42","guid":{"rendered":"https:\/\/www.intiworld.com\/?post_type=product&#038;p=6306"},"modified":"2024-09-20T18:19:05","modified_gmt":"2024-09-20T18:19:05","slug":"esmeralda-verdoso-calidad-b-00-de-3cm-a-5cm","status":"publish","type":"product","link":"https:\/\/www.intiworld.com\/?product=esmeralda-verdoso-calidad-b-00-de-3cm-a-5cm","title":{"rendered":"Esmeralda verdoso calidad \u00abB\u00bb #00 de .3cm a .5cm"},"content":{"rendered":"","protected":false},"excerpt":{"rendered":"<p><strong>Mineral:\u00a0<\/strong>Esmeralda.<br \/>\n<strong>Composici\u00f3n: <\/strong>Be<sub>3<\/sub>Al<sub>2<\/sub>Si<sub>6<\/sub>O<sub>18.<\/sub><sub><br \/>\n<\/sub><strong>Grupo:<\/strong> Silicatos &#8211; ciclosilicatos.<br \/>\n<strong>Dureza: <\/strong>7.5 &#8211; 8 Escala Mhos.<strong><br \/>\nPropiedades Espirituales<\/strong>: La\u00a0<strong>esmeralda<\/strong>\u00a0se considera la representaci\u00f3n del color verde de sanaci\u00f3n y se asocia al chakra coraz\u00f3n. Es una piedra equilibrante e inspiradora que favorece la uni\u00f3n, la amistad y el amor. Potencia la capacidad creativa y eleva la vibraci\u00f3n del aura. La\u00a0<strong>esmeralda<\/strong>\u00a0fomenta las partes m\u00e1s positivas de la persona. A nivel curativo se dice que ayuda en la recuperaci\u00f3n despu\u00e9s de las enfermedades.<\/p>\n<p><strong>Tipo<\/strong>: Rolada.<br \/>\n<strong>Calidad:<\/strong>\u00a0B.<br \/>\n<strong>Tama\u00f1o:<\/strong> De .3 cm a .5 cm Aproximadamente.<br \/>\n<strong>Forma de venta<\/strong>: Por Kilo o por Gramo.<br \/>\n<strong>Forma de entrega<\/strong>: En tienda o Envio por paqueter\u00eda.<\/p>\n<p>La piedra rolada es amorfa y por ende puede variar el tama\u00f1o, Cualquier duda sobre este material favor de mandar whats app o por correo.<\/p>\n","protected":false},"featured_media":6307,"comment_status":"open","ping_status":"closed","template":"","meta":[],"product_brand":[],"product_cat":[212],"product_tag":[213,215,214],"class_list":{"0":"post-6306","1":"product","2":"type-product","3":"status-publish","4":"has-post-thumbnail","6":"product_cat-piedra-rolada-calidad-b","7":"product_tag-cuarzo-rolado","8":"product_tag-piedra-pulida","9":"product_tag-piedra-rolada","11":"first","12":"instock","13":"taxable","14":"shipping-taxable","15":"product-type-simple"},"_links":{"self":[{"href":"https:\/\/www.intiworld.com\/index.php?rest_route=\/wp\/v2\/product\/6306","targetHints":{"allow":["GET"]}}],"collection":[{"href":"https:\/\/www.intiworld.com\/index.php?rest_route=\/wp\/v2\/product"}],"about":[{"href":"https:\/\/www.intiworld.com\/index.php?rest_route=\/wp\/v2\/types\/product"}],"replies":[{"embeddable":true,"href":"https:\/\/www.intiworld.com\/index.php?rest_route=%2Fwp%2Fv2%2Fcomments&post=6306"}],"version-history":[{"count":2,"href":"https:\/\/www.intiworld.com\/index.php?rest_route=\/wp\/v2\/product\/6306\/revisions"}],"predecessor-version":[{"id":7886,"href":"https:\/\/www.intiworld.com\/index.php?rest_route=\/wp\/v2\/product\/6306\/revisions\/7886"}],"wp:featuredmedia":[{"embeddable":true,"href":"https:\/\/www.intiworld.com\/index.php?rest_route=\/wp\/v2\/media\/6307"}],"wp:attachment":[{"href":"https:\/\/www.intiworld.com\/index.php?rest_route=%2Fwp%2Fv2%2Fmedia&parent=6306"}],"wp:term":[{"taxonomy":"product_brand","embeddable":true,"href":"https:\/\/www.intiworld.com\/index.php?rest_route=%2Fwp%2Fv2%2Fproduct_brand&post=6306"},{"taxonomy":"product_cat","embeddable":true,"href":"https:\/\/www.intiworld.com\/index.php?rest_route=%2Fwp%2Fv2%2Fproduct_cat&post=6306"},{"taxonomy":"product_tag","embeddable":true,"href":"https:\/\/www.intiworld.com\/index.php?rest_route=%2Fwp%2Fv2%2Fproduct_tag&post=6306"}],"curies":[{"name":"wp","href":"https:\/\/api.w.org\/{rel}","templated":true}]}}