{"id":6294,"date":"2024-08-06T19:55:03","date_gmt":"2024-08-06T19:55:03","guid":{"rendered":"https:\/\/www.intiworld.com\/?post_type=product&#038;p=6294"},"modified":"2024-09-20T18:27:30","modified_gmt":"2024-09-20T18:27:30","slug":"agata-limon-calidad-b-2-de-2cm-a-2-5cm","status":"publish","type":"product","link":"https:\/\/www.intiworld.com\/?product=agata-limon-calidad-b-2-de-2cm-a-2-5cm","title":{"rendered":"\u00c1gata lim\u00f3n calidad \u00abB\u00bb #2 de 2cm a 2.5cm"},"content":{"rendered":"","protected":false},"excerpt":{"rendered":"<p><strong>Mineral:\u00a0<\/strong>\u00c1gata.<br \/>\n<strong>Composici\u00f3n:\u00a0<\/strong>SiO<sub>2.<\/sub><strong><br \/>\nGrupo:\u00a0<\/strong>Silicatos \u2013 tectosilicatos.<strong><br \/>\nDureza: 7<\/strong>\u00a0Escala Mhos.<strong><br \/>\nPropiedades Espirituales<\/strong>: El\u00a0<strong>\u00e1gata<\/strong>\u00a0se considera una piedra de energ\u00eda suave, conocida por aportar armon\u00eda y equilibrio. Fomenta la autoconfianza y la concentraci\u00f3n y favorece el crecimiento espiritual, el amor y el coraje. El\u00a0<strong>\u00e1gata<\/strong>\u00a0es ligeramente protectora cuando es oscura.<\/p>\n<p><strong>Tipo<\/strong>: Rolada.<br \/>\n<strong>Calidad:<\/strong>\u00a0B.<br \/>\n<strong>Tama\u00f1o:<\/strong> De 2 cm a 2.5 cm Aproximadamente.<br \/>\n<strong>Forma de venta<\/strong>: Por Kilo o por Gramo.<br \/>\n<strong>Forma de entrega<\/strong>: En tienda o Envio por paqueter\u00eda.<\/p>\n<p>La piedra rolada es amorfa y por ende puede variar el tama\u00f1o, Cualquier duda sobre este material favor de mandar whats app o por correo.<\/p>\n","protected":false},"featured_media":6295,"comment_status":"open","ping_status":"closed","template":"","meta":[],"product_brand":[],"product_cat":[212],"product_tag":[213,215,214],"class_list":{"0":"post-6294","1":"product","2":"type-product","3":"status-publish","4":"has-post-thumbnail","6":"product_cat-piedra-rolada-calidad-b","7":"product_tag-cuarzo-rolado","8":"product_tag-piedra-pulida","9":"product_tag-piedra-rolada","11":"first","12":"instock","13":"taxable","14":"shipping-taxable","15":"product-type-simple"},"_links":{"self":[{"href":"https:\/\/www.intiworld.com\/index.php?rest_route=\/wp\/v2\/product\/6294","targetHints":{"allow":["GET"]}}],"collection":[{"href":"https:\/\/www.intiworld.com\/index.php?rest_route=\/wp\/v2\/product"}],"about":[{"href":"https:\/\/www.intiworld.com\/index.php?rest_route=\/wp\/v2\/types\/product"}],"replies":[{"embeddable":true,"href":"https:\/\/www.intiworld.com\/index.php?rest_route=%2Fwp%2Fv2%2Fcomments&post=6294"}],"version-history":[{"count":2,"href":"https:\/\/www.intiworld.com\/index.php?rest_route=\/wp\/v2\/product\/6294\/revisions"}],"predecessor-version":[{"id":7889,"href":"https:\/\/www.intiworld.com\/index.php?rest_route=\/wp\/v2\/product\/6294\/revisions\/7889"}],"wp:featuredmedia":[{"embeddable":true,"href":"https:\/\/www.intiworld.com\/index.php?rest_route=\/wp\/v2\/media\/6295"}],"wp:attachment":[{"href":"https:\/\/www.intiworld.com\/index.php?rest_route=%2Fwp%2Fv2%2Fmedia&parent=6294"}],"wp:term":[{"taxonomy":"product_brand","embeddable":true,"href":"https:\/\/www.intiworld.com\/index.php?rest_route=%2Fwp%2Fv2%2Fproduct_brand&post=6294"},{"taxonomy":"product_cat","embeddable":true,"href":"https:\/\/www.intiworld.com\/index.php?rest_route=%2Fwp%2Fv2%2Fproduct_cat&post=6294"},{"taxonomy":"product_tag","embeddable":true,"href":"https:\/\/www.intiworld.com\/index.php?rest_route=%2Fwp%2Fv2%2Fproduct_tag&post=6294"}],"curies":[{"name":"wp","href":"https:\/\/api.w.org\/{rel}","templated":true}]}}