{"id":6261,"date":"2024-08-06T19:39:00","date_gmt":"2024-08-06T19:39:00","guid":{"rendered":"https:\/\/www.intiworld.com\/?post_type=product&#038;p=6261"},"modified":"2024-09-20T18:38:28","modified_gmt":"2024-09-20T18:38:28","slug":"cuarzo-amatista-calidad-b-0-de-1cm-a-1-2cm","status":"publish","type":"product","link":"https:\/\/www.intiworld.com\/?product=cuarzo-amatista-calidad-b-0-de-1cm-a-1-2cm","title":{"rendered":"Cuarzo amatista calidad \u00abB\u00bb #0 de 1cm a 1.2cm"},"content":{"rendered":"","protected":false},"excerpt":{"rendered":"<p><strong>Mineral:<\/strong>\u00a0Amatista.<br \/>\n<strong>Composici\u00f3n:\u00a0<\/strong>SiO<sub>2<\/sub><strong><br \/>\nGrupo:\u00a0<\/strong>Silicatos \u2013 tectosilicatos<strong><br \/>\nDureza: 7<\/strong>\u00a0Escala Mhos.<strong><br \/>\nPropiedades Espirituales<\/strong>: La\u00a0<strong>amatista<\/strong>\u00a0es conocida como la piedra de la armon\u00eda, la transmutaci\u00f3n y la espiritualidad. Corresponde al 6\u00ba chakra, situado en el entrecejo. Ayuda a calmar la mente y a relajarnos, propiciando de esta manera la conexi\u00f3n con nuestra intuici\u00f3n. Es por este motivo que la\u00a0<strong>amatista<\/strong>\u00a0suele ser un buen complemento para la pr\u00e1ctica de la meditaci\u00f3n, ya sea sosteniendo el mineral entre las manos, coloc\u00e1ndolo encima del entrecejo o coraz\u00f3n, o situando un cristal de amatista enfrente de nosotros.<\/p>\n<p><strong>Tipo<\/strong>: Rolada.<br \/>\n<strong>Calidad:<\/strong>\u00a0B.<br \/>\n<strong>Tama\u00f1o:<\/strong> De 1 cm a 1.2 cm Aproximadamente.<br \/>\n<strong>Forma de venta<\/strong>: Por Kilo o por Gramo.<br \/>\n<strong>Forma de entrega<\/strong>: En tienda o Envio por paqueter\u00eda.<\/p>\n<p>La piedra rolada es amorfa y por ende puede variar el tama\u00f1o, Cualquier duda sobre este material favor de mandar whats app o por correo.<\/p>\n","protected":false},"featured_media":6265,"comment_status":"open","ping_status":"closed","template":"","meta":[],"product_brand":[],"product_cat":[212],"product_tag":[213,215,214],"class_list":{"0":"post-6261","1":"product","2":"type-product","3":"status-publish","4":"has-post-thumbnail","6":"product_cat-piedra-rolada-calidad-b","7":"product_tag-cuarzo-rolado","8":"product_tag-piedra-pulida","9":"product_tag-piedra-rolada","11":"first","12":"instock","13":"taxable","14":"shipping-taxable","15":"product-type-simple"},"_links":{"self":[{"href":"https:\/\/www.intiworld.com\/index.php?rest_route=\/wp\/v2\/product\/6261","targetHints":{"allow":["GET"]}}],"collection":[{"href":"https:\/\/www.intiworld.com\/index.php?rest_route=\/wp\/v2\/product"}],"about":[{"href":"https:\/\/www.intiworld.com\/index.php?rest_route=\/wp\/v2\/types\/product"}],"replies":[{"embeddable":true,"href":"https:\/\/www.intiworld.com\/index.php?rest_route=%2Fwp%2Fv2%2Fcomments&post=6261"}],"version-history":[{"count":3,"href":"https:\/\/www.intiworld.com\/index.php?rest_route=\/wp\/v2\/product\/6261\/revisions"}],"predecessor-version":[{"id":7898,"href":"https:\/\/www.intiworld.com\/index.php?rest_route=\/wp\/v2\/product\/6261\/revisions\/7898"}],"wp:featuredmedia":[{"embeddable":true,"href":"https:\/\/www.intiworld.com\/index.php?rest_route=\/wp\/v2\/media\/6265"}],"wp:attachment":[{"href":"https:\/\/www.intiworld.com\/index.php?rest_route=%2Fwp%2Fv2%2Fmedia&parent=6261"}],"wp:term":[{"taxonomy":"product_brand","embeddable":true,"href":"https:\/\/www.intiworld.com\/index.php?rest_route=%2Fwp%2Fv2%2Fproduct_brand&post=6261"},{"taxonomy":"product_cat","embeddable":true,"href":"https:\/\/www.intiworld.com\/index.php?rest_route=%2Fwp%2Fv2%2Fproduct_cat&post=6261"},{"taxonomy":"product_tag","embeddable":true,"href":"https:\/\/www.intiworld.com\/index.php?rest_route=%2Fwp%2Fv2%2Fproduct_tag&post=6261"}],"curies":[{"name":"wp","href":"https:\/\/api.w.org\/{rel}","templated":true}]}}