{"id":6083,"date":"2024-07-30T20:23:27","date_gmt":"2024-07-30T20:23:27","guid":{"rendered":"https:\/\/www.intiworld.com\/?post_type=product&#038;p=6083"},"modified":"2024-09-20T22:07:23","modified_gmt":"2024-09-20T22:07:23","slug":"calcita-orquidea-calidad-b-00-de-3cm-a-5cm","status":"publish","type":"product","link":"https:\/\/www.intiworld.com\/?product=calcita-orquidea-calidad-b-00-de-3cm-a-5cm","title":{"rendered":"Calcita Orqu\u00eddea calidad \u00abB\u00bb #00 de .3cm a .5cm"},"content":{"rendered":"","protected":false},"excerpt":{"rendered":"<p><strong>Mineral:<\/strong> Calcita Orqu\u00eddea.<br \/>\n<strong>Composici\u00f3n: <\/strong>CaCO3.<strong><br \/>\nGrupo: <\/strong>Carbonatos.<strong><br \/>\nDureza:<\/strong> 3 Escala Mhos.<strong><br \/>\nPropiedades Espirituales<\/strong>: La calcita es un poderoso amplificador y limpiador de energ\u00edas. Limpia las energ\u00edas del entorno y potencia tus reservas personales. Limpia los cuerpos f\u00edsicos y sutiles.\u00a0Facilita la apertura de conciencia superior, de la canalizaci\u00f3n y de las experiencias de salida del cuerpo. Acelera el desarrollo espiritual y permite que el cuerpo recuerde las experiencias cuando retoma el cuerpo.\u00a0Conecta las emociones con la inteligencia, creando la inteligencia emocional.<\/p>\n<p><strong>Tipo<\/strong>: Rolada.<br \/>\n<strong>Calidad:<\/strong>\u00a0B.<br \/>\n<strong>Tama\u00f1o:<\/strong> De .3 cm a .5 cm Aproximadamente.<br \/>\n<strong>Forma de venta<\/strong>: Por Kilo o por Gramo.<br \/>\n<strong>Forma de entrega<\/strong>: En tienda o Envio por paqueter\u00eda.<\/p>\n<p>La piedra rolada es amorfa y por ende puede variar el tama\u00f1o, Cualquier duda sobre este material favor de mandar whats app o por correo.<\/p>\n","protected":false},"featured_media":6084,"comment_status":"open","ping_status":"closed","template":"","meta":[],"product_brand":[],"product_cat":[212],"product_tag":[213,215,214],"class_list":{"0":"post-6083","1":"product","2":"type-product","3":"status-publish","4":"has-post-thumbnail","6":"product_cat-piedra-rolada-calidad-b","7":"product_tag-cuarzo-rolado","8":"product_tag-piedra-pulida","9":"product_tag-piedra-rolada","11":"first","12":"instock","13":"taxable","14":"shipping-taxable","15":"product-type-simple"},"_links":{"self":[{"href":"https:\/\/www.intiworld.com\/index.php?rest_route=\/wp\/v2\/product\/6083","targetHints":{"allow":["GET"]}}],"collection":[{"href":"https:\/\/www.intiworld.com\/index.php?rest_route=\/wp\/v2\/product"}],"about":[{"href":"https:\/\/www.intiworld.com\/index.php?rest_route=\/wp\/v2\/types\/product"}],"replies":[{"embeddable":true,"href":"https:\/\/www.intiworld.com\/index.php?rest_route=%2Fwp%2Fv2%2Fcomments&post=6083"}],"version-history":[{"count":2,"href":"https:\/\/www.intiworld.com\/index.php?rest_route=\/wp\/v2\/product\/6083\/revisions"}],"predecessor-version":[{"id":7946,"href":"https:\/\/www.intiworld.com\/index.php?rest_route=\/wp\/v2\/product\/6083\/revisions\/7946"}],"wp:featuredmedia":[{"embeddable":true,"href":"https:\/\/www.intiworld.com\/index.php?rest_route=\/wp\/v2\/media\/6084"}],"wp:attachment":[{"href":"https:\/\/www.intiworld.com\/index.php?rest_route=%2Fwp%2Fv2%2Fmedia&parent=6083"}],"wp:term":[{"taxonomy":"product_brand","embeddable":true,"href":"https:\/\/www.intiworld.com\/index.php?rest_route=%2Fwp%2Fv2%2Fproduct_brand&post=6083"},{"taxonomy":"product_cat","embeddable":true,"href":"https:\/\/www.intiworld.com\/index.php?rest_route=%2Fwp%2Fv2%2Fproduct_cat&post=6083"},{"taxonomy":"product_tag","embeddable":true,"href":"https:\/\/www.intiworld.com\/index.php?rest_route=%2Fwp%2Fv2%2Fproduct_tag&post=6083"}],"curies":[{"name":"wp","href":"https:\/\/api.w.org\/{rel}","templated":true}]}}