{"id":5661,"date":"2024-07-23T21:12:31","date_gmt":"2024-07-23T21:12:31","guid":{"rendered":"https:\/\/www.intiworld.com\/?post_type=product&#038;p=5661"},"modified":"2024-07-23T21:13:53","modified_gmt":"2024-07-23T21:13:53","slug":"tazon-tibetano-verde-con-dorado-de-9-5-cm","status":"publish","type":"product","link":"https:\/\/www.intiworld.com\/?product=tazon-tibetano-verde-con-dorado-de-9-5-cm","title":{"rendered":"Taz\u00f3n tibetano verde con dorado de 9.5 cm"},"content":{"rendered":"<p>&nbsp;<\/p>\n<p>&nbsp;<\/p>\n","protected":false},"excerpt":{"rendered":"<p><b>Los cuencos tibetanos son una herramienta antigua que se ha utilizado durante siglos en la cultura tibetana para la meditaci\u00f3n, el equilibrio y la curaci\u00f3n. Estos instrumentos tienen una gran resonancia que se utiliza para crear sonidos vibrantes y arm\u00f3nicos que tienen efectos curativos en el cuerpo y la mente. <\/b><\/p>\n<p><b>Los cuencos tibetanos han sido creados con conciencia e intenci\u00f3n y son utilizados como gu\u00edas en ritos ceremoniales, viajes astrales, el despertar de la conciencia y en la curaci\u00f3n de enfermedades tanto a nivel f\u00edsico, ps\u00edquico, mental, emocional y espiritualmente.<\/b><\/p>\n<ul>\n<li><strong>Contenido<\/strong>: 1 Pz.<\/li>\n<li><strong>Medidas<\/strong>: <strong>Taz\u00f3n 1<\/strong>: 5 cm x 9.5 cm.<\/li>\n<li><strong>Peso<\/strong>: <strong>Taz\u00f3n 1<\/strong>: .306 kg.<\/li>\n<\/ul>\n","protected":false},"featured_media":5662,"comment_status":"open","ping_status":"closed","template":"","meta":[],"product_brand":[],"product_cat":[199],"product_tag":[202,201,200],"class_list":{"0":"post-5661","1":"product","2":"type-product","3":"status-publish","4":"has-post-thumbnail","6":"product_cat-tazones-tibetanos","7":"product_tag-cuenco-tibetano","8":"product_tag-tazon-para-sonido","9":"product_tag-tazon-tibetano","11":"first","12":"instock","13":"product-type-simple"},"_links":{"self":[{"href":"https:\/\/www.intiworld.com\/index.php?rest_route=\/wp\/v2\/product\/5661","targetHints":{"allow":["GET"]}}],"collection":[{"href":"https:\/\/www.intiworld.com\/index.php?rest_route=\/wp\/v2\/product"}],"about":[{"href":"https:\/\/www.intiworld.com\/index.php?rest_route=\/wp\/v2\/types\/product"}],"replies":[{"embeddable":true,"href":"https:\/\/www.intiworld.com\/index.php?rest_route=%2Fwp%2Fv2%2Fcomments&post=5661"}],"version-history":[{"count":1,"href":"https:\/\/www.intiworld.com\/index.php?rest_route=\/wp\/v2\/product\/5661\/revisions"}],"predecessor-version":[{"id":5665,"href":"https:\/\/www.intiworld.com\/index.php?rest_route=\/wp\/v2\/product\/5661\/revisions\/5665"}],"wp:featuredmedia":[{"embeddable":true,"href":"https:\/\/www.intiworld.com\/index.php?rest_route=\/wp\/v2\/media\/5662"}],"wp:attachment":[{"href":"https:\/\/www.intiworld.com\/index.php?rest_route=%2Fwp%2Fv2%2Fmedia&parent=5661"}],"wp:term":[{"taxonomy":"product_brand","embeddable":true,"href":"https:\/\/www.intiworld.com\/index.php?rest_route=%2Fwp%2Fv2%2Fproduct_brand&post=5661"},{"taxonomy":"product_cat","embeddable":true,"href":"https:\/\/www.intiworld.com\/index.php?rest_route=%2Fwp%2Fv2%2Fproduct_cat&post=5661"},{"taxonomy":"product_tag","embeddable":true,"href":"https:\/\/www.intiworld.com\/index.php?rest_route=%2Fwp%2Fv2%2Fproduct_tag&post=5661"}],"curies":[{"name":"wp","href":"https:\/\/api.w.org\/{rel}","templated":true}]}}