{"id":5533,"date":"2024-07-23T19:43:39","date_gmt":"2024-07-23T19:43:39","guid":{"rendered":"https:\/\/www.intiworld.com\/?post_type=product&#038;p=5533"},"modified":"2024-07-23T19:47:31","modified_gmt":"2024-07-23T19:47:31","slug":"tazon-tibetano-naranja-con-marron-set-de-3-pz","status":"publish","type":"product","link":"https:\/\/www.intiworld.com\/?product=tazon-tibetano-naranja-con-marron-set-de-3-pz","title":{"rendered":"Taz\u00f3n tibetano naranja con marr\u00f3n set de 3 pz"},"content":{"rendered":"<p>&nbsp;<\/p>\n<p>&nbsp;<\/p>\n","protected":false},"excerpt":{"rendered":"<p><b>Los tazones cantadores se usan en Asia en el <a title=\"\" href=\"https:\/\/es.wikipedia.org\/wiki\/Budismo\"><span style=\"color: #000000;\">budismo<\/span><\/a>\u00a0para\u00a0<a title=\"Meditaci\u00f3n\" href=\"https:\/\/es.wikipedia.org\/wiki\/Meditaci%C3%B3n\"><span style=\"color: #000000;\">meditaci\u00f3n<\/span><\/a>, inducci\u00f3n al\u00a0<span style=\"color: #000000;\"><a style=\"color: #000000;\" title=\"Trance\" href=\"https:\/\/es.wikipedia.org\/wiki\/Trance\">trance<\/a>\u00a0<\/span>y relajaci\u00f3n. Generalmente est\u00e1n fabricados por una aleaci\u00f3n de 7 a 9 metales.<\/b><b><\/b><\/p>\n<ul>\n<li><strong>Contenido<\/strong>: 3 Pz.<\/li>\n<li><strong>Medidas<\/strong>:\u00a0 \u00a0<strong>Taz\u00f3n 1<\/strong>: 7.5 cm x 15.5 cm. <strong>Taz\u00f3n 2<\/strong>: 8.5 cm x 16.5cm. <strong>Taz\u00f3n 3<\/strong>: 9.5 cm x 19.5 cm.<\/li>\n<li><strong>Peso<\/strong>: 1.978 kg (<strong>Taz\u00f3n 1<\/strong>: .520 kg, <strong>Taz\u00f3n 2<\/strong>: .594 kg, <strong>Taz\u00f3n 3<\/strong>: .864 kg).<\/li>\n<\/ul>\n","protected":false},"featured_media":5543,"comment_status":"open","ping_status":"closed","template":"","meta":[],"product_brand":[],"product_cat":[199],"product_tag":[202,201,200],"class_list":{"0":"post-5533","1":"product","2":"type-product","3":"status-publish","4":"has-post-thumbnail","6":"product_cat-tazones-tibetanos","7":"product_tag-cuenco-tibetano","8":"product_tag-tazon-para-sonido","9":"product_tag-tazon-tibetano","11":"first","12":"instock","13":"product-type-simple"},"_links":{"self":[{"href":"https:\/\/www.intiworld.com\/index.php?rest_route=\/wp\/v2\/product\/5533","targetHints":{"allow":["GET"]}}],"collection":[{"href":"https:\/\/www.intiworld.com\/index.php?rest_route=\/wp\/v2\/product"}],"about":[{"href":"https:\/\/www.intiworld.com\/index.php?rest_route=\/wp\/v2\/types\/product"}],"replies":[{"embeddable":true,"href":"https:\/\/www.intiworld.com\/index.php?rest_route=%2Fwp%2Fv2%2Fcomments&post=5533"}],"version-history":[{"count":1,"href":"https:\/\/www.intiworld.com\/index.php?rest_route=\/wp\/v2\/product\/5533\/revisions"}],"predecessor-version":[{"id":5546,"href":"https:\/\/www.intiworld.com\/index.php?rest_route=\/wp\/v2\/product\/5533\/revisions\/5546"}],"wp:featuredmedia":[{"embeddable":true,"href":"https:\/\/www.intiworld.com\/index.php?rest_route=\/wp\/v2\/media\/5543"}],"wp:attachment":[{"href":"https:\/\/www.intiworld.com\/index.php?rest_route=%2Fwp%2Fv2%2Fmedia&parent=5533"}],"wp:term":[{"taxonomy":"product_brand","embeddable":true,"href":"https:\/\/www.intiworld.com\/index.php?rest_route=%2Fwp%2Fv2%2Fproduct_brand&post=5533"},{"taxonomy":"product_cat","embeddable":true,"href":"https:\/\/www.intiworld.com\/index.php?rest_route=%2Fwp%2Fv2%2Fproduct_cat&post=5533"},{"taxonomy":"product_tag","embeddable":true,"href":"https:\/\/www.intiworld.com\/index.php?rest_route=%2Fwp%2Fv2%2Fproduct_tag&post=5533"}],"curies":[{"name":"wp","href":"https:\/\/api.w.org\/{rel}","templated":true}]}}