{"id":5318,"date":"2024-07-04T20:40:51","date_gmt":"2024-07-04T20:40:51","guid":{"rendered":"https:\/\/www.intiworld.com\/?post_type=product&#038;p=5318"},"modified":"2024-07-04T20:44:39","modified_gmt":"2024-07-04T20:44:39","slug":"tingsha-tibetana-de-8-cm","status":"publish","type":"product","link":"https:\/\/www.intiworld.com\/?product=tingsha-tibetana-de-8-cm","title":{"rendered":"Tingsha Tibetana de 8 cm"},"content":{"rendered":"<p>&nbsp;<\/p>\n<p>&nbsp;<\/p>\n","protected":false},"excerpt":{"rendered":"<p><b>El t\u00e9rmino tibetano Ting se refiere a la vibraci\u00f3n del sonido del metal; tambi\u00e9n significa campanilla de bronce o plata ofrendado en un altar Budista. El t\u00e9rmino Sha significa colgado o suspendido. As\u00ed Ting-sha toma los significados de c\u00edmbalos suspendidos de metal sonoro y el de una nota musical sostenida.<\/b><\/p>\n<p><b> Hoy en d\u00eda, la Tingsha es muy utilizada junto con los\u00a0cuencos tibetanos en la m\u00fasico-terapia.<br \/>\nMuchas veces, se utiliza para definir el comienzo y el final de un per\u00edodo de\u00a0meditaci\u00f3n.\u00a0Al golpear una campana contra la otra, se crea un sonido intenso y puro que invita a concentrar y enfocar la mente..\u00a0<\/b><\/p>\n<ul>\n<li><strong>Contenido<\/strong>: 1 Pz.<\/li>\n<li><strong>Medidas<\/strong>: 8 cm de Di\u00e1metro<\/li>\n<li><strong>Peso<\/strong>: .348 kg<\/li>\n<\/ul>\n","protected":false},"featured_media":5322,"comment_status":"open","ping_status":"closed","template":"","meta":[],"product_brand":[],"product_cat":[203],"product_tag":[205,204],"class_list":{"0":"post-5318","1":"product","2":"type-product","3":"status-publish","4":"has-post-thumbnail","6":"product_cat-tingshas-tibetanas","7":"product_tag-tingsha","8":"product_tag-tingsha-tibetana","10":"first","11":"instock","12":"product-type-simple"},"_links":{"self":[{"href":"https:\/\/www.intiworld.com\/index.php?rest_route=\/wp\/v2\/product\/5318","targetHints":{"allow":["GET"]}}],"collection":[{"href":"https:\/\/www.intiworld.com\/index.php?rest_route=\/wp\/v2\/product"}],"about":[{"href":"https:\/\/www.intiworld.com\/index.php?rest_route=\/wp\/v2\/types\/product"}],"replies":[{"embeddable":true,"href":"https:\/\/www.intiworld.com\/index.php?rest_route=%2Fwp%2Fv2%2Fcomments&post=5318"}],"version-history":[{"count":1,"href":"https:\/\/www.intiworld.com\/index.php?rest_route=\/wp\/v2\/product\/5318\/revisions"}],"predecessor-version":[{"id":5323,"href":"https:\/\/www.intiworld.com\/index.php?rest_route=\/wp\/v2\/product\/5318\/revisions\/5323"}],"wp:featuredmedia":[{"embeddable":true,"href":"https:\/\/www.intiworld.com\/index.php?rest_route=\/wp\/v2\/media\/5322"}],"wp:attachment":[{"href":"https:\/\/www.intiworld.com\/index.php?rest_route=%2Fwp%2Fv2%2Fmedia&parent=5318"}],"wp:term":[{"taxonomy":"product_brand","embeddable":true,"href":"https:\/\/www.intiworld.com\/index.php?rest_route=%2Fwp%2Fv2%2Fproduct_brand&post=5318"},{"taxonomy":"product_cat","embeddable":true,"href":"https:\/\/www.intiworld.com\/index.php?rest_route=%2Fwp%2Fv2%2Fproduct_cat&post=5318"},{"taxonomy":"product_tag","embeddable":true,"href":"https:\/\/www.intiworld.com\/index.php?rest_route=%2Fwp%2Fv2%2Fproduct_tag&post=5318"}],"curies":[{"name":"wp","href":"https:\/\/api.w.org\/{rel}","templated":true}]}}