{"id":5312,"date":"2024-07-04T20:19:52","date_gmt":"2024-07-04T20:19:52","guid":{"rendered":"https:\/\/www.intiworld.com\/?post_type=product&#038;p=5312"},"modified":"2024-07-04T20:30:14","modified_gmt":"2024-07-04T20:30:14","slug":"tingsha-tibetana-de-7-cm","status":"publish","type":"product","link":"https:\/\/www.intiworld.com\/?product=tingsha-tibetana-de-7-cm","title":{"rendered":"Tingsha Tibetana de 7 cm"},"content":{"rendered":"<p>&nbsp;<\/p>\n<p>&nbsp;<\/p>\n","protected":false},"excerpt":{"rendered":"<p><b>El t\u00e9rmino tibetano Ting se refiere a la vibraci\u00f3n del sonido del metal; tambi\u00e9n significa campanilla de bronce o plata ofrendado en un altar Budista. El t\u00e9rmino Sha significa colgado o suspendido. As\u00ed Ting-sha toma los significados de c\u00edmbalos suspendidos de metal sonoro y el de una nota musical sostenida.<\/b><\/p>\n<p><b> Hoy en d\u00eda, la Tingsha es muy utilizada junto con los\u00a0cuencos tibetanos en la m\u00fasico-terapia.<br \/>\nMuchas veces, se utiliza para definir el comienzo y el final de un per\u00edodo de\u00a0meditaci\u00f3n.\u00a0Al golpear una campana contra la otra, se crea un sonido intenso y puro que invita a concentrar y enfocar la mente..\u00a0<\/b><\/p>\n<ul>\n<li><strong>Contenido<\/strong>: 1 Pz.<\/li>\n<li><strong>Medidas<\/strong>: 7 cm de Di\u00e1metro<\/li>\n<li><strong>Peso<\/strong>: .314 kg<\/li>\n<\/ul>\n","protected":false},"featured_media":5313,"comment_status":"open","ping_status":"closed","template":"","meta":[],"product_brand":[],"product_cat":[203],"product_tag":[202,201,200],"class_list":{"0":"post-5312","1":"product","2":"type-product","3":"status-publish","4":"has-post-thumbnail","6":"product_cat-tingshas-tibetanas","7":"product_tag-cuenco-tibetano","8":"product_tag-tazon-para-sonido","9":"product_tag-tazon-tibetano","11":"first","12":"instock","13":"product-type-simple"},"_links":{"self":[{"href":"https:\/\/www.intiworld.com\/index.php?rest_route=\/wp\/v2\/product\/5312","targetHints":{"allow":["GET"]}}],"collection":[{"href":"https:\/\/www.intiworld.com\/index.php?rest_route=\/wp\/v2\/product"}],"about":[{"href":"https:\/\/www.intiworld.com\/index.php?rest_route=\/wp\/v2\/types\/product"}],"replies":[{"embeddable":true,"href":"https:\/\/www.intiworld.com\/index.php?rest_route=%2Fwp%2Fv2%2Fcomments&post=5312"}],"version-history":[{"count":1,"href":"https:\/\/www.intiworld.com\/index.php?rest_route=\/wp\/v2\/product\/5312\/revisions"}],"predecessor-version":[{"id":5317,"href":"https:\/\/www.intiworld.com\/index.php?rest_route=\/wp\/v2\/product\/5312\/revisions\/5317"}],"wp:featuredmedia":[{"embeddable":true,"href":"https:\/\/www.intiworld.com\/index.php?rest_route=\/wp\/v2\/media\/5313"}],"wp:attachment":[{"href":"https:\/\/www.intiworld.com\/index.php?rest_route=%2Fwp%2Fv2%2Fmedia&parent=5312"}],"wp:term":[{"taxonomy":"product_brand","embeddable":true,"href":"https:\/\/www.intiworld.com\/index.php?rest_route=%2Fwp%2Fv2%2Fproduct_brand&post=5312"},{"taxonomy":"product_cat","embeddable":true,"href":"https:\/\/www.intiworld.com\/index.php?rest_route=%2Fwp%2Fv2%2Fproduct_cat&post=5312"},{"taxonomy":"product_tag","embeddable":true,"href":"https:\/\/www.intiworld.com\/index.php?rest_route=%2Fwp%2Fv2%2Fproduct_tag&post=5312"}],"curies":[{"name":"wp","href":"https:\/\/api.w.org\/{rel}","templated":true}]}}