{"id":5282,"date":"2024-07-03T22:33:03","date_gmt":"2024-07-03T22:33:03","guid":{"rendered":"https:\/\/www.intiworld.com\/?post_type=product&#038;p=5282"},"modified":"2024-07-04T20:39:16","modified_gmt":"2024-07-04T20:39:16","slug":"tazon-tibetano-martillado-a-mano-12-5cm","status":"publish","type":"product","link":"https:\/\/www.intiworld.com\/?product=tazon-tibetano-martillado-a-mano-12-5cm","title":{"rendered":"Taz\u00f3n tibetano martillado a mano de 12.5cm"},"content":{"rendered":"<p>&nbsp;<\/p>\n<p>&nbsp;<\/p>\n","protected":false},"excerpt":{"rendered":"<p><b>Taz\u00f3n tibetano martillado a mano por expertos artesanales. <\/b><b>Los tazones cantadores se usan en Asia en el <a title=\"\" href=\"https:\/\/es.wikipedia.org\/wiki\/Budismo\"><span style=\"color: #000000;\">budismo<\/span><\/a>\u00a0para\u00a0<a title=\"Meditaci\u00f3n\" href=\"https:\/\/es.wikipedia.org\/wiki\/Meditaci%C3%B3n\"><span style=\"color: #000000;\">meditaci\u00f3n<\/span><\/a>, inducci\u00f3n al\u00a0<span style=\"color: #000000;\"><a style=\"color: #000000;\" title=\"Trance\" href=\"https:\/\/es.wikipedia.org\/wiki\/Trance\">trance<\/a>\u00a0<\/span>y relajaci\u00f3n. este modelo de taz\u00f3n esta hecho de lat\u00f3n de 7 metales.<\/b><\/p>\n<ul>\n<li><strong>Contenido<\/strong>: 1 Pz.<\/li>\n<li><strong>Medidas<\/strong>: 5 cm x 12.5 cm<\/li>\n<li><strong>Peso<\/strong>: .394 kg<\/li>\n<\/ul>\n","protected":false},"featured_media":5287,"comment_status":"open","ping_status":"closed","template":"","meta":[],"product_brand":[],"product_cat":[199],"product_tag":[202,201,200],"class_list":{"0":"post-5282","1":"product","2":"type-product","3":"status-publish","4":"has-post-thumbnail","6":"product_cat-tazones-tibetanos","7":"product_tag-cuenco-tibetano","8":"product_tag-tazon-para-sonido","9":"product_tag-tazon-tibetano","11":"first","12":"instock","13":"product-type-simple"},"_links":{"self":[{"href":"https:\/\/www.intiworld.com\/index.php?rest_route=\/wp\/v2\/product\/5282","targetHints":{"allow":["GET"]}}],"collection":[{"href":"https:\/\/www.intiworld.com\/index.php?rest_route=\/wp\/v2\/product"}],"about":[{"href":"https:\/\/www.intiworld.com\/index.php?rest_route=\/wp\/v2\/types\/product"}],"replies":[{"embeddable":true,"href":"https:\/\/www.intiworld.com\/index.php?rest_route=%2Fwp%2Fv2%2Fcomments&post=5282"}],"version-history":[{"count":2,"href":"https:\/\/www.intiworld.com\/index.php?rest_route=\/wp\/v2\/product\/5282\/revisions"}],"predecessor-version":[{"id":5298,"href":"https:\/\/www.intiworld.com\/index.php?rest_route=\/wp\/v2\/product\/5282\/revisions\/5298"}],"wp:featuredmedia":[{"embeddable":true,"href":"https:\/\/www.intiworld.com\/index.php?rest_route=\/wp\/v2\/media\/5287"}],"wp:attachment":[{"href":"https:\/\/www.intiworld.com\/index.php?rest_route=%2Fwp%2Fv2%2Fmedia&parent=5282"}],"wp:term":[{"taxonomy":"product_brand","embeddable":true,"href":"https:\/\/www.intiworld.com\/index.php?rest_route=%2Fwp%2Fv2%2Fproduct_brand&post=5282"},{"taxonomy":"product_cat","embeddable":true,"href":"https:\/\/www.intiworld.com\/index.php?rest_route=%2Fwp%2Fv2%2Fproduct_cat&post=5282"},{"taxonomy":"product_tag","embeddable":true,"href":"https:\/\/www.intiworld.com\/index.php?rest_route=%2Fwp%2Fv2%2Fproduct_tag&post=5282"}],"curies":[{"name":"wp","href":"https:\/\/api.w.org\/{rel}","templated":true}]}}