{"id":4604,"date":"2024-06-18T23:46:52","date_gmt":"2024-06-18T23:46:52","guid":{"rendered":"https:\/\/www.intiworld.com\/?post_type=product&#038;p=4604"},"modified":"2024-06-24T19:24:30","modified_gmt":"2024-06-24T19:24:30","slug":"gold-champa","status":"publish","type":"product","link":"https:\/\/www.intiworld.com\/?product=gold-champa","title":{"rendered":"Incienso Gold Champa"},"content":{"rendered":"<p>&nbsp;<\/p>\n<p>&nbsp;<\/p>\n","protected":false},"excerpt":{"rendered":"<p><b>Varitas de Incienso Deluxe Gold Champa odorantes de ambiente. Varitas de bamb\u00fa, polvo de s\u00e1ndalo, carb\u00f3n, aglutinante y esencia.<\/b><\/p>\n<ul>\n<li>Contenido: 12 varitas.<\/li>\n<li>Medida del Empaque: 5cm x 23cm x 1.5cm de cada cara.<\/li>\n<li>Color del empaque: Amarillo, Dorado y Rojo.<\/li>\n<\/ul>\n","protected":false},"featured_media":4606,"comment_status":"open","ping_status":"closed","template":"","meta":[],"product_brand":[],"product_cat":[180],"product_tag":[175,185,176],"class_list":{"0":"post-4604","1":"product","2":"type-product","3":"status-publish","4":"has-post-thumbnail","6":"product_cat-gold-champa","7":"product_tag-incienso","8":"product_tag-incienso-gold-champa","9":"product_tag-inciensos","11":"first","12":"instock","13":"product-type-simple"},"_links":{"self":[{"href":"https:\/\/www.intiworld.com\/index.php?rest_route=\/wp\/v2\/product\/4604","targetHints":{"allow":["GET"]}}],"collection":[{"href":"https:\/\/www.intiworld.com\/index.php?rest_route=\/wp\/v2\/product"}],"about":[{"href":"https:\/\/www.intiworld.com\/index.php?rest_route=\/wp\/v2\/types\/product"}],"replies":[{"embeddable":true,"href":"https:\/\/www.intiworld.com\/index.php?rest_route=%2Fwp%2Fv2%2Fcomments&post=4604"}],"version-history":[{"count":2,"href":"https:\/\/www.intiworld.com\/index.php?rest_route=\/wp\/v2\/product\/4604\/revisions"}],"predecessor-version":[{"id":4892,"href":"https:\/\/www.intiworld.com\/index.php?rest_route=\/wp\/v2\/product\/4604\/revisions\/4892"}],"wp:featuredmedia":[{"embeddable":true,"href":"https:\/\/www.intiworld.com\/index.php?rest_route=\/wp\/v2\/media\/4606"}],"wp:attachment":[{"href":"https:\/\/www.intiworld.com\/index.php?rest_route=%2Fwp%2Fv2%2Fmedia&parent=4604"}],"wp:term":[{"taxonomy":"product_brand","embeddable":true,"href":"https:\/\/www.intiworld.com\/index.php?rest_route=%2Fwp%2Fv2%2Fproduct_brand&post=4604"},{"taxonomy":"product_cat","embeddable":true,"href":"https:\/\/www.intiworld.com\/index.php?rest_route=%2Fwp%2Fv2%2Fproduct_cat&post=4604"},{"taxonomy":"product_tag","embeddable":true,"href":"https:\/\/www.intiworld.com\/index.php?rest_route=%2Fwp%2Fv2%2Fproduct_tag&post=4604"}],"curies":[{"name":"wp","href":"https:\/\/api.w.org\/{rel}","templated":true}]}}