{"id":4512,"date":"2024-06-18T21:08:27","date_gmt":"2024-06-18T21:08:27","guid":{"rendered":"https:\/\/www.intiworld.com\/?post_type=product&#038;p=4512"},"modified":"2024-06-24T19:42:29","modified_gmt":"2024-06-24T19:42:29","slug":"ambar-cono","status":"publish","type":"product","link":"https:\/\/www.intiworld.com\/?product=ambar-cono","title":{"rendered":"Incienso Isha Cono de \u00c1mbar"},"content":{"rendered":"<p>&nbsp;<\/p>\n<p>&nbsp;<\/p>\n","protected":false},"excerpt":{"rendered":"<p><strong>Elaborado exclusivamente con ingredientes naturales incluyendo carb\u00f3n y aceites arom\u00e1ticos para garantizar una experiencia realmente agradable. Encienda la varita hasta que haya sacado una peque\u00f1a flama. Ap\u00e1guela de tal forma que despida humo. Coloque la varita de incienso en un incensario adecuado.<\/strong><\/p>\n<p><strong>Incienso natural de aroma \u00c1mbar, Caja que contiene 14 conos, elaborado en la India.<\/strong><\/p>\n<ul>\n<li>Contenido: 14 Conos de 1.3cm de base x 3.8cm de altura.<\/li>\n<li>Medida del Empaque: 9.5cm x 7cm x 3cm de cada cara.<\/li>\n<li>Color del empaque: Colores Mixtos.<\/li>\n<\/ul>\n","protected":false},"featured_media":4515,"comment_status":"open","ping_status":"closed","template":"","meta":[],"product_brand":[],"product_cat":[172],"product_tag":[175,177,176],"class_list":{"0":"post-4512","1":"product","2":"type-product","3":"status-publish","4":"has-post-thumbnail","6":"product_cat-incienso-isha-cono","7":"product_tag-incienso","8":"product_tag-incienso-isha","9":"product_tag-inciensos","11":"first","12":"instock","13":"product-type-simple"},"_links":{"self":[{"href":"https:\/\/www.intiworld.com\/index.php?rest_route=\/wp\/v2\/product\/4512","targetHints":{"allow":["GET"]}}],"collection":[{"href":"https:\/\/www.intiworld.com\/index.php?rest_route=\/wp\/v2\/product"}],"about":[{"href":"https:\/\/www.intiworld.com\/index.php?rest_route=\/wp\/v2\/types\/product"}],"replies":[{"embeddable":true,"href":"https:\/\/www.intiworld.com\/index.php?rest_route=%2Fwp%2Fv2%2Fcomments&post=4512"}],"version-history":[{"count":2,"href":"https:\/\/www.intiworld.com\/index.php?rest_route=\/wp\/v2\/product\/4512\/revisions"}],"predecessor-version":[{"id":4910,"href":"https:\/\/www.intiworld.com\/index.php?rest_route=\/wp\/v2\/product\/4512\/revisions\/4910"}],"wp:featuredmedia":[{"embeddable":true,"href":"https:\/\/www.intiworld.com\/index.php?rest_route=\/wp\/v2\/media\/4515"}],"wp:attachment":[{"href":"https:\/\/www.intiworld.com\/index.php?rest_route=%2Fwp%2Fv2%2Fmedia&parent=4512"}],"wp:term":[{"taxonomy":"product_brand","embeddable":true,"href":"https:\/\/www.intiworld.com\/index.php?rest_route=%2Fwp%2Fv2%2Fproduct_brand&post=4512"},{"taxonomy":"product_cat","embeddable":true,"href":"https:\/\/www.intiworld.com\/index.php?rest_route=%2Fwp%2Fv2%2Fproduct_cat&post=4512"},{"taxonomy":"product_tag","embeddable":true,"href":"https:\/\/www.intiworld.com\/index.php?rest_route=%2Fwp%2Fv2%2Fproduct_tag&post=4512"}],"curies":[{"name":"wp","href":"https:\/\/api.w.org\/{rel}","templated":true}]}}