{"id":447,"date":"2022-10-17T20:19:16","date_gmt":"2022-10-17T20:19:16","guid":{"rendered":"https:\/\/intiworld.com\/?post_type=product&#038;p=447"},"modified":"2024-06-13T22:30:52","modified_gmt":"2024-06-13T22:30:52","slug":"fluorita","status":"publish","type":"product","link":"https:\/\/www.intiworld.com\/?product=fluorita","title":{"rendered":"Fluorita"},"content":{"rendered":"","protected":false},"excerpt":{"rendered":"<p>La fluorita es un mineral conformado por Calcio y Fl\u00faor. Tiene una estructura cristalina y c\u00fabico. Posee propiedades f\u00edsicas de termoluminiscencia y fluorescencia en luz ultravioleta. Tiene una dureza de 4 en la escala de Mohs, por lo que puede ser rayada con un cuchillo de acero.<\/p>\n<p>Esot\u00e9ricamente hablando, la fluorita es una piedra que purifica y estabiliza las vibraciones. Es muy usado para las meditaciones, porque promueve la concentraci\u00f3n. Tambi\u00e9n, ayuda a conciliar el sue\u00f1o.<\/p>\n<p>M\u00e1s de esta categor\u00eda: <span style=\"font-weight: 300;\">Obsidiana Arco Iris, Obsidiana Manto Huichol, Calcita Azul, Calcita \u00d3ptica, Amatista, \u00c1gata, geodas de Zacatecas, Mini geodas, Jaspe Picasso, Jaspe madera, Rosa del Desierto, selenita, \u00c1gata de fuego, \u00f3palo, Jaspe Imperial, etc.<\/span><\/p>\n","protected":false},"featured_media":448,"comment_status":"open","ping_status":"closed","template":"","meta":[],"product_brand":[],"product_cat":[178],"product_tag":[],"class_list":{"0":"post-447","1":"product","2":"type-product","3":"status-publish","4":"has-post-thumbnail","6":"product_cat-piedras-mexicanas-que-exportamos","8":"first","9":"instock","10":"featured","11":"virtual","12":"taxable","13":"product-type-simple"},"_links":{"self":[{"href":"https:\/\/www.intiworld.com\/index.php?rest_route=\/wp\/v2\/product\/447","targetHints":{"allow":["GET"]}}],"collection":[{"href":"https:\/\/www.intiworld.com\/index.php?rest_route=\/wp\/v2\/product"}],"about":[{"href":"https:\/\/www.intiworld.com\/index.php?rest_route=\/wp\/v2\/types\/product"}],"replies":[{"embeddable":true,"href":"https:\/\/www.intiworld.com\/index.php?rest_route=%2Fwp%2Fv2%2Fcomments&post=447"}],"version-history":[{"count":1,"href":"https:\/\/www.intiworld.com\/index.php?rest_route=\/wp\/v2\/product\/447\/revisions"}],"predecessor-version":[{"id":4277,"href":"https:\/\/www.intiworld.com\/index.php?rest_route=\/wp\/v2\/product\/447\/revisions\/4277"}],"wp:featuredmedia":[{"embeddable":true,"href":"https:\/\/www.intiworld.com\/index.php?rest_route=\/wp\/v2\/media\/448"}],"wp:attachment":[{"href":"https:\/\/www.intiworld.com\/index.php?rest_route=%2Fwp%2Fv2%2Fmedia&parent=447"}],"wp:term":[{"taxonomy":"product_brand","embeddable":true,"href":"https:\/\/www.intiworld.com\/index.php?rest_route=%2Fwp%2Fv2%2Fproduct_brand&post=447"},{"taxonomy":"product_cat","embeddable":true,"href":"https:\/\/www.intiworld.com\/index.php?rest_route=%2Fwp%2Fv2%2Fproduct_cat&post=447"},{"taxonomy":"product_tag","embeddable":true,"href":"https:\/\/www.intiworld.com\/index.php?rest_route=%2Fwp%2Fv2%2Fproduct_tag&post=447"}],"curies":[{"name":"wp","href":"https:\/\/api.w.org\/{rel}","templated":true}]}}