{"id":4122,"date":"2024-06-13T18:58:09","date_gmt":"2024-06-13T18:58:09","guid":{"rendered":"https:\/\/www.intiworld.com\/?post_type=product&#038;p=4122"},"modified":"2024-06-24T20:08:34","modified_gmt":"2024-06-24T20:08:34","slug":"sandalo","status":"publish","type":"product","link":"https:\/\/www.intiworld.com\/?product=sandalo","title":{"rendered":"Incienso Isha de Sandalo"},"content":{"rendered":"<p>Elaborado exclusivamente con ingredientes naturales incluyendo carb\u00f3n y aceites arom\u00e1ticos para garantizar una experiencia realmente agradable. Encienda la varita hasta que haya sacado una peque\u00f1a flama. Ap\u00e1guela de tal forma que despida humo. Coloque la varita de incienso en un incensario adecuado.<\/p>\n<p>Incienso natural de aroma S\u00e1ndalo, sobre que contiene 20 varitas, elaborado en la India.<\/p>\n<p>&nbsp;<\/p>\n","protected":false},"excerpt":{"rendered":"<ul>\n<li>Contenido: 20 Varitas.<\/li>\n<li>Medida del Sobre: 6.5xm x 30cm.<\/li>\n<li>Color del empaque: Blanco.<\/li>\n<\/ul>\n","protected":false},"featured_media":4123,"comment_status":"open","ping_status":"closed","template":"","meta":[],"product_brand":[],"product_cat":[171],"product_tag":[175,177,176],"class_list":{"0":"post-4122","1":"product","2":"type-product","3":"status-publish","4":"has-post-thumbnail","6":"product_cat-incienso-isha-sobre","7":"product_tag-incienso","8":"product_tag-incienso-isha","9":"product_tag-inciensos","11":"first","12":"instock","13":"product-type-simple"},"_links":{"self":[{"href":"https:\/\/www.intiworld.com\/index.php?rest_route=\/wp\/v2\/product\/4122","targetHints":{"allow":["GET"]}}],"collection":[{"href":"https:\/\/www.intiworld.com\/index.php?rest_route=\/wp\/v2\/product"}],"about":[{"href":"https:\/\/www.intiworld.com\/index.php?rest_route=\/wp\/v2\/types\/product"}],"replies":[{"embeddable":true,"href":"https:\/\/www.intiworld.com\/index.php?rest_route=%2Fwp%2Fv2%2Fcomments&post=4122"}],"version-history":[{"count":3,"href":"https:\/\/www.intiworld.com\/index.php?rest_route=\/wp\/v2\/product\/4122\/revisions"}],"predecessor-version":[{"id":4983,"href":"https:\/\/www.intiworld.com\/index.php?rest_route=\/wp\/v2\/product\/4122\/revisions\/4983"}],"wp:featuredmedia":[{"embeddable":true,"href":"https:\/\/www.intiworld.com\/index.php?rest_route=\/wp\/v2\/media\/4123"}],"wp:attachment":[{"href":"https:\/\/www.intiworld.com\/index.php?rest_route=%2Fwp%2Fv2%2Fmedia&parent=4122"}],"wp:term":[{"taxonomy":"product_brand","embeddable":true,"href":"https:\/\/www.intiworld.com\/index.php?rest_route=%2Fwp%2Fv2%2Fproduct_brand&post=4122"},{"taxonomy":"product_cat","embeddable":true,"href":"https:\/\/www.intiworld.com\/index.php?rest_route=%2Fwp%2Fv2%2Fproduct_cat&post=4122"},{"taxonomy":"product_tag","embeddable":true,"href":"https:\/\/www.intiworld.com\/index.php?rest_route=%2Fwp%2Fv2%2Fproduct_tag&post=4122"}],"curies":[{"name":"wp","href":"https:\/\/api.w.org\/{rel}","templated":true}]}}