{"id":216,"date":"2022-10-15T05:16:31","date_gmt":"2022-10-15T05:16:31","guid":{"rendered":"https:\/\/intiworld.com\/?post_type=product&#038;p=216"},"modified":"2024-06-13T22:34:56","modified_gmt":"2024-06-13T22:34:56","slug":"calcita-azul","status":"publish","type":"product","link":"https:\/\/www.intiworld.com\/?product=calcita-azul","title":{"rendered":"Calcita Azul"},"content":{"rendered":"","protected":false},"excerpt":{"rendered":"<p>La calcita azul es un mineral muy com\u00fan. Se forma a partir de carbonato de calcio. Esta se forma gracias a los procesos biol\u00f3gicos y sedimentarios de los corales, moluscos y placas. Esto quiere decir que estos se disolvieron hace millones de a\u00f1os para convertirse en calcita. Pertenece al grupo de los Carbonatos, cuenta con una dureza de 3 en la escala de Mohs, as\u00ed que puede rayarse f\u00e1cilmente con una moneda de cobre.<\/p>\n<p>Por el lado esot\u00e9rico, la calcita azul tiene el poder de limpiar y amplificar las energ\u00edas. Se cree que ayuda a promover el intelecto y la inteligencia emocional. As\u00edmismo, ayuda a relajar y remover la tensi\u00f3n emocional para neutralizar energ\u00edas.<\/p>\n<p>M\u00e1s de esta categor\u00eda: <span style=\"font-weight: 300;\">Obsidiana Arco Iris, Obsidiana Manto Huichol, Calcita Azul, Calcita \u00d3ptica, Amatista, \u00c1gata, geodas de Zacatecas, Mini geodas, Jaspe Picasso, Jaspe madera, Rosa del Desierto, selenita, \u00c1gata de fuego, \u00f3palo, Jaspe Imperial, etc.<\/span><\/p>\n","protected":false},"featured_media":217,"comment_status":"open","ping_status":"closed","template":"","meta":[],"product_brand":[],"product_cat":[178],"product_tag":[],"class_list":{"0":"post-216","1":"product","2":"type-product","3":"status-publish","4":"has-post-thumbnail","6":"product_cat-piedras-mexicanas-que-exportamos","8":"first","9":"instock","10":"featured","11":"virtual","12":"taxable","13":"product-type-simple"},"_links":{"self":[{"href":"https:\/\/www.intiworld.com\/index.php?rest_route=\/wp\/v2\/product\/216","targetHints":{"allow":["GET"]}}],"collection":[{"href":"https:\/\/www.intiworld.com\/index.php?rest_route=\/wp\/v2\/product"}],"about":[{"href":"https:\/\/www.intiworld.com\/index.php?rest_route=\/wp\/v2\/types\/product"}],"replies":[{"embeddable":true,"href":"https:\/\/www.intiworld.com\/index.php?rest_route=%2Fwp%2Fv2%2Fcomments&post=216"}],"version-history":[{"count":2,"href":"https:\/\/www.intiworld.com\/index.php?rest_route=\/wp\/v2\/product\/216\/revisions"}],"predecessor-version":[{"id":4278,"href":"https:\/\/www.intiworld.com\/index.php?rest_route=\/wp\/v2\/product\/216\/revisions\/4278"}],"wp:featuredmedia":[{"embeddable":true,"href":"https:\/\/www.intiworld.com\/index.php?rest_route=\/wp\/v2\/media\/217"}],"wp:attachment":[{"href":"https:\/\/www.intiworld.com\/index.php?rest_route=%2Fwp%2Fv2%2Fmedia&parent=216"}],"wp:term":[{"taxonomy":"product_brand","embeddable":true,"href":"https:\/\/www.intiworld.com\/index.php?rest_route=%2Fwp%2Fv2%2Fproduct_brand&post=216"},{"taxonomy":"product_cat","embeddable":true,"href":"https:\/\/www.intiworld.com\/index.php?rest_route=%2Fwp%2Fv2%2Fproduct_cat&post=216"},{"taxonomy":"product_tag","embeddable":true,"href":"https:\/\/www.intiworld.com\/index.php?rest_route=%2Fwp%2Fv2%2Fproduct_tag&post=216"}],"curies":[{"name":"wp","href":"https:\/\/api.w.org\/{rel}","templated":true}]}}