{"id":16223,"date":"2025-08-27T20:22:39","date_gmt":"2025-08-27T20:22:39","guid":{"rendered":"https:\/\/www.intiworld.com\/?post_type=product&#038;p=16223"},"modified":"2025-08-27T20:29:44","modified_gmt":"2025-08-27T20:29:44","slug":"estuche-de-plastico-para-bisuteria-en-forma-de-oso","status":"publish","type":"product","link":"https:\/\/www.intiworld.com\/?product=estuche-de-plastico-para-bisuteria-en-forma-de-oso","title":{"rendered":"Estuche de pl\u00e1stico para bisuter\u00eda en forma de oso"},"content":{"rendered":"","protected":false},"excerpt":{"rendered":"<p>Estuche de pl\u00e1stico para separar todos tus insumos o art\u00edculos para elaborar joyas y bisuter\u00eda.<\/p>\n<p><strong>Tama\u00f1o<\/strong>: 15.5 cm de largo x 13 cm de ancho x 2 cm de alto.<br \/>\n<strong>Color<\/strong>: Transparente.<br \/>\n<strong>Formato de venta<\/strong>: Por Pieza.<br \/>\n<strong>Forma de entrega<\/strong>: Recoge en tienda o Envio por paqueter\u00eda.<\/p>\n<p>Cualquier duda con este material favor de mandar whats app o mandar correo electr\u00f3nico.<\/p>\n","protected":false},"featured_media":16212,"comment_status":"open","ping_status":"closed","template":"","meta":[],"product_brand":[],"product_cat":[279],"product_tag":[],"class_list":{"0":"post-16223","1":"product","2":"type-product","3":"status-publish","4":"has-post-thumbnail","6":"product_cat-estuches-de-plastico","8":"first","9":"instock","10":"taxable","11":"shipping-taxable","12":"product-type-simple"},"_links":{"self":[{"href":"https:\/\/www.intiworld.com\/index.php?rest_route=\/wp\/v2\/product\/16223","targetHints":{"allow":["GET"]}}],"collection":[{"href":"https:\/\/www.intiworld.com\/index.php?rest_route=\/wp\/v2\/product"}],"about":[{"href":"https:\/\/www.intiworld.com\/index.php?rest_route=\/wp\/v2\/types\/product"}],"replies":[{"embeddable":true,"href":"https:\/\/www.intiworld.com\/index.php?rest_route=%2Fwp%2Fv2%2Fcomments&post=16223"}],"version-history":[{"count":2,"href":"https:\/\/www.intiworld.com\/index.php?rest_route=\/wp\/v2\/product\/16223\/revisions"}],"predecessor-version":[{"id":16225,"href":"https:\/\/www.intiworld.com\/index.php?rest_route=\/wp\/v2\/product\/16223\/revisions\/16225"}],"wp:featuredmedia":[{"embeddable":true,"href":"https:\/\/www.intiworld.com\/index.php?rest_route=\/wp\/v2\/media\/16212"}],"wp:attachment":[{"href":"https:\/\/www.intiworld.com\/index.php?rest_route=%2Fwp%2Fv2%2Fmedia&parent=16223"}],"wp:term":[{"taxonomy":"product_brand","embeddable":true,"href":"https:\/\/www.intiworld.com\/index.php?rest_route=%2Fwp%2Fv2%2Fproduct_brand&post=16223"},{"taxonomy":"product_cat","embeddable":true,"href":"https:\/\/www.intiworld.com\/index.php?rest_route=%2Fwp%2Fv2%2Fproduct_cat&post=16223"},{"taxonomy":"product_tag","embeddable":true,"href":"https:\/\/www.intiworld.com\/index.php?rest_route=%2Fwp%2Fv2%2Fproduct_tag&post=16223"}],"curies":[{"name":"wp","href":"https:\/\/api.w.org\/{rel}","templated":true}]}}