{"id":15275,"date":"2025-04-10T19:11:31","date_gmt":"2025-04-10T19:11:31","guid":{"rendered":"https:\/\/www.intiworld.com\/?post_type=product&#038;p=15275"},"modified":"2025-04-10T19:12:49","modified_gmt":"2025-04-10T19:12:49","slug":"lengueta-de-piedra-obsidiana-marron-con-perforacion","status":"publish","type":"product","link":"https:\/\/www.intiworld.com\/?product=lengueta-de-piedra-obsidiana-marron-con-perforacion","title":{"rendered":"Lengueta de piedra obsidiana marr\u00f3n con perforaci\u00f3n"},"content":{"rendered":"","protected":false},"excerpt":{"rendered":"<p><strong>Mineral:\u00a0<\/strong>Obsidiana Marr\u00f3n.<strong><br \/>\nComposici\u00f3n:\u00a0<\/strong>70\u201375\u00a0% SiO<sub>2<\/sub>, plus MgO, Fe<sub>3<\/sub>O<sub>4.<\/sub><strong><sub><br \/>\n<\/sub>Grupo:<\/strong>roca \u00edgnea\u2014volc\u00e1nica (vidrio volc\u00e1nico).<strong><br \/>\nDureza:\u00a0<\/strong>5 \u2013 6 Escala Mhos.<strong><br \/>\nPropiedades Espirituales<\/strong>: La obsidiana marr\u00f3n se considera una\u00a0<b>potente piedra de crecimiento personal<\/b>. Es usada para la protecci\u00f3n, la limpieza y la purificaci\u00f3n. Se dice que la obsidiana caoba tiene una energ\u00eda m\u00e1s delicada que la negra. Favorece la conexi\u00f3n con la tierra y el equilibrio de los chakras sacro y plexo solar.<\/p>\n<p><strong>Tipo<\/strong>: Lengueta de Piedra con Perforaci\u00f3n.<br \/>\n<strong>Tama\u00f1o<\/strong>: 3.5cm de ancho x 5.5 cm de largo Aproximadamente.<br \/>\n<strong>Forma de venta<\/strong>: Por Pieza.<br \/>\n<strong>Forma de entrega<\/strong>: En tienda o Envio por paqueter\u00eda.<\/p>\n<p><strong>Nota<\/strong>: Para cualquier duda sobre este material favor de mandar mensaje de whats app o por correo electr\u00f3nico.<\/p>\n","protected":false},"featured_media":15239,"comment_status":"open","ping_status":"closed","template":"","meta":[],"product_brand":[],"product_cat":[502],"product_tag":[306,256],"class_list":{"0":"post-15275","1":"product","2":"type-product","3":"status-publish","4":"has-post-thumbnail","6":"product_cat-lenguetas-de-diferentes-piedras-con-perforacion","7":"product_tag-dije","8":"product_tag-piedra-natural","10":"first","11":"instock","12":"taxable","13":"shipping-taxable","14":"product-type-simple"},"_links":{"self":[{"href":"https:\/\/www.intiworld.com\/index.php?rest_route=\/wp\/v2\/product\/15275","targetHints":{"allow":["GET"]}}],"collection":[{"href":"https:\/\/www.intiworld.com\/index.php?rest_route=\/wp\/v2\/product"}],"about":[{"href":"https:\/\/www.intiworld.com\/index.php?rest_route=\/wp\/v2\/types\/product"}],"replies":[{"embeddable":true,"href":"https:\/\/www.intiworld.com\/index.php?rest_route=%2Fwp%2Fv2%2Fcomments&post=15275"}],"version-history":[{"count":1,"href":"https:\/\/www.intiworld.com\/index.php?rest_route=\/wp\/v2\/product\/15275\/revisions"}],"predecessor-version":[{"id":15276,"href":"https:\/\/www.intiworld.com\/index.php?rest_route=\/wp\/v2\/product\/15275\/revisions\/15276"}],"wp:featuredmedia":[{"embeddable":true,"href":"https:\/\/www.intiworld.com\/index.php?rest_route=\/wp\/v2\/media\/15239"}],"wp:attachment":[{"href":"https:\/\/www.intiworld.com\/index.php?rest_route=%2Fwp%2Fv2%2Fmedia&parent=15275"}],"wp:term":[{"taxonomy":"product_brand","embeddable":true,"href":"https:\/\/www.intiworld.com\/index.php?rest_route=%2Fwp%2Fv2%2Fproduct_brand&post=15275"},{"taxonomy":"product_cat","embeddable":true,"href":"https:\/\/www.intiworld.com\/index.php?rest_route=%2Fwp%2Fv2%2Fproduct_cat&post=15275"},{"taxonomy":"product_tag","embeddable":true,"href":"https:\/\/www.intiworld.com\/index.php?rest_route=%2Fwp%2Fv2%2Fproduct_tag&post=15275"}],"curies":[{"name":"wp","href":"https:\/\/api.w.org\/{rel}","templated":true}]}}