{"id":15267,"date":"2025-04-10T19:01:01","date_gmt":"2025-04-10T19:01:01","guid":{"rendered":"https:\/\/www.intiworld.com\/?post_type=product&#038;p=15267"},"modified":"2025-04-10T19:02:24","modified_gmt":"2025-04-10T19:02:24","slug":"lengueta-de-piedra-unakita-con-perforacion","status":"publish","type":"product","link":"https:\/\/www.intiworld.com\/?product=lengueta-de-piedra-unakita-con-perforacion","title":{"rendered":"Lengueta de piedra unakita con perforaci\u00f3n"},"content":{"rendered":"","protected":false},"excerpt":{"rendered":"<p><strong>Mineral:\u00a0<\/strong>Unakita.<br \/>\n<strong>Composici\u00f3n:<\/strong>\u00a0Ca2AI6 |Fe,AI| |SIO4| |SI2O7| O |OH|.<sub><br \/>\n<\/sub><strong>Grupo:<\/strong>Silicatos \u2013 sorosilicatos.<br \/>\n<strong>Dureza:\u00a0<\/strong>6 \u2013 7 Escala Mhos.<strong><br \/>\nPropiedades Espirituales<\/strong>: La\u00a0<strong>unakita<\/strong>\u00a0se considera una piedra de visi\u00f3n y transformaci\u00f3n. Se asocia al chakra coraz\u00f3n por su color verde y rosa. Aporta equilibrio y favorece la sanaci\u00f3n f\u00edsica y energ\u00e9tica. La\u00a0<strong>unakita<\/strong>\u00a0ayuda a limpiar bloqueos del pasado con una energ\u00eda suave, permitiendo potenciar el crecimiento personal y espiritual.<\/p>\n<p><strong>Tipo<\/strong>: Lengueta de Piedra con Perforaci\u00f3n.<br \/>\n<strong>Tama\u00f1o<\/strong>: 3.5cm de ancho x 5.5 cm de largo Aproximadamente.<br \/>\n<strong>Forma de venta<\/strong>: Por Pieza.<br \/>\n<strong>Forma de entrega<\/strong>: En tienda o Envio por paqueter\u00eda.<\/p>\n<p><strong>Nota<\/strong>: Para cualquier duda sobre este material favor de mandar mensaje de whats app o por correo electr\u00f3nico.<\/p>\n","protected":false},"featured_media":15242,"comment_status":"open","ping_status":"closed","template":"","meta":[],"product_brand":[],"product_cat":[502],"product_tag":[306,256],"class_list":{"0":"post-15267","1":"product","2":"type-product","3":"status-publish","4":"has-post-thumbnail","6":"product_cat-lenguetas-de-diferentes-piedras-con-perforacion","7":"product_tag-dije","8":"product_tag-piedra-natural","10":"first","11":"instock","12":"taxable","13":"shipping-taxable","14":"product-type-simple"},"_links":{"self":[{"href":"https:\/\/www.intiworld.com\/index.php?rest_route=\/wp\/v2\/product\/15267","targetHints":{"allow":["GET"]}}],"collection":[{"href":"https:\/\/www.intiworld.com\/index.php?rest_route=\/wp\/v2\/product"}],"about":[{"href":"https:\/\/www.intiworld.com\/index.php?rest_route=\/wp\/v2\/types\/product"}],"replies":[{"embeddable":true,"href":"https:\/\/www.intiworld.com\/index.php?rest_route=%2Fwp%2Fv2%2Fcomments&post=15267"}],"version-history":[{"count":1,"href":"https:\/\/www.intiworld.com\/index.php?rest_route=\/wp\/v2\/product\/15267\/revisions"}],"predecessor-version":[{"id":15268,"href":"https:\/\/www.intiworld.com\/index.php?rest_route=\/wp\/v2\/product\/15267\/revisions\/15268"}],"wp:featuredmedia":[{"embeddable":true,"href":"https:\/\/www.intiworld.com\/index.php?rest_route=\/wp\/v2\/media\/15242"}],"wp:attachment":[{"href":"https:\/\/www.intiworld.com\/index.php?rest_route=%2Fwp%2Fv2%2Fmedia&parent=15267"}],"wp:term":[{"taxonomy":"product_brand","embeddable":true,"href":"https:\/\/www.intiworld.com\/index.php?rest_route=%2Fwp%2Fv2%2Fproduct_brand&post=15267"},{"taxonomy":"product_cat","embeddable":true,"href":"https:\/\/www.intiworld.com\/index.php?rest_route=%2Fwp%2Fv2%2Fproduct_cat&post=15267"},{"taxonomy":"product_tag","embeddable":true,"href":"https:\/\/www.intiworld.com\/index.php?rest_route=%2Fwp%2Fv2%2Fproduct_tag&post=15267"}],"curies":[{"name":"wp","href":"https:\/\/api.w.org\/{rel}","templated":true}]}}