{"id":15183,"date":"2025-04-07T22:22:26","date_gmt":"2025-04-07T22:22:26","guid":{"rendered":"https:\/\/www.intiworld.com\/?post_type=product&#038;p=15183"},"modified":"2025-04-07T22:30:25","modified_gmt":"2025-04-07T22:30:25","slug":"gua-sha-de-perla-madre","status":"publish","type":"product","link":"https:\/\/www.intiworld.com\/?product=gua-sha-de-perla-madre","title":{"rendered":"Gua sha de perla madre"},"content":{"rendered":"","protected":false},"excerpt":{"rendered":"<p>Gua Sha Funci\u00f3n: El\u00a0<strong data-node-id=\"2.1\">Gua Sha<\/strong>\u00a0ha pasado de ser una\u00a0<strong data-node-id=\"2.3\">t\u00e9cnica terap\u00e9utica utilizada en la medicina tradicional china<\/strong>, a convertirse en el nuevo t\u00e9rmino de moda en el universo de la\u00a0belleza. Su nombre se traducir\u00eda como \u00abraspado de arena\u00bb o \u00abraspado de piel\u00bb ya que su objetivo es\u00a0<strong data-node-id=\"2.7\">mejorar la apariencia del cutis<\/strong>, aliviar la tensi\u00f3n muscular, reducir la inflamaci\u00f3n y promover la circulaci\u00f3n tras \u00abraspar\u00bb suavemente la piel con unos movimientos espec\u00edficos. De la mano de las expertas te contamos todo acerca de esta t\u00e9cnica que promete\u00a0<strong data-node-id=\"2.9\">revitalizar nuestro rostro, reducir las arrugas y promover la relajaci\u00f3n<\/strong>.<\/p>\n<p><strong>Propiedades<\/strong>: Es apreciada por su simbolismo y propiedades energ\u00e9ticas. Se la considera una piedra de protecci\u00f3n y suavidad, que ayuda a equilibrar las emociones y fomenta la paz interior. Adem\u00e1s, se dice que promueve la intuici\u00f3n y la claridad mental, estimulando la creatividad y la inspiraci\u00f3n.<\/p>\n<p><strong>Tipo<\/strong>: Gua Sha de madre perla.<br \/>\n<strong>Forma de venta<\/strong>: Por pieza.<br \/>\n<strong>Forma de entrega<\/strong>: En tienda o Envio por paqueter\u00eda.<\/p>\n<p><strong>Nota<\/strong>: Cualquier duda sobre este articulo favor de mandar mensaje de whats app o mandar correo electr\u00f3nico.<\/p>\n","protected":false},"featured_media":15159,"comment_status":"open","ping_status":"closed","template":"","meta":[],"product_brand":[],"product_cat":[500],"product_tag":[],"class_list":{"0":"post-15183","1":"product","2":"type-product","3":"status-publish","4":"has-post-thumbnail","6":"product_cat-gua-sha-de-perla-madre","8":"first","9":"instock","10":"taxable","11":"shipping-taxable","12":"product-type-simple"},"_links":{"self":[{"href":"https:\/\/www.intiworld.com\/index.php?rest_route=\/wp\/v2\/product\/15183","targetHints":{"allow":["GET"]}}],"collection":[{"href":"https:\/\/www.intiworld.com\/index.php?rest_route=\/wp\/v2\/product"}],"about":[{"href":"https:\/\/www.intiworld.com\/index.php?rest_route=\/wp\/v2\/types\/product"}],"replies":[{"embeddable":true,"href":"https:\/\/www.intiworld.com\/index.php?rest_route=%2Fwp%2Fv2%2Fcomments&post=15183"}],"version-history":[{"count":1,"href":"https:\/\/www.intiworld.com\/index.php?rest_route=\/wp\/v2\/product\/15183\/revisions"}],"predecessor-version":[{"id":15184,"href":"https:\/\/www.intiworld.com\/index.php?rest_route=\/wp\/v2\/product\/15183\/revisions\/15184"}],"wp:featuredmedia":[{"embeddable":true,"href":"https:\/\/www.intiworld.com\/index.php?rest_route=\/wp\/v2\/media\/15159"}],"wp:attachment":[{"href":"https:\/\/www.intiworld.com\/index.php?rest_route=%2Fwp%2Fv2%2Fmedia&parent=15183"}],"wp:term":[{"taxonomy":"product_brand","embeddable":true,"href":"https:\/\/www.intiworld.com\/index.php?rest_route=%2Fwp%2Fv2%2Fproduct_brand&post=15183"},{"taxonomy":"product_cat","embeddable":true,"href":"https:\/\/www.intiworld.com\/index.php?rest_route=%2Fwp%2Fv2%2Fproduct_cat&post=15183"},{"taxonomy":"product_tag","embeddable":true,"href":"https:\/\/www.intiworld.com\/index.php?rest_route=%2Fwp%2Fv2%2Fproduct_tag&post=15183"}],"curies":[{"name":"wp","href":"https:\/\/api.w.org\/{rel}","templated":true}]}}