{"id":15004,"date":"2025-04-01T23:31:51","date_gmt":"2025-04-01T23:31:51","guid":{"rendered":"https:\/\/www.intiworld.com\/?post_type=product&#038;p=15004"},"modified":"2025-04-01T23:32:33","modified_gmt":"2025-04-01T23:32:33","slug":"dije-de-cuarzo-ahumado-en-forma-de-bala","status":"publish","type":"product","link":"https:\/\/www.intiworld.com\/?product=dije-de-cuarzo-ahumado-en-forma-de-bala","title":{"rendered":"Dije de cuarzo ahumado en forma de bala"},"content":{"rendered":"","protected":false},"excerpt":{"rendered":"<p><strong>Mineral:\u00a0<\/strong>Cuarzo Ahumado.<br \/>\n<strong>Composici\u00f3n:\u00a0<\/strong>SiO<sub>2.<\/sub><strong><br \/>\nGrupo:\u00a0<\/strong>Silicatos \u2013 tectosilicatos.<strong><br \/>\nDureza: 7<\/strong>\u00a0Escala Mhos.<strong><br \/>\nPropiedades Espirituales<\/strong>: El Cuarzo Ahumado\u00a0<b>ayuda a disolver las energ\u00edas densas, promueve el pensamiento positivo y aporta calma emocional<\/b>. Potencia la fuerza necesaria para realizar y llevar a cabo los prop\u00f3sitos. Suele utilizarse para integrar la informaci\u00f3n despu\u00e9s de un trabajo meditativo.<\/p>\n<p><strong>Tipo<\/strong>: Dije en Forma de Bala.<br \/>\n<strong>Tama\u00f1o<\/strong>: 1cm de ancho x 4 cm de alto + 1cm de colgante de metal.<br \/>\n<strong>Forma de venta<\/strong>: Por Pieza.<br \/>\n<strong>Forma de entrega<\/strong>: En tienda o Envio por paqueter\u00eda.<\/p>\n<p><strong>Nota<\/strong>: Para cualquier duda sobre este material favor de mandar mensaje de whats app o por correo electr\u00f3nico.<\/p>\n","protected":false},"featured_media":14986,"comment_status":"open","ping_status":"closed","template":"","meta":[],"product_brand":[],"product_cat":[495],"product_tag":[306,256],"class_list":{"0":"post-15004","1":"product","2":"type-product","3":"status-publish","4":"has-post-thumbnail","6":"product_cat-dije-de-piedra-en-forma-de-bala","7":"product_tag-dije","8":"product_tag-piedra-natural","10":"first","11":"instock","12":"taxable","13":"shipping-taxable","14":"product-type-simple"},"_links":{"self":[{"href":"https:\/\/www.intiworld.com\/index.php?rest_route=\/wp\/v2\/product\/15004","targetHints":{"allow":["GET"]}}],"collection":[{"href":"https:\/\/www.intiworld.com\/index.php?rest_route=\/wp\/v2\/product"}],"about":[{"href":"https:\/\/www.intiworld.com\/index.php?rest_route=\/wp\/v2\/types\/product"}],"replies":[{"embeddable":true,"href":"https:\/\/www.intiworld.com\/index.php?rest_route=%2Fwp%2Fv2%2Fcomments&post=15004"}],"version-history":[{"count":1,"href":"https:\/\/www.intiworld.com\/index.php?rest_route=\/wp\/v2\/product\/15004\/revisions"}],"predecessor-version":[{"id":15005,"href":"https:\/\/www.intiworld.com\/index.php?rest_route=\/wp\/v2\/product\/15004\/revisions\/15005"}],"wp:featuredmedia":[{"embeddable":true,"href":"https:\/\/www.intiworld.com\/index.php?rest_route=\/wp\/v2\/media\/14986"}],"wp:attachment":[{"href":"https:\/\/www.intiworld.com\/index.php?rest_route=%2Fwp%2Fv2%2Fmedia&parent=15004"}],"wp:term":[{"taxonomy":"product_brand","embeddable":true,"href":"https:\/\/www.intiworld.com\/index.php?rest_route=%2Fwp%2Fv2%2Fproduct_brand&post=15004"},{"taxonomy":"product_cat","embeddable":true,"href":"https:\/\/www.intiworld.com\/index.php?rest_route=%2Fwp%2Fv2%2Fproduct_cat&post=15004"},{"taxonomy":"product_tag","embeddable":true,"href":"https:\/\/www.intiworld.com\/index.php?rest_route=%2Fwp%2Fv2%2Fproduct_tag&post=15004"}],"curies":[{"name":"wp","href":"https:\/\/api.w.org\/{rel}","templated":true}]}}