{"id":14977,"date":"2025-04-01T21:01:33","date_gmt":"2025-04-01T21:01:33","guid":{"rendered":"https:\/\/www.intiworld.com\/?post_type=product&#038;p=14977"},"modified":"2025-04-01T22:07:42","modified_gmt":"2025-04-01T22:07:42","slug":"dije-de-piedra-crisocola-en-forma-de-elefante","status":"publish","type":"product","link":"https:\/\/www.intiworld.com\/?product=dije-de-piedra-crisocola-en-forma-de-elefante","title":{"rendered":"Dije de piedra crisocola en forma de elefante"},"content":{"rendered":"","protected":false},"excerpt":{"rendered":"<p><strong>Mineral:\u00a0<\/strong>Crisocola.<br \/>\n<strong>Composici\u00f3n:\u00a0<\/strong>CU2H2(SI2O5)|OH|4 nH2O.<sub><br \/>\n<\/sub><strong>Grupo:<\/strong>Silicatos \u2013 filosilicatos<br \/>\n<strong>Dureza:<\/strong>2 -4\u00a0Escala Mhos.<strong><br \/>\nPropiedades Espirituales:\u00a0<\/strong>La\u00a0crisocola\u00a0se considera la piedra de la feminidad y simboliza el elemento agua, el verde y azul curativos. Ya que ayuda a equilibrar las hormonas que regulan los ciclos, suele ser empleada para tratar las molestias de la menstruaci\u00f3n, en la regeneraci\u00f3n y fortalecimiento de tejidos y para favorecer el embarazo y el parto. La\u00a0crisocola\u00a0aporta una energ\u00eda calmante y limpiadora. Promueve la paz interior y favorece la meditaci\u00f3n y la comunicaci\u00f3n.<\/p>\n<p><strong>Tipo<\/strong>: Dije en Forma de Elefante.<br \/>\n<strong>Tama\u00f1o<\/strong>: 1cm de ancho x 1.7cm de alto x 2.2 de fondo.<br \/>\n<strong>Forma de venta<\/strong>: Por Pieza.<br \/>\n<strong>Forma de entrega<\/strong>: En tienda o Envio por paqueter\u00eda.<\/p>\n<p><strong>Nota<\/strong>: Para cualquier duda sobre este material favor de mandar mensaje de whats app o por correo electr\u00f3nico.<\/p>\n","protected":false},"featured_media":14953,"comment_status":"open","ping_status":"closed","template":"","meta":[],"product_brand":[],"product_cat":[494],"product_tag":[306,256],"class_list":{"0":"post-14977","1":"product","2":"type-product","3":"status-publish","4":"has-post-thumbnail","6":"product_cat-dije-de-piedra-en-forma-de-elefante","7":"product_tag-dije","8":"product_tag-piedra-natural","10":"first","11":"instock","12":"taxable","13":"shipping-taxable","14":"product-type-simple"},"_links":{"self":[{"href":"https:\/\/www.intiworld.com\/index.php?rest_route=\/wp\/v2\/product\/14977","targetHints":{"allow":["GET"]}}],"collection":[{"href":"https:\/\/www.intiworld.com\/index.php?rest_route=\/wp\/v2\/product"}],"about":[{"href":"https:\/\/www.intiworld.com\/index.php?rest_route=\/wp\/v2\/types\/product"}],"replies":[{"embeddable":true,"href":"https:\/\/www.intiworld.com\/index.php?rest_route=%2Fwp%2Fv2%2Fcomments&post=14977"}],"version-history":[{"count":1,"href":"https:\/\/www.intiworld.com\/index.php?rest_route=\/wp\/v2\/product\/14977\/revisions"}],"predecessor-version":[{"id":14978,"href":"https:\/\/www.intiworld.com\/index.php?rest_route=\/wp\/v2\/product\/14977\/revisions\/14978"}],"wp:featuredmedia":[{"embeddable":true,"href":"https:\/\/www.intiworld.com\/index.php?rest_route=\/wp\/v2\/media\/14953"}],"wp:attachment":[{"href":"https:\/\/www.intiworld.com\/index.php?rest_route=%2Fwp%2Fv2%2Fmedia&parent=14977"}],"wp:term":[{"taxonomy":"product_brand","embeddable":true,"href":"https:\/\/www.intiworld.com\/index.php?rest_route=%2Fwp%2Fv2%2Fproduct_brand&post=14977"},{"taxonomy":"product_cat","embeddable":true,"href":"https:\/\/www.intiworld.com\/index.php?rest_route=%2Fwp%2Fv2%2Fproduct_cat&post=14977"},{"taxonomy":"product_tag","embeddable":true,"href":"https:\/\/www.intiworld.com\/index.php?rest_route=%2Fwp%2Fv2%2Fproduct_tag&post=14977"}],"curies":[{"name":"wp","href":"https:\/\/api.w.org\/{rel}","templated":true}]}}