{"id":14902,"date":"2025-03-31T20:38:45","date_gmt":"2025-03-31T20:38:45","guid":{"rendered":"https:\/\/www.intiworld.com\/?post_type=product&#038;p=14902"},"modified":"2025-03-31T20:49:45","modified_gmt":"2025-03-31T20:49:45","slug":"dije-de-piedra-lodolita-en-forma-de-amor-y-paz","status":"publish","type":"product","link":"https:\/\/www.intiworld.com\/?product=dije-de-piedra-lodolita-en-forma-de-amor-y-paz","title":{"rendered":"Dije de piedra lodolita en forma de amor y paz"},"content":{"rendered":"","protected":false},"excerpt":{"rendered":"<p><strong>Mineral:<\/strong>\u00a0Lodolita.<br \/>\n<strong>Composici\u00f3n:\u00a0<\/strong>SiO<sub>2.<\/sub><strong><br \/>\nGrupo:\u00a0<\/strong>Silicatos \u2013 tectosilicatos<strong><br \/>\nDureza:\u00a0<\/strong>7 Escala Mhos.<strong><br \/>\nPropiedades Espirituales<\/strong>: La Lodolita es un cristal que trae energ\u00eda de alta vibraci\u00f3n a nuestras vidas. Incluso cuando tengas d\u00edas ajetreados, este cristal aparecer\u00e1 para ti y conseguir\u00e1 un efecto calmante para reducir la ansiedad y el estr\u00e9s. Siempre te sentir\u00e1s inspirado para dar lo mejor de ti. En lugar de sucumbir a energ\u00edas no deseadas, te encontrar\u00e1s esforz\u00e1ndote m\u00e1s por lograr tus objetivos gracias a la nueva motivaci\u00f3n.<\/p>\n<p><strong>Tipo<\/strong>: Dije en Forma de S\u00edmbolo de Amor y Paz.<br \/>\n<strong>Tama\u00f1o<\/strong>: 2.2cm de di\u00e1metro y .5cm de grosor.<br \/>\n<strong>Forma de venta<\/strong>: Por Pieza.<br \/>\n<strong>Forma de entrega<\/strong>: En tienda o Envio por paqueter\u00eda.<\/p>\n<p><strong>Nota<\/strong>: Para cualquier duda sobre este material favor de mandar mensaje de whats app o por correo electr\u00f3nico.<\/p>\n","protected":false},"featured_media":14898,"comment_status":"open","ping_status":"closed","template":"","meta":[],"product_brand":[],"product_cat":[492],"product_tag":[306,256],"class_list":{"0":"post-14902","1":"product","2":"type-product","3":"status-publish","4":"has-post-thumbnail","6":"product_cat-dije-de-piedra-en-forma-del-simbolo-de-amor-y-paz","7":"product_tag-dije","8":"product_tag-piedra-natural","10":"first","11":"instock","12":"taxable","13":"shipping-taxable","14":"product-type-simple"},"_links":{"self":[{"href":"https:\/\/www.intiworld.com\/index.php?rest_route=\/wp\/v2\/product\/14902","targetHints":{"allow":["GET"]}}],"collection":[{"href":"https:\/\/www.intiworld.com\/index.php?rest_route=\/wp\/v2\/product"}],"about":[{"href":"https:\/\/www.intiworld.com\/index.php?rest_route=\/wp\/v2\/types\/product"}],"replies":[{"embeddable":true,"href":"https:\/\/www.intiworld.com\/index.php?rest_route=%2Fwp%2Fv2%2Fcomments&post=14902"}],"version-history":[{"count":1,"href":"https:\/\/www.intiworld.com\/index.php?rest_route=\/wp\/v2\/product\/14902\/revisions"}],"predecessor-version":[{"id":14903,"href":"https:\/\/www.intiworld.com\/index.php?rest_route=\/wp\/v2\/product\/14902\/revisions\/14903"}],"wp:featuredmedia":[{"embeddable":true,"href":"https:\/\/www.intiworld.com\/index.php?rest_route=\/wp\/v2\/media\/14898"}],"wp:attachment":[{"href":"https:\/\/www.intiworld.com\/index.php?rest_route=%2Fwp%2Fv2%2Fmedia&parent=14902"}],"wp:term":[{"taxonomy":"product_brand","embeddable":true,"href":"https:\/\/www.intiworld.com\/index.php?rest_route=%2Fwp%2Fv2%2Fproduct_brand&post=14902"},{"taxonomy":"product_cat","embeddable":true,"href":"https:\/\/www.intiworld.com\/index.php?rest_route=%2Fwp%2Fv2%2Fproduct_cat&post=14902"},{"taxonomy":"product_tag","embeddable":true,"href":"https:\/\/www.intiworld.com\/index.php?rest_route=%2Fwp%2Fv2%2Fproduct_tag&post=14902"}],"curies":[{"name":"wp","href":"https:\/\/api.w.org\/{rel}","templated":true}]}}