{"id":14807,"date":"2025-03-26T23:51:36","date_gmt":"2025-03-26T23:51:36","guid":{"rendered":"https:\/\/www.intiworld.com\/?post_type=product&#038;p=14807"},"modified":"2025-03-26T23:52:23","modified_gmt":"2025-03-26T23:52:23","slug":"dije-de-piedra-sangre-en-forma-punta-facetada-mini","status":"publish","type":"product","link":"https:\/\/www.intiworld.com\/?product=dije-de-piedra-sangre-en-forma-punta-facetada-mini","title":{"rendered":"Dije de piedra sangre en forma punta facetada mini"},"content":{"rendered":"","protected":false},"excerpt":{"rendered":"<p><strong>Mineral:<\/strong>\u00a0Piedra Sangre.<br \/>\n<strong>Composici\u00f3n:\u00a0<\/strong>SiO<sub>2.<\/sub><strong><br \/>\nGrupo:\u00a0<\/strong>Microcristalino.<strong><br \/>\nDureza:\u00a0<\/strong>6.5 \u2013<strong>\u00a07<\/strong>\u00a0Escala Mhos.<strong><br \/>\nPropiedades Espirituales<\/strong>: Atrae la buena fortuna y la abundancia al mismo tiempo que equilibra y alinea las energ\u00edas. Purifica y revitaliza cuerpo y esp\u00edritu y es beneficioso para el desarrollo de la intuici\u00f3n y la creatividad as\u00ed como para la toma de buenas decisiones cuando estas son complicadas en los momentos de conflictos o de peligro.<\/p>\n<p><strong>Tipo<\/strong>: Dije en Forma de Punta Facetada Mini.<br \/>\n<strong>Tama\u00f1o<\/strong>: .9cm de ancho x 2.2 cm de alto + 1cm de colgante de metal.<br \/>\n<strong>Forma de venta<\/strong>: Por Pieza.<br \/>\n<strong>Forma de entrega<\/strong>: En tienda o Envio por paqueter\u00eda.<\/p>\n<p><strong>Nota<\/strong>: Para cualquier duda sobre este material favor de mandar mensaje de whats app o por correo electr\u00f3nico.<\/p>\n","protected":false},"featured_media":14771,"comment_status":"open","ping_status":"closed","template":"","meta":[],"product_brand":[],"product_cat":[488],"product_tag":[306,256],"class_list":{"0":"post-14807","1":"product","2":"type-product","3":"status-publish","4":"has-post-thumbnail","6":"product_cat-dije-de-piedra-en-forma-de-punta-facetada-mini","7":"product_tag-dije","8":"product_tag-piedra-natural","10":"first","11":"instock","12":"taxable","13":"shipping-taxable","14":"product-type-simple"},"_links":{"self":[{"href":"https:\/\/www.intiworld.com\/index.php?rest_route=\/wp\/v2\/product\/14807","targetHints":{"allow":["GET"]}}],"collection":[{"href":"https:\/\/www.intiworld.com\/index.php?rest_route=\/wp\/v2\/product"}],"about":[{"href":"https:\/\/www.intiworld.com\/index.php?rest_route=\/wp\/v2\/types\/product"}],"replies":[{"embeddable":true,"href":"https:\/\/www.intiworld.com\/index.php?rest_route=%2Fwp%2Fv2%2Fcomments&post=14807"}],"version-history":[{"count":1,"href":"https:\/\/www.intiworld.com\/index.php?rest_route=\/wp\/v2\/product\/14807\/revisions"}],"predecessor-version":[{"id":14808,"href":"https:\/\/www.intiworld.com\/index.php?rest_route=\/wp\/v2\/product\/14807\/revisions\/14808"}],"wp:featuredmedia":[{"embeddable":true,"href":"https:\/\/www.intiworld.com\/index.php?rest_route=\/wp\/v2\/media\/14771"}],"wp:attachment":[{"href":"https:\/\/www.intiworld.com\/index.php?rest_route=%2Fwp%2Fv2%2Fmedia&parent=14807"}],"wp:term":[{"taxonomy":"product_brand","embeddable":true,"href":"https:\/\/www.intiworld.com\/index.php?rest_route=%2Fwp%2Fv2%2Fproduct_brand&post=14807"},{"taxonomy":"product_cat","embeddable":true,"href":"https:\/\/www.intiworld.com\/index.php?rest_route=%2Fwp%2Fv2%2Fproduct_cat&post=14807"},{"taxonomy":"product_tag","embeddable":true,"href":"https:\/\/www.intiworld.com\/index.php?rest_route=%2Fwp%2Fv2%2Fproduct_tag&post=14807"}],"curies":[{"name":"wp","href":"https:\/\/api.w.org\/{rel}","templated":true}]}}