{"id":14642,"date":"2025-03-24T22:46:02","date_gmt":"2025-03-24T22:46:02","guid":{"rendered":"https:\/\/www.intiworld.com\/?post_type=product&#038;p=14642"},"modified":"2025-03-24T22:46:40","modified_gmt":"2025-03-24T22:46:40","slug":"esfera-de-cuarzo-cherry-de-25mm","status":"publish","type":"product","link":"https:\/\/www.intiworld.com\/?product=esfera-de-cuarzo-cherry-de-25mm","title":{"rendered":"Esfera de cuarzo cherry de 25mm"},"content":{"rendered":"","protected":false},"excerpt":{"rendered":"<p><strong>Mineral:<\/strong>\u00a0Cuarzo Cherry.<br \/>\n<strong>Composici\u00f3n:\u00a0<\/strong>SiO\u00b2.<strong><br \/>\nGrupo:\u00a0<\/strong>Silicatos.<strong><br \/>\nDureza:<\/strong>\u00a07 Escala Mhos.<strong><br \/>\nPropiedades Espirituales<\/strong>: El cuarzo cereza promueve una sensaci\u00f3n de amor y alegr\u00eda. Tambi\u00e9n anima al usuario a ser m\u00e1s humor\u00edstico y desenfadado. Este \u00faltimo encuentra una armon\u00eda interior m\u00e1s amplificada. Su compasi\u00f3n, autoayuda, empat\u00eda y cualidad altruista tambi\u00e9n se ven afectadas positivamente. Se vuelve m\u00e1s tolerante y menos susceptible a la depresi\u00f3n.<\/p>\n<p><strong>Tipo<\/strong>: Esfera.<br \/>\n<strong>Tama\u00f1o<\/strong>: 25mm de Di\u00e1metro.<br \/>\n<strong>Forma de venta<\/strong>: Por Pieza.<br \/>\n<strong>Forma de entrega<\/strong>: En tienda o Envio por paqueter\u00eda.<\/p>\n<p><strong>Nota<\/strong>: Para cualquier duda sobre este material favor de mandar mensaje de whats app o por correo electr\u00f3nico.<\/p>\n","protected":false},"featured_media":14611,"comment_status":"open","ping_status":"closed","template":"","meta":[],"product_brand":[],"product_cat":[484],"product_tag":[306,256],"class_list":{"0":"post-14642","1":"product","2":"type-product","3":"status-publish","4":"has-post-thumbnail","6":"product_cat-esfera-de-piedra-natural-de-25mm","7":"product_tag-dije","8":"product_tag-piedra-natural","10":"first","11":"instock","12":"taxable","13":"shipping-taxable","14":"product-type-simple"},"_links":{"self":[{"href":"https:\/\/www.intiworld.com\/index.php?rest_route=\/wp\/v2\/product\/14642","targetHints":{"allow":["GET"]}}],"collection":[{"href":"https:\/\/www.intiworld.com\/index.php?rest_route=\/wp\/v2\/product"}],"about":[{"href":"https:\/\/www.intiworld.com\/index.php?rest_route=\/wp\/v2\/types\/product"}],"replies":[{"embeddable":true,"href":"https:\/\/www.intiworld.com\/index.php?rest_route=%2Fwp%2Fv2%2Fcomments&post=14642"}],"version-history":[{"count":2,"href":"https:\/\/www.intiworld.com\/index.php?rest_route=\/wp\/v2\/product\/14642\/revisions"}],"predecessor-version":[{"id":14644,"href":"https:\/\/www.intiworld.com\/index.php?rest_route=\/wp\/v2\/product\/14642\/revisions\/14644"}],"wp:featuredmedia":[{"embeddable":true,"href":"https:\/\/www.intiworld.com\/index.php?rest_route=\/wp\/v2\/media\/14611"}],"wp:attachment":[{"href":"https:\/\/www.intiworld.com\/index.php?rest_route=%2Fwp%2Fv2%2Fmedia&parent=14642"}],"wp:term":[{"taxonomy":"product_brand","embeddable":true,"href":"https:\/\/www.intiworld.com\/index.php?rest_route=%2Fwp%2Fv2%2Fproduct_brand&post=14642"},{"taxonomy":"product_cat","embeddable":true,"href":"https:\/\/www.intiworld.com\/index.php?rest_route=%2Fwp%2Fv2%2Fproduct_cat&post=14642"},{"taxonomy":"product_tag","embeddable":true,"href":"https:\/\/www.intiworld.com\/index.php?rest_route=%2Fwp%2Fv2%2Fproduct_tag&post=14642"}],"curies":[{"name":"wp","href":"https:\/\/api.w.org\/{rel}","templated":true}]}}