{"id":14574,"date":"2025-03-24T19:29:59","date_gmt":"2025-03-24T19:29:59","guid":{"rendered":"https:\/\/www.intiworld.com\/?post_type=product&#038;p=14574"},"modified":"2025-03-24T19:49:22","modified_gmt":"2025-03-24T19:49:22","slug":"dije-pendulo-facetado-chico-de-cuarzo-citrino","status":"publish","type":"product","link":"https:\/\/www.intiworld.com\/?product=dije-pendulo-facetado-chico-de-cuarzo-citrino","title":{"rendered":"Dije p\u00e9ndulo facetado chico de cuarzo citrino"},"content":{"rendered":"","protected":false},"excerpt":{"rendered":"<p><strong>Mineral:<\/strong>\u00a0Citrino.<br \/>\n<strong>Composici\u00f3n:\u00a0<\/strong>SiO<sub>2<\/sub><strong><br \/>\nGrupo:\u00a0<\/strong>Silicatos \u2013 tectosilicatos<strong><br \/>\nDureza: 7<\/strong>\u00a0Escala Mhos.<strong><br \/>\nPropiedades Espirituales<\/strong>: Las principales caracter\u00edsticas de la\u00a0<strong>piedra citrino<\/strong>\u00a0en\u00a0litoterapia\u00a0son la alegr\u00eda de vivir y la abundancia. Esta piedra de riqueza favorece el equilibrio de las energ\u00edas as\u00ed como la concentraci\u00f3n. Es energizante y desarrolla fuertemente la creatividad. Como tal, es una de las piedras con poca o ninguna necesidad de limpieza y recarga porque absorbe y elimina la energ\u00eda negativa. Protege su entorno y purifica a la persona que est\u00e1 en contacto con \u00e9l, ya sea a trav\u00e9s de una pulsera citrino u otra.<\/p>\n<p><strong>Tipo<\/strong>: Dije P\u00e9ndulo Facetado Chico.<br \/>\n<strong>Tama\u00f1o<\/strong>: 1.5cm de ancho x 2.2cm de largo + 1cm de colgante de metal.<br \/>\n<strong>Forma de venta<\/strong>: Por Pieza.<br \/>\n<strong>Forma de entrega<\/strong>: En tienda o Envio por paqueter\u00eda.<\/p>\n<p><strong>Nota<\/strong>: Para cualquier duda sobre este material favor de mandar mensaje de whats app o por correo electr\u00f3nico.<\/p>\n","protected":false},"featured_media":14561,"comment_status":"open","ping_status":"closed","template":"","meta":[],"product_brand":[],"product_cat":[483],"product_tag":[306,256],"class_list":{"0":"post-14574","1":"product","2":"type-product","3":"status-publish","4":"has-post-thumbnail","6":"product_cat-dije-pendulo-chico-facetado-de-diferentes-piedras","7":"product_tag-dije","8":"product_tag-piedra-natural","10":"first","11":"instock","12":"taxable","13":"shipping-taxable","14":"product-type-simple"},"_links":{"self":[{"href":"https:\/\/www.intiworld.com\/index.php?rest_route=\/wp\/v2\/product\/14574","targetHints":{"allow":["GET"]}}],"collection":[{"href":"https:\/\/www.intiworld.com\/index.php?rest_route=\/wp\/v2\/product"}],"about":[{"href":"https:\/\/www.intiworld.com\/index.php?rest_route=\/wp\/v2\/types\/product"}],"replies":[{"embeddable":true,"href":"https:\/\/www.intiworld.com\/index.php?rest_route=%2Fwp%2Fv2%2Fcomments&post=14574"}],"version-history":[{"count":1,"href":"https:\/\/www.intiworld.com\/index.php?rest_route=\/wp\/v2\/product\/14574\/revisions"}],"predecessor-version":[{"id":14575,"href":"https:\/\/www.intiworld.com\/index.php?rest_route=\/wp\/v2\/product\/14574\/revisions\/14575"}],"wp:featuredmedia":[{"embeddable":true,"href":"https:\/\/www.intiworld.com\/index.php?rest_route=\/wp\/v2\/media\/14561"}],"wp:attachment":[{"href":"https:\/\/www.intiworld.com\/index.php?rest_route=%2Fwp%2Fv2%2Fmedia&parent=14574"}],"wp:term":[{"taxonomy":"product_brand","embeddable":true,"href":"https:\/\/www.intiworld.com\/index.php?rest_route=%2Fwp%2Fv2%2Fproduct_brand&post=14574"},{"taxonomy":"product_cat","embeddable":true,"href":"https:\/\/www.intiworld.com\/index.php?rest_route=%2Fwp%2Fv2%2Fproduct_cat&post=14574"},{"taxonomy":"product_tag","embeddable":true,"href":"https:\/\/www.intiworld.com\/index.php?rest_route=%2Fwp%2Fv2%2Fproduct_tag&post=14574"}],"curies":[{"name":"wp","href":"https:\/\/api.w.org\/{rel}","templated":true}]}}