{"id":14445,"date":"2025-03-18T21:04:33","date_gmt":"2025-03-18T21:04:33","guid":{"rendered":"https:\/\/www.intiworld.com\/?post_type=product&#038;p=14445"},"modified":"2025-03-18T21:07:15","modified_gmt":"2025-03-18T21:07:15","slug":"dije-forma-de-buda-de-piedra-malaquita","status":"publish","type":"product","link":"https:\/\/www.intiworld.com\/?product=dije-forma-de-buda-de-piedra-malaquita","title":{"rendered":"Dije forma de buda de piedra malaquita"},"content":{"rendered":"","protected":false},"excerpt":{"rendered":"<p><strong>Mineral:\u00a0<\/strong>Malaquita.<br \/>\n<strong>Composici\u00f3n:\u00a0<\/strong>CU2CO3(OH)2<sub>.<\/sub><strong><br \/>\nGrupo:\u00a0<\/strong>Carbonatos.<strong><br \/>\nDureza:\u00a0<\/strong>3.5 \u2013 4\u00a0Escala Mhos.<strong><br \/>\nPropiedades Espirituales<\/strong>: La\u00a0<strong>malaquita<\/strong>\u00a0es una piedra de transformaci\u00f3n, limpieza y sanaci\u00f3n. De energ\u00eda intensa, combina bien con el\u00a0<span class=\"own-inside-link\">cuarzo rosa<\/span>\u00a0o el\u00a0<span class=\"own-inside-link\">cuarzo verde<\/span>, piedras m\u00e1s suaves que colocadas juntas en el 4\u00ba chakra, a la altura del coraz\u00f3n, favorecen la sanaci\u00f3n en un nivel hol\u00edstico, abriendo el coraz\u00f3n y aportando armon\u00eda y equilibrio.<\/p>\n<p><strong>Tipo<\/strong>: Dije tipo Buda.<br \/>\n<strong>Tama\u00f1o<\/strong>: 2cm de ancho x 2.5cm de largo.<br \/>\n<strong>Forma de venta<\/strong>: Por Pieza.<br \/>\n<strong>Forma de entrega<\/strong>: En tienda o Envio por paqueter\u00eda.<\/p>\n<p><strong>Nota<\/strong>: Para cualquier duda sobre este material favor de mandar mensaje de whats app o por correo electr\u00f3nico.<\/p>\n","protected":false},"featured_media":14427,"comment_status":"open","ping_status":"closed","template":"","meta":[],"product_brand":[],"product_cat":[480],"product_tag":[306,256],"class_list":{"0":"post-14445","1":"product","2":"type-product","3":"status-publish","4":"has-post-thumbnail","6":"product_cat-dije-de-piedra-en-forma-de-buda","7":"product_tag-dije","8":"product_tag-piedra-natural","10":"first","11":"instock","12":"taxable","13":"shipping-taxable","14":"product-type-simple"},"_links":{"self":[{"href":"https:\/\/www.intiworld.com\/index.php?rest_route=\/wp\/v2\/product\/14445","targetHints":{"allow":["GET"]}}],"collection":[{"href":"https:\/\/www.intiworld.com\/index.php?rest_route=\/wp\/v2\/product"}],"about":[{"href":"https:\/\/www.intiworld.com\/index.php?rest_route=\/wp\/v2\/types\/product"}],"replies":[{"embeddable":true,"href":"https:\/\/www.intiworld.com\/index.php?rest_route=%2Fwp%2Fv2%2Fcomments&post=14445"}],"version-history":[{"count":1,"href":"https:\/\/www.intiworld.com\/index.php?rest_route=\/wp\/v2\/product\/14445\/revisions"}],"predecessor-version":[{"id":14446,"href":"https:\/\/www.intiworld.com\/index.php?rest_route=\/wp\/v2\/product\/14445\/revisions\/14446"}],"wp:featuredmedia":[{"embeddable":true,"href":"https:\/\/www.intiworld.com\/index.php?rest_route=\/wp\/v2\/media\/14427"}],"wp:attachment":[{"href":"https:\/\/www.intiworld.com\/index.php?rest_route=%2Fwp%2Fv2%2Fmedia&parent=14445"}],"wp:term":[{"taxonomy":"product_brand","embeddable":true,"href":"https:\/\/www.intiworld.com\/index.php?rest_route=%2Fwp%2Fv2%2Fproduct_brand&post=14445"},{"taxonomy":"product_cat","embeddable":true,"href":"https:\/\/www.intiworld.com\/index.php?rest_route=%2Fwp%2Fv2%2Fproduct_cat&post=14445"},{"taxonomy":"product_tag","embeddable":true,"href":"https:\/\/www.intiworld.com\/index.php?rest_route=%2Fwp%2Fv2%2Fproduct_tag&post=14445"}],"curies":[{"name":"wp","href":"https:\/\/api.w.org\/{rel}","templated":true}]}}