{"id":14296,"date":"2025-03-12T22:10:14","date_gmt":"2025-03-12T22:10:14","guid":{"rendered":"https:\/\/www.intiworld.com\/?post_type=product&#038;p=14296"},"modified":"2025-03-12T22:12:05","modified_gmt":"2025-03-12T22:12:05","slug":"aretes-de-laton-con-piedra-jade","status":"publish","type":"product","link":"https:\/\/www.intiworld.com\/?product=aretes-de-laton-con-piedra-jade","title":{"rendered":"Aretes de lat\u00f3n con piedra jade"},"content":{"rendered":"","protected":false},"excerpt":{"rendered":"<div class=\"elementor elementor-129 elementor-location-single post-8218 product type-product status-publish has-post-thumbnail product_cat-tiras-de-piedra-amorfa first instock taxable shipping-taxable product-type-simple product\" data-elementor-type=\"product\" data-elementor-id=\"129\" data-elementor-post-type=\"elementor_library\">\n<section class=\"elementor-section elementor-top-section elementor-element elementor-element-4c9a5a07 elementor-section-boxed elementor-section-height-default elementor-section-height-default\" data-id=\"4c9a5a07\" data-element_type=\"section\">\n<div class=\"elementor-container elementor-column-gap-default\">\n<div class=\"elementor-column elementor-col-50 elementor-top-column elementor-element elementor-element-33ea650d\" data-id=\"33ea650d\" data-element_type=\"column\">\n<div class=\"elementor-widget-wrap elementor-element-populated\">\n<div class=\"elementor-element elementor-element-38f5b418 elementor-widget elementor-widget-woocommerce-product-short-description\" data-id=\"38f5b418\" data-element_type=\"widget\" data-widget_type=\"woocommerce-product-short-description.default\">\n<div class=\"elementor-widget-container\">\n<div class=\"woocommerce-product-details__short-description\">\n<p><strong>Mineral:\u00a0<\/strong>Jade.<br \/>\n<strong>Composici\u00f3n:\u00a0<\/strong>Ca2 |Mg,Fe| 5 |Si8O22| |OH|2.<strong><br \/>\nGrupo:<\/strong>Silicatos \u2013 inosilicatos.<strong><br \/>\nDureza:\u00a0<\/strong>6.5 Escala Mhos.<strong><br \/>\nPropiedades Espirituales<\/strong>: El\u00a0<strong>jade verde<\/strong>\u00a0es muy valorado en Oriente por ser un s\u00edmbolo de pureza, serenidad y sabidur\u00eda. Tambi\u00e9n es apreciado por chamanes y terapeutas como piedra medicina. El\u00a0<strong>jade verde<\/strong>\u00a0se relaciona con el chakra coraz\u00f3n, con el amor y la armon\u00eda. Se considera un mineral que emite calma y proporciona limpieza y protecci\u00f3n.<\/p>\n<p><strong>Tipo<\/strong>: Aretes.<br \/>\n<strong>Material<\/strong>: Lat\u00f3n<br \/>\n<strong>Forma de venta<\/strong>: Por Pieza.<br \/>\n<strong>Forma de entrega<\/strong>: En tienda o Envio por paqueter\u00eda.<\/p>\n<p><strong>Nota<\/strong>: Cualquier duda sobre este articulo favor de mandar mensaje de whats app o mandar correo electr\u00f3nico.<\/p>\n<\/div>\n<\/div>\n<\/div>\n<\/div>\n<\/div>\n<\/div>\n<\/section>\n<\/div>\n","protected":false},"featured_media":13585,"comment_status":"open","ping_status":"closed","template":"","meta":[],"product_brand":[],"product_cat":[463],"product_tag":[464,229],"class_list":{"0":"post-14296","1":"product","2":"type-product","3":"status-publish","4":"has-post-thumbnail","6":"product_cat-aretes-de-laton-con-piedra-natural","7":"product_tag-aretes","8":"product_tag-piedra","10":"first","11":"instock","12":"taxable","13":"shipping-taxable","14":"product-type-simple"},"_links":{"self":[{"href":"https:\/\/www.intiworld.com\/index.php?rest_route=\/wp\/v2\/product\/14296","targetHints":{"allow":["GET"]}}],"collection":[{"href":"https:\/\/www.intiworld.com\/index.php?rest_route=\/wp\/v2\/product"}],"about":[{"href":"https:\/\/www.intiworld.com\/index.php?rest_route=\/wp\/v2\/types\/product"}],"replies":[{"embeddable":true,"href":"https:\/\/www.intiworld.com\/index.php?rest_route=%2Fwp%2Fv2%2Fcomments&post=14296"}],"version-history":[{"count":1,"href":"https:\/\/www.intiworld.com\/index.php?rest_route=\/wp\/v2\/product\/14296\/revisions"}],"predecessor-version":[{"id":14297,"href":"https:\/\/www.intiworld.com\/index.php?rest_route=\/wp\/v2\/product\/14296\/revisions\/14297"}],"wp:featuredmedia":[{"embeddable":true,"href":"https:\/\/www.intiworld.com\/index.php?rest_route=\/wp\/v2\/media\/13585"}],"wp:attachment":[{"href":"https:\/\/www.intiworld.com\/index.php?rest_route=%2Fwp%2Fv2%2Fmedia&parent=14296"}],"wp:term":[{"taxonomy":"product_brand","embeddable":true,"href":"https:\/\/www.intiworld.com\/index.php?rest_route=%2Fwp%2Fv2%2Fproduct_brand&post=14296"},{"taxonomy":"product_cat","embeddable":true,"href":"https:\/\/www.intiworld.com\/index.php?rest_route=%2Fwp%2Fv2%2Fproduct_cat&post=14296"},{"taxonomy":"product_tag","embeddable":true,"href":"https:\/\/www.intiworld.com\/index.php?rest_route=%2Fwp%2Fv2%2Fproduct_tag&post=14296"}],"curies":[{"name":"wp","href":"https:\/\/api.w.org\/{rel}","templated":true}]}}