{"id":14283,"date":"2025-03-12T20:59:11","date_gmt":"2025-03-12T20:59:11","guid":{"rendered":"https:\/\/www.intiworld.com\/?post_type=product&#038;p=14283"},"modified":"2025-03-12T22:01:21","modified_gmt":"2025-03-12T22:01:21","slug":"pulsera-de-onix-con-piedra-azurita","status":"publish","type":"product","link":"https:\/\/www.intiworld.com\/?product=pulsera-de-onix-con-piedra-azurita","title":{"rendered":"Pulsera de \u00f3nix con piedra azurita"},"content":{"rendered":"","protected":false},"excerpt":{"rendered":"<p><strong>Mineral: <\/strong>Azurita.<br \/>\n<strong>Composici\u00f3n:\u00a0<\/strong>Cu3 | CO3| 2 |OH|2<sub><br \/>\n<\/sub><strong>Grupo: <\/strong>Monocl\u00ednico.<br \/>\n<strong>Dureza:<\/strong> 3.5 \u2013 4 Escala Mhos.<strong><br \/>\nPropiedades Espirituales<\/strong>: La\u00a0<strong>azurita<\/strong>\u00a0se considera una piedra de desarrollo personal y espiritual. Se dice que posee una frecuencia vibratoria intensa que puede ayudar a deshacer estructuras mentales y emocionales limitantes. Potencia la intuici\u00f3n y favorece el estado meditativo. La\u00a0<strong>azurita<\/strong>\u00a0se utiliza para calmar el estr\u00e9s y la preocupaci\u00f3n, as\u00ed como para fomentar la comprensi\u00f3n y la claridad de pensamiento.<\/p>\n<p><strong>Tipo<\/strong>: Pulsera el\u00e1stica.<br \/>\n<strong>Tama\u00f1o de cuenta de piedra<\/strong>: 8mm.<br \/>\n<strong>Tama\u00f1o<\/strong>: 19 cm de largo.<br \/>\n<strong>Forma de venta<\/strong>: Por Pieza.<br \/>\n<strong>Forma de entrega<\/strong>: En tienda o Envio por paqueter\u00eda.<\/p>\n<p><strong>Nota<\/strong>: Para cualquier duda sobre este material favor de mandar mensaje de whats app o por correo electr\u00f3nico.<\/p>\n","protected":false},"featured_media":13621,"comment_status":"open","ping_status":"closed","template":"","meta":[],"product_brand":[],"product_cat":[465],"product_tag":[229,349],"class_list":{"0":"post-14283","1":"product","2":"type-product","3":"status-publish","4":"has-post-thumbnail","6":"product_cat-pulseras-de-onix-con-piedras-naturales","7":"product_tag-piedra","8":"product_tag-pulsera","10":"first","11":"instock","12":"taxable","13":"shipping-taxable","14":"product-type-simple"},"_links":{"self":[{"href":"https:\/\/www.intiworld.com\/index.php?rest_route=\/wp\/v2\/product\/14283","targetHints":{"allow":["GET"]}}],"collection":[{"href":"https:\/\/www.intiworld.com\/index.php?rest_route=\/wp\/v2\/product"}],"about":[{"href":"https:\/\/www.intiworld.com\/index.php?rest_route=\/wp\/v2\/types\/product"}],"replies":[{"embeddable":true,"href":"https:\/\/www.intiworld.com\/index.php?rest_route=%2Fwp%2Fv2%2Fcomments&post=14283"}],"version-history":[{"count":4,"href":"https:\/\/www.intiworld.com\/index.php?rest_route=\/wp\/v2\/product\/14283\/revisions"}],"predecessor-version":[{"id":14287,"href":"https:\/\/www.intiworld.com\/index.php?rest_route=\/wp\/v2\/product\/14283\/revisions\/14287"}],"wp:featuredmedia":[{"embeddable":true,"href":"https:\/\/www.intiworld.com\/index.php?rest_route=\/wp\/v2\/media\/13621"}],"wp:attachment":[{"href":"https:\/\/www.intiworld.com\/index.php?rest_route=%2Fwp%2Fv2%2Fmedia&parent=14283"}],"wp:term":[{"taxonomy":"product_brand","embeddable":true,"href":"https:\/\/www.intiworld.com\/index.php?rest_route=%2Fwp%2Fv2%2Fproduct_brand&post=14283"},{"taxonomy":"product_cat","embeddable":true,"href":"https:\/\/www.intiworld.com\/index.php?rest_route=%2Fwp%2Fv2%2Fproduct_cat&post=14283"},{"taxonomy":"product_tag","embeddable":true,"href":"https:\/\/www.intiworld.com\/index.php?rest_route=%2Fwp%2Fv2%2Fproduct_tag&post=14283"}],"curies":[{"name":"wp","href":"https:\/\/api.w.org\/{rel}","templated":true}]}}