{"id":14269,"date":"2025-03-12T20:50:35","date_gmt":"2025-03-12T20:50:35","guid":{"rendered":"https:\/\/www.intiworld.com\/?post_type=product&#038;p=14269"},"modified":"2025-03-12T20:55:19","modified_gmt":"2025-03-12T20:55:19","slug":"pulsera-de-onix-con-piedra-unakita","status":"publish","type":"product","link":"https:\/\/www.intiworld.com\/?product=pulsera-de-onix-con-piedra-unakita","title":{"rendered":"Pulsera de \u00f3nix con piedra unakita"},"content":{"rendered":"","protected":false},"excerpt":{"rendered":"<p><strong>Mineral:\u00a0<\/strong>Unakita.<br \/>\n<strong>Composici\u00f3n:<\/strong> Ca2AI6 |Fe,AI| |SIO4| |SI2O7| O |OH|.<sub><br \/>\n<\/sub><strong>Grupo:<\/strong>Silicatos &#8211; sorosilicatos.<br \/>\n<strong>Dureza:\u00a0<\/strong>6 &#8211; 7 Escala Mhos.<strong><br \/>\nPropiedades Espirituales<\/strong>: La\u00a0<strong>unakita<\/strong>\u00a0se considera una piedra de visi\u00f3n y transformaci\u00f3n. Se asocia al chakra coraz\u00f3n por su color verde y rosa. Aporta equilibrio y favorece la sanaci\u00f3n f\u00edsica y energ\u00e9tica. La\u00a0<strong>unakita<\/strong>\u00a0ayuda a limpiar bloqueos del pasado con una energ\u00eda suave, permitiendo potenciar el crecimiento personal y espiritual.<\/p>\n<p><strong>Tipo<\/strong>: Pulsera el\u00e1stica.<br \/>\n<strong>Tama\u00f1o de cuenta de piedra<\/strong>: 8mm.<br \/>\n<strong>Tama\u00f1o<\/strong>: 19 cm de largo.<br \/>\n<strong>Forma de venta<\/strong>: Por Pieza.<br \/>\n<strong>Forma de entrega<\/strong>: En tienda o Envio por paqueter\u00eda.<\/p>\n<p><strong>Nota<\/strong>: Para cualquier duda sobre este material favor de mandar mensaje de whats app o por correo electr\u00f3nico.<\/p>\n","protected":false},"featured_media":13733,"comment_status":"open","ping_status":"closed","template":"","meta":[],"product_brand":[],"product_cat":[466],"product_tag":[229,349],"class_list":{"0":"post-14269","1":"product","2":"type-product","3":"status-publish","4":"has-post-thumbnail","6":"product_cat-pulseras-de-onix-con-piedras-naturales-premium","7":"product_tag-piedra","8":"product_tag-pulsera","10":"first","11":"instock","12":"taxable","13":"shipping-taxable","14":"product-type-simple"},"_links":{"self":[{"href":"https:\/\/www.intiworld.com\/index.php?rest_route=\/wp\/v2\/product\/14269","targetHints":{"allow":["GET"]}}],"collection":[{"href":"https:\/\/www.intiworld.com\/index.php?rest_route=\/wp\/v2\/product"}],"about":[{"href":"https:\/\/www.intiworld.com\/index.php?rest_route=\/wp\/v2\/types\/product"}],"replies":[{"embeddable":true,"href":"https:\/\/www.intiworld.com\/index.php?rest_route=%2Fwp%2Fv2%2Fcomments&post=14269"}],"version-history":[{"count":5,"href":"https:\/\/www.intiworld.com\/index.php?rest_route=\/wp\/v2\/product\/14269\/revisions"}],"predecessor-version":[{"id":14274,"href":"https:\/\/www.intiworld.com\/index.php?rest_route=\/wp\/v2\/product\/14269\/revisions\/14274"}],"wp:featuredmedia":[{"embeddable":true,"href":"https:\/\/www.intiworld.com\/index.php?rest_route=\/wp\/v2\/media\/13733"}],"wp:attachment":[{"href":"https:\/\/www.intiworld.com\/index.php?rest_route=%2Fwp%2Fv2%2Fmedia&parent=14269"}],"wp:term":[{"taxonomy":"product_brand","embeddable":true,"href":"https:\/\/www.intiworld.com\/index.php?rest_route=%2Fwp%2Fv2%2Fproduct_brand&post=14269"},{"taxonomy":"product_cat","embeddable":true,"href":"https:\/\/www.intiworld.com\/index.php?rest_route=%2Fwp%2Fv2%2Fproduct_cat&post=14269"},{"taxonomy":"product_tag","embeddable":true,"href":"https:\/\/www.intiworld.com\/index.php?rest_route=%2Fwp%2Fv2%2Fproduct_tag&post=14269"}],"curies":[{"name":"wp","href":"https:\/\/api.w.org\/{rel}","templated":true}]}}